{"id":3190,"date":"2021-04-13T10:50:08","date_gmt":"2021-04-13T08:50:08","guid":{"rendered":"https:\/\/www.lesmerveillesdupacifique.com\/?page_id=3190"},"modified":"2025-04-14T11:47:20","modified_gmt":"2025-04-14T09:47:20","slug":"5-etapes-de-la-formation-de-la-perle","status":"publish","type":"page","link":"https:\/\/www.lesmerveillesdupacifique.com\/es\/5-etapes-de-la-formation-de-la-perle\/","title":{"rendered":"Les 5 \u00e9tapes de la formation de la perle"},"content":{"rendered":"<p>[vc_row][vc_column][vc_column_text][\/vc_column_text][\/vc_column][\/vc_row][vc_section full_width=\u00bbstretch_row\u00bb full_height=\u00bbyes\u00bb content_placement=\u00bbmiddle\u00bb css=\u00bb.vc_custom_1618839761918{background-image: url(https:\/\/www.lesmerveillesdupacifique.com\/wp-content\/uploads\/2018\/07\/home-1.jpg?id=690) !important;background-position: center !important;background-repeat: no-repeat !important;background-size: cover !important;}\u00bb el_class=\u00bbripple-it\u00bb][vc_row][vc_column width=\u00bb1\/4&#8243;][\/vc_column][vc_column width=\u00bb1\/2&#8243;][vc_column_text el_class=\u00bbwhite-box-hero\u00bb]<\/p>\n<h1 style=\"text-align: center;\">La formation de la perle de Tahiti<\/h1>\n<p><span class=\"JsGRdQ\">A la diff\u00e9rence des perles fines, les perles de culture engendrent une r\u00e9colte plus importante. Cultiver les perles consistent \u00e0 introduire un \u00e9l\u00e9ment ext\u00e9rieur \u00e0 l&#8217;int\u00e9rieur de l&#8217;hu\u00eetre. Ce processus n\u00e9cessitant la main de l&#8217;homme va permettre \u00e0 l&#8217;hu\u00eetre de se prot\u00e9ger en cr\u00e9ant une couche de nacre autour du corps \u00e9tranger. La formation de la perle de Tahiti se forme en 5 \u00e9tapes :\u00a0<\/span>[\/vc_column_text][\/vc_column][vc_column width=\u00bb1\/4&#8243;][\/vc_column][\/vc_row][\/vc_section][vc_section full_width=\u00bbstretch_row_content\u00bb css=\u00bb.vc_custom_1526544188055{margin: 0px !important;border-width: 0px !important;padding: 0px !important;background-color: #f9f9f9 !important;}\u00bb][vc_row full_width=\u00bbstretch_row_content_no_spaces\u00bb content_placement=\u00bbmiddle\u00bb][vc_column width=\u00bb1\/2&#8243; css=\u00bb.vc_custom_1526542990478{padding-right: 13% !important;padding-left: 13% !important;}\u00bb][vc_column_text]<\/p>\n<h2 style=\"text-align: center;\">1 &#8211; La ressource<\/h2>\n<p><span class=\"JsGRdQ\">La perle de Tahiti est cultiv\u00e9e exclusivement dans les lagons polyn\u00e9siens, dans l\u2019hu\u00eetre \u00e0 l\u00e8vres noires, autrement appel\u00e9e <\/span><span class=\"JsGRdQ\">Pinctada Margaritifera<\/span><span class=\"JsGRdQ\">. Cette appellation d\u00e9signe \u00e0 la fois le tr\u00e9sor et la perle. Elle est excessivement fragile et ne vit que dans quelques lagons du Pacifique. Ce mollusque a la facult\u00e9 de se reproduire facilement de fa\u00e7on r\u00e9guli\u00e8re surtout aux intersaisons.<\/span>[\/vc_column_text][\/vc_column][vc_column width=\u00bb1\/2&#8243;][vc_single_image image=\u00bb161&#8243; img_size=\u00bbfull\u00bb css=\u00bb.vc_custom_1618839294714{margin-bottom: 0px !important;}\u00bb][\/vc_column][\/vc_row][\/vc_section][vc_section full_width=\u00bbstretch_row_content\u00bb css=\u00bb.vc_custom_1526544230546{margin: 0px !important;border-width: 0px !important;padding: 0px !important;background-color: #f9f9f9 !important;}\u00bb][vc_row full_width=\u00bbstretch_row_content_no_spaces\u00bb content_placement=\u00bbmiddle\u00bb][vc_column width=\u00bb1\/2&#8243;][vc_single_image image=\u00bb3193&#8243; img_size=\u00bbfull\u00bb css=\u00bb.vc_custom_1618916027729{margin-bottom: 0px !important;}\u00bb][\/vc_column][vc_column width=\u00bb1\/2&#8243; css=\u00bb.vc_custom_1526543139723{padding-right: 13% !important;padding-left: 13% !important;}\u00bb][vc_column_text]<\/p>\n<h2 style=\"text-align: center;\">2 &#8211; La collecte des naissains<\/h2>\n<p class=\"_04xlpA direction-ltr align-justify para-style-body\"><span class=\"JsGRdQ\">Lors de la p\u00e9riode de ponte des hu\u00eetres, <\/span><span class=\"JsGRdQ\">des collecteurs sont install\u00e9s<\/span><span class=\"JsGRdQ\"> dans le lagon pour permettre aux gam\u00e8tes m\u00e2les et femelles de se m\u00e9langer afin de donner naissance \u00e0 des larves de nacres appel\u00e9es naissains. Ces collecteurs sont des morceaux de plastique noirs accroch\u00e9s \u00e0 des cordes. Cela permet de capter les larves des nacres pour qu&#8217;elles s\u2019accrochent et grandissent.<\/span><\/p>\n<p class=\"_04xlpA direction-ltr align-justify para-style-body\"><span class=\"JsGRdQ\">Une fois les naissains r\u00e9colt\u00e9s, l\u2019op\u00e9ration de <\/span><span class=\"JsGRdQ\">d\u00e9troquage<\/span><span class=\"JsGRdQ\"> d\u00e9bute. Celle-ci consiste \u00e0 retirer les larves (naissains) des collecteurs. Les naissains sont ensuite perc\u00e9s et suspendus par un fil en nylon \u00e0 des cordes appel\u00e9es chapelet qui supporteront 10 \u00e0 20 huitres. Ce fil permet de recr\u00e9er le lien qui unissait le naissain \u00e0 son collecteur.<\/span><\/p>\n<p>[\/vc_column_text][\/vc_column][\/vc_row][\/vc_section][vc_section full_width=\u00bbstretch_row_content\u00bb css=\u00bb.vc_custom_1526544272370{margin: 0px !important;border-width: 0px !important;padding: 0px !important;background-color: #f9f9f9 !important;}\u00bb][vc_row full_width=\u00bbstretch_row_content_no_spaces\u00bb content_placement=\u00bbmiddle\u00bb][vc_column width=\u00bb1\/2&#8243; css=\u00bb.vc_custom_1526543153898{padding-right: 13% !important;padding-left: 13% !important;}\u00bb][vc_column_text]<\/p>\n<h2 style=\"text-align: center;\">3 &#8211; L&#8217;\u00e9levage<\/h2>\n<p class=\"_04xlpA direction-ltr align-justify para-style-body\"><span class=\"JsGRdQ\">L\u2019\u00e9levage des huitres Pinctada Margaritifera requiert une <\/span><span class=\"JsGRdQ\">surveillance optimale<\/span><span class=\"JsGRdQ\"> aussi bien pour leur sant\u00e9 que pour leur protection contre les pr\u00e9dateurs naturels.<\/span><\/p>\n<p class=\"_04xlpA direction-ltr align-justify para-style-body\"><span class=\"JsGRdQ\">Pour favoriser leur croissance, un <\/span><span class=\"JsGRdQ\">nettoyage r\u00e9gulier et minutieux<\/span><span class=\"JsGRdQ\"> est fondamental. Deux \u00e0 quatre fois par an, les huitres sont sorties de l\u2019eau pour \u00eatre nettoy\u00e9es soigneusement (nettoyeur haute pression). Ce travail consiste \u00e0 enlever toutes les coquilles, mollusques et algues qui s\u2019y collent et qui perturbent le bon d\u00e9veloppement de l\u2019hu\u00eetre.<\/span><\/p>\n<p class=\"_04xlpA direction-ltr align-justify para-style-body\"><span class=\"JsGRdQ\">Ce n&#8217;est qu&#8217;au bout de trois ans que les hu\u00eetres pourront \u00eatre greff\u00e9es.<\/span><\/p>\n<p>[\/vc_column_text][\/vc_column][vc_column width=\u00bb1\/2&#8243;][vc_single_image image=\u00bb3196&#8243; img_size=\u00bbfull\u00bb css=\u00bb.vc_custom_1618916011167{margin-bottom: 0px !important;}\u00bb][\/vc_column][\/vc_row][\/vc_section][vc_section full_width=\u00bbstretch_row_content\u00bb css=\u00bb.vc_custom_1526556748513{margin-top: 0px !important;margin-right: 0px !important;margin-bottom: 0px !important;margin-left: 0px !important;border-top-width: 0px !important;border-right-width: 0px !important;border-bottom-width: 0px !important;border-left-width: 0px !important;padding-top: 0px !important;padding-right: 0px !important;padding-bottom: 0px !important;padding-left: 0px !important;background-color: #f9f9f9 !important;}\u00bb][vc_row full_width=\u00bbstretch_row_content_no_spaces\u00bb content_placement=\u00bbmiddle\u00bb][vc_column width=\u00bb1\/2&#8243;][vc_single_image image=\u00bb3247&#8243; img_size=\u00bbfull\u00bb css=\u00bb.vc_custom_1618915996749{margin-bottom: 0px !important;}\u00bb][\/vc_column][vc_column width=\u00bb1\/2&#8243; css=\u00bb.vc_custom_1526543311111{padding-right: 13% !important;padding-left: 13% !important;}\u00bb][vc_column_text]<\/p>\n<h2 style=\"text-align: center;\">4 &#8211; La greffe<\/h2>\n<p class=\"_04xlpA direction-ltr align-justify para-style-body\"><span class=\"JsGRdQ\">Pour obtenir une perle de culture de Tahiti, il est n\u00e9cessaire de proc\u00e9der \u00e0 l&#8217;\u00e9tape de la greffe. Celle-ci consiste \u00e0 faire <\/span><span class=\"JsGRdQ\">une petite incision<\/span><span class=\"JsGRdQ\"> dans la poche perli\u00e8re pour y ins\u00e9rer un greffon et un nucl\u00e9us.<\/span><\/p>\n<ul>\n<li><strong><span class=\"JsGRdQ\">greffon<\/span><\/strong><span class=\"JsGRdQ\"> : morceau de manteau pr\u00e9lev\u00e9 sur une hu\u00eetre donneuse<\/span><\/li>\n<li><strong><span class=\"JsGRdQ\">nucl\u00e9us<\/span><\/strong><span class=\"JsGRdQ\"> : bille issue d&#8217;un morceau de coquillage<\/span><\/li>\n<\/ul>\n<p><span class=\"JsGRdQ\">Suite \u00e0 l&#8217;op\u00e9ration, une p\u00e9riode de 45 jours est n\u00e9cessaire pour savoir s&#8217;il y a eu rejet du nucl\u00e9us ou bien la mort de l&#8217;hu\u00eetre. Si au contraire, le nucl\u00e9us et le greffon sont accept\u00e9s par l&#8217;hu\u00eetre porteuse, cette derni\u00e8re va produire pendant 24 mois une couche de nacre pour se prot\u00e9ger. La nacre doit quant \u00e0 elle, atteindre une \u00e9paisseur <\/span><span class=\"JsGRdQ\">de 0,8 mm minimum<\/span><span class=\"JsGRdQ\"> pour pouvoir \u00eatre commercialis\u00e9e.<\/span><\/p>\n<p class=\"_04xlpA direction-ltr align-justify para-style-body\"><span class=\"JsGRdQ\">De temps en temps, lorsque l&#8217;hu\u00eetre rejette le nucl\u00e9us, le Keshi se forme avec le petit morceau de greffon. Contrairement \u00e0 la perle, le Keshi ne contient pas de noyau sph\u00e9rique.<\/span><\/p>\n<p>[\/vc_column_text][\/vc_column][\/vc_row][\/vc_section][vc_section full_width=\u00bbstretch_row_content\u00bb css=\u00bb.vc_custom_1526556754206{margin-top: 0px !important;margin-right: 0px !important;margin-bottom: 0px !important;margin-left: 0px !important;border-top-width: 0px !important;border-right-width: 0px !important;border-bottom-width: 0px !important;border-left-width: 0px !important;padding-top: 0px !important;padding-right: 0px !important;padding-bottom: 0px !important;padding-left: 0px !important;background-color: #f9f9f9 !important;}\u00bb][vc_row full_width=\u00bbstretch_row_content_no_spaces\u00bb content_placement=\u00bbmiddle\u00bb][vc_column width=\u00bb1\/2&#8243; css=\u00bb.vc_custom_1526554875205{padding-right: 13% !important;padding-left: 13% !important;}\u00bb][vc_column_text]<\/p>\n<h2 style=\"text-align: center;\">5 &#8211; La r\u00e9colte<\/h2>\n<p class=\"_04xlpA direction-ltr align-justify para-style-body\"><span class=\"JsGRdQ\">Apr\u00e8s deux longues ann\u00e9es, les perliculteurs sortent les hu\u00eetres porteuses de l&#8217;eau et font de nouveau appel aux greffeurs pour r\u00e9colter les perles.<\/span><\/p>\n<p class=\"_04xlpA direction-ltr align-justify para-style-body\"><span class=\"JsGRdQ\">Une fois les hu\u00eetres nettoy\u00e9es, le greffeur effectue <\/span><span class=\"JsGRdQ\">une deuxi\u00e8me incision<\/span><span class=\"JsGRdQ\"> pour y sortir la perle ou le Keshi (perle sans noyau). <\/span><span class=\"JsGRdQ\">Si l&#8217;hu\u00eetre m\u00e8re est saine<\/span><span class=\"JsGRdQ\"> et que le greffeur juge la qualit\u00e9 des perles r\u00e9colt\u00e9es satisfaisante, l&#8217;hu\u00eetre est <\/span><span class=\"JsGRdQ\">\u00e0 nouveau greff\u00e9e<\/span><span class=\"JsGRdQ\"> (surgreffe) avec un nucl\u00e9us \u00e0 taille identique.<\/span><\/p>\n<p class=\"_04xlpA direction-ltr align-justify para-style-body\"><span class=\"JsGRdQ\">Si la perle n&#8217;est pas satisfaisante, le processus est arr\u00eat\u00e9 et la nacre sera utiliser dans l&#8217;artisanat ou dans la conception d&#8217;objet de d\u00e9coration etc.<\/span><\/p>\n<p class=\"_04xlpA direction-ltr align-justify para-style-body\"><span class=\"JsGRdQ\">Une fois r\u00e9colt\u00e9es, les perles et les keshis sont rinc\u00e9s puis mis dans un tambour pour les nettoyer et les lustrer.<\/span><\/p>\n<p>[\/vc_column_text][\/vc_column][vc_column width=\u00bb1\/2&#8243;][vc_single_image image=\u00bb3266&#8243; img_size=\u00bbfull\u00bb css=\u00bb.vc_custom_1618915980008{margin-bottom: 0px !important;}\u00bb][\/vc_column][\/vc_row][\/vc_section][vc_row][vc_column][vc_single_image image=\u00bb3197&#8243; img_size=\u00bbfull\u00bb alignment=\u00bbcenter\u00bb][\/vc_column][\/vc_row][vc_row][vc_column][vc_column_text][\/vc_column_text][\/vc_column][\/vc_row]<\/p>","protected":false},"excerpt":{"rendered":"<p>[vc_row][vc_column][vc_column_text][\/vc_column_text][\/vc_column][\/vc_row][vc_section full_width=\u00bbstretch_row\u00bb full_height=\u00bbyes\u00bb content_placement=\u00bbmiddle\u00bb css=\u00bb.vc_custom_1618839761918{background-image: url(https:\/\/www.lesmerveillesdupacifique.com\/wp-content\/uploads\/2018\/07\/home-1.jpg?id=690) !important;background-position: center !important;background-repeat: no-repeat !important;background-size: cover !important;}\u00bb el_class=\u00bbripple-it\u00bb][vc_row][vc_column width=\u00bb1\/4&#8243;][\/vc_column][vc_column width=\u00bb1\/2&#8243;][vc_column_text el_class=\u00bbwhite-box-hero\u00bb] La formation de la perle de Tahiti A la diff\u00e9rence des perles fines,&hellip;<\/p>\n","protected":false},"author":6,"featured_media":0,"parent":0,"menu_order":2,"comment_status":"closed","ping_status":"closed","template":"","meta":{"_mi_skip_tracking":false},"yoast_head":"<!-- This site is optimized with the Yoast SEO plugin v18.3 - https:\/\/yoast.com\/wordpress\/plugins\/seo\/ -->\n<title>Comment se forment les perles ? 5 \u00e9tapes de formation des perles de culture<\/title>\n<meta name=\"description\" content=\"Comment se forment les perles d&#039;hu\u00eetres ? D\u00e9couvrez les 5 \u00e9tapes de formation des perles de culture.\" \/>\n<meta name=\"robots\" content=\"index, follow, max-snippet:-1, max-image-preview:large, max-video-preview:-1\" \/>\n<link rel=\"canonical\" href=\"https:\/\/www.lesmerveillesdupacifique.com\/es\/5-etapes-de-la-formation-de-la-perle\/\" \/>\n<meta property=\"og:locale\" content=\"es_ES\" \/>\n<meta property=\"og:type\" content=\"article\" \/>\n<meta property=\"og:title\" content=\"Comment se forment les perles ? 5 \u00e9tapes de formation des perles de culture\" \/>\n<meta property=\"og:description\" content=\"Comment se forment les perles d&#039;hu\u00eetres ? D\u00e9couvrez les 5 \u00e9tapes de formation des perles de culture.\" \/>\n<meta property=\"og:url\" content=\"https:\/\/www.lesmerveillesdupacifique.com\/5-etapes-de-la-formation-de-la-perle\/\" \/>\n<meta property=\"og:site_name\" content=\"Les Merveilles du Pacifique\" \/>\n<meta property=\"article:modified_time\" content=\"2025-04-14T09:47:20+00:00\" \/>\n<meta name=\"twitter:card\" content=\"summary_large_image\" \/>\n<meta name=\"twitter:label1\" content=\"Tiempo de lectura\" \/>\n\t<meta name=\"twitter:data1\" content=\"4 minutos\" \/>\n<script type=\"application\/ld+json\" class=\"yoast-schema-graph\">{\"@context\":\"https:\/\/schema.org\",\"@graph\":[{\"@type\":\"WebSite\",\"@id\":\"https:\/\/www.lesmerveillesdupacifique.com\/fr\/#website\",\"url\":\"https:\/\/www.lesmerveillesdupacifique.com\/fr\/\",\"name\":\"Les Merveilles du Pacifique\",\"description\":\"Perles de culture de Tahiti\",\"potentialAction\":[{\"@type\":\"SearchAction\",\"target\":{\"@type\":\"EntryPoint\",\"urlTemplate\":\"https:\/\/www.lesmerveillesdupacifique.com\/fr\/?s={search_term_string}\"},\"query-input\":\"required name=search_term_string\"}],\"inLanguage\":\"es\"},{\"@type\":\"WebPage\",\"@id\":\"https:\/\/www.lesmerveillesdupacifique.com\/5-etapes-de-la-formation-de-la-perle\/#webpage\",\"url\":\"https:\/\/www.lesmerveillesdupacifique.com\/5-etapes-de-la-formation-de-la-perle\/\",\"name\":\"Comment se forment les perles ? 5 \u00e9tapes de formation des perles de culture\",\"isPartOf\":{\"@id\":\"https:\/\/www.lesmerveillesdupacifique.com\/fr\/#website\"},\"datePublished\":\"2021-04-13T08:50:08+00:00\",\"dateModified\":\"2025-04-14T09:47:20+00:00\",\"description\":\"Comment se forment les perles d'hu\u00eetres ? D\u00e9couvrez les 5 \u00e9tapes de formation des perles de culture.\",\"breadcrumb\":{\"@id\":\"https:\/\/www.lesmerveillesdupacifique.com\/5-etapes-de-la-formation-de-la-perle\/#breadcrumb\"},\"inLanguage\":\"es\",\"potentialAction\":[{\"@type\":\"ReadAction\",\"target\":[\"https:\/\/www.lesmerveillesdupacifique.com\/5-etapes-de-la-formation-de-la-perle\/\"]}]},{\"@type\":\"BreadcrumbList\",\"@id\":\"https:\/\/www.lesmerveillesdupacifique.com\/5-etapes-de-la-formation-de-la-perle\/#breadcrumb\",\"itemListElement\":[{\"@type\":\"ListItem\",\"position\":1,\"name\":\"Accueil\",\"item\":\"https:\/\/www.lesmerveillesdupacifique.com\/\"},{\"@type\":\"ListItem\",\"position\":2,\"name\":\"Les 5 \u00e9tapes de la formation de la perle\"}]}]}<\/script>\n<!-- \/ Yoast SEO plugin. -->","yoast_head_json":{"title":"Comment se forment les perles ? 5 \u00e9tapes de formation des perles de culture","description":"Comment se forment les perles d'hu\u00eetres ? D\u00e9couvrez les 5 \u00e9tapes de formation des perles de culture.","robots":{"index":"index","follow":"follow","max-snippet":"max-snippet:-1","max-image-preview":"max-image-preview:large","max-video-preview":"max-video-preview:-1"},"canonical":"https:\/\/www.lesmerveillesdupacifique.com\/es\/5-etapes-de-la-formation-de-la-perle\/","og_locale":"es_ES","og_type":"article","og_title":"Comment se forment les perles ? 5 \u00e9tapes de formation des perles de culture","og_description":"Comment se forment les perles d'hu\u00eetres ? D\u00e9couvrez les 5 \u00e9tapes de formation des perles de culture.","og_url":"https:\/\/www.lesmerveillesdupacifique.com\/5-etapes-de-la-formation-de-la-perle\/","og_site_name":"Les Merveilles du Pacifique","article_modified_time":"2025-04-14T09:47:20+00:00","twitter_card":"summary_large_image","twitter_misc":{"Tiempo de lectura":"4 minutos"},"schema":{"@context":"https:\/\/schema.org","@graph":[{"@type":"WebSite","@id":"https:\/\/www.lesmerveillesdupacifique.com\/fr\/#website","url":"https:\/\/www.lesmerveillesdupacifique.com\/fr\/","name":"Les Merveilles du Pacifique","description":"Perles de culture de Tahiti","potentialAction":[{"@type":"SearchAction","target":{"@type":"EntryPoint","urlTemplate":"https:\/\/www.lesmerveillesdupacifique.com\/fr\/?s={search_term_string}"},"query-input":"required name=search_term_string"}],"inLanguage":"es"},{"@type":"WebPage","@id":"https:\/\/www.lesmerveillesdupacifique.com\/5-etapes-de-la-formation-de-la-perle\/#webpage","url":"https:\/\/www.lesmerveillesdupacifique.com\/5-etapes-de-la-formation-de-la-perle\/","name":"Comment se forment les perles ? 5 \u00e9tapes de formation des perles de culture","isPartOf":{"@id":"https:\/\/www.lesmerveillesdupacifique.com\/fr\/#website"},"datePublished":"2021-04-13T08:50:08+00:00","dateModified":"2025-04-14T09:47:20+00:00","description":"Comment se forment les perles d'hu\u00eetres ? D\u00e9couvrez les 5 \u00e9tapes de formation des perles de culture.","breadcrumb":{"@id":"https:\/\/www.lesmerveillesdupacifique.com\/5-etapes-de-la-formation-de-la-perle\/#breadcrumb"},"inLanguage":"es","potentialAction":[{"@type":"ReadAction","target":["https:\/\/www.lesmerveillesdupacifique.com\/5-etapes-de-la-formation-de-la-perle\/"]}]},{"@type":"BreadcrumbList","@id":"https:\/\/www.lesmerveillesdupacifique.com\/5-etapes-de-la-formation-de-la-perle\/#breadcrumb","itemListElement":[{"@type":"ListItem","position":1,"name":"Accueil","item":"https:\/\/www.lesmerveillesdupacifique.com\/"},{"@type":"ListItem","position":2,"name":"Les 5 \u00e9tapes de la formation de la perle"}]}]}},"acf":[],"_links":{"self":[{"href":"https:\/\/www.lesmerveillesdupacifique.com\/es\/wp-json\/wp\/v2\/pages\/3190"}],"collection":[{"href":"https:\/\/www.lesmerveillesdupacifique.com\/es\/wp-json\/wp\/v2\/pages"}],"about":[{"href":"https:\/\/www.lesmerveillesdupacifique.com\/es\/wp-json\/wp\/v2\/types\/page"}],"author":[{"embeddable":true,"href":"https:\/\/www.lesmerveillesdupacifique.com\/es\/wp-json\/wp\/v2\/users\/6"}],"replies":[{"embeddable":true,"href":"https:\/\/www.lesmerveillesdupacifique.com\/es\/wp-json\/wp\/v2\/comments?post=3190"}],"version-history":[{"count":2,"href":"https:\/\/www.lesmerveillesdupacifique.com\/es\/wp-json\/wp\/v2\/pages\/3190\/revisions"}],"predecessor-version":[{"id":4307,"href":"https:\/\/www.lesmerveillesdupacifique.com\/es\/wp-json\/wp\/v2\/pages\/3190\/revisions\/4307"}],"wp:attachment":[{"href":"https:\/\/www.lesmerveillesdupacifique.com\/es\/wp-json\/wp\/v2\/media?parent=3190"}],"curies":[{"name":"wp","href":"https:\/\/api.w.org\/{rel}","templated":true}]}}