{"id":226,"date":"2018-05-18T12:08:18","date_gmt":"2018-05-18T10:08:18","guid":{"rendered":"http:\/\/www.lesmerveillesdupacifique.com\/prod\/?page_id=226"},"modified":"2025-04-14T11:40:47","modified_gmt":"2025-04-14T09:40:47","slug":"bien-entretenir-ses-perles","status":"publish","type":"page","link":"https:\/\/www.lesmerveillesdupacifique.com\/es\/bien-entretenir-ses-perles\/","title":{"rendered":"Mantenimiento de las perlas"},"content":{"rendered":"<p>[vc_row][vc_column][vc_column_text][\/vc_column_text][\/vc_column][\/vc_row][vc_section][vc_row][vc_column][vc_single_image image=\u00bb478&#8243; img_size=\u00bbfull\u00bb alignment=\u00bbcenter\u00bb][\/vc_column][\/vc_row][\/vc_section][vc_section css=\u00bb.vc_custom_1528795113992{padding-bottom: 70px !important;}\u00bb][vc_row][vc_column width=\u00bb1\/2&#8243;][vc_column_text]<\/p>\n<h2>Para un buen mantenimiento, conviene:<\/h2>\n<ul>\n<li>Hidratarlas, ya que est\u00e1n compuestas en un 2% de agua<\/li>\n<li>Usarlas con regularidad<\/li>\n<li>Si las perlas se conservan en una joyero o lugar seco, tener la precauci\u00f3n de poner un vaso de agua al lado y sacarlas de vez en cuando<\/li>\n<li>Limpiarlas con un pa\u00f1o suave o una esponja ligeramente humedecida con agua (tambi\u00e9n sirve un pa\u00f1o de microfibra para gafas)<\/li>\n<\/ul>\n<p>[\/vc_column_text][\/vc_column][vc_column width=\u00bb1\/2&#8243;][vc_column_text]<\/p>\n<h2>Debemos evitar:<\/h2>\n<ul>\n<li>El contacto con \u00e1cidos y productos qu\u00edmicos (perfumes, cosm\u00e9ticos, sudor, agua clorada, etc.)<\/li>\n<li>Dejarlas en un armario, las perlas necesitan una exposici\u00f3n m\u00ednima a la luz<\/li>\n<li>Guardarlas cerca de una fuente de calor o bajo luz solar directa<\/li>\n<li>Meterlas en un joyero o lucirlas con otras joyas m\u00e1s duras (piedras, metal, etc.) que podr\u00edan rayarlas<\/li>\n<li>Limpiarlas con productos espec\u00edficos para oro o plata<\/li>\n<li>No es necesario utilizar aceites para hidratarlas<\/li>\n<\/ul>\n<p>[\/vc_column_text][\/vc_column][\/vc_row][\/vc_section][vc_row][vc_column][vc_column_text][\/vc_column_text][\/vc_column][\/vc_row]<\/p>","protected":false},"excerpt":{"rendered":"<p>[vc_row][vc_column][vc_column_text][\/vc_column_text][\/vc_column][\/vc_row][vc_section][vc_row][vc_column][vc_single_image image=\u00bb478&#8243; img_size=\u00bbfull\u00bb alignment=\u00bbcenter\u00bb][\/vc_column][\/vc_row][\/vc_section][vc_section css=\u00bb.vc_custom_1528795113992{padding-bottom: 70px !important;}\u00bb][vc_row][vc_column width=\u00bb1\/2&#8243;][vc_column_text] Para un buen mantenimiento, conviene: Hidratarlas, ya que est\u00e1n compuestas en un 2% de agua Usarlas con regularidad Si las perlas se&hellip;<\/p>\n","protected":false},"author":1,"featured_media":0,"parent":0,"menu_order":4,"comment_status":"closed","ping_status":"closed","template":"","meta":{"_mi_skip_tracking":false},"yoast_head":"<!-- This site is optimized with the Yoast SEO plugin v18.3 - https:\/\/yoast.com\/wordpress\/plugins\/seo\/ -->\n<title>Comment nettoyer et bien entretenir ses perles de culture ?<\/title>\n<meta name=\"description\" content=\"D\u00e9couvrez comment nettoyer et entretenir les perles de culture pour pr\u00e9server leur \u00e9clat naturel. Conseils d&#039;experts pour conserver la beaut\u00e9 de vos perles de Tahiti au fil du temps.\" \/>\n<meta name=\"robots\" content=\"index, follow, max-snippet:-1, max-image-preview:large, max-video-preview:-1\" \/>\n<link rel=\"canonical\" href=\"https:\/\/www.lesmerveillesdupacifique.com\/es\/bien-entretenir-ses-perles\/\" \/>\n<meta property=\"og:locale\" content=\"es_ES\" \/>\n<meta property=\"og:type\" content=\"article\" \/>\n<meta property=\"og:title\" content=\"Comment nettoyer et bien entretenir ses perles de culture ?\" \/>\n<meta property=\"og:description\" content=\"D\u00e9couvrez comment nettoyer et entretenir les perles de culture pour pr\u00e9server leur \u00e9clat naturel. Conseils d&#039;experts pour conserver la beaut\u00e9 de vos perles de Tahiti au fil du temps.\" \/>\n<meta property=\"og:url\" content=\"https:\/\/www.lesmerveillesdupacifique.com\/bien-entretenir-ses-perles\/\" \/>\n<meta property=\"og:site_name\" content=\"Les Merveilles du Pacifique\" \/>\n<meta property=\"article:modified_time\" content=\"2025-04-14T09:40:47+00:00\" \/>\n<meta name=\"twitter:card\" content=\"summary_large_image\" \/>\n<meta name=\"twitter:label1\" content=\"Tiempo de lectura\" \/>\n\t<meta name=\"twitter:data1\" content=\"7 minutos\" \/>\n<script type=\"application\/ld+json\" class=\"yoast-schema-graph\">{\"@context\":\"https:\/\/schema.org\",\"@graph\":[{\"@type\":\"WebSite\",\"@id\":\"https:\/\/www.lesmerveillesdupacifique.com\/fr\/#website\",\"url\":\"https:\/\/www.lesmerveillesdupacifique.com\/fr\/\",\"name\":\"Les Merveilles du Pacifique\",\"description\":\"Perles de culture de Tahiti\",\"potentialAction\":[{\"@type\":\"SearchAction\",\"target\":{\"@type\":\"EntryPoint\",\"urlTemplate\":\"https:\/\/www.lesmerveillesdupacifique.com\/fr\/?s={search_term_string}\"},\"query-input\":\"required name=search_term_string\"}],\"inLanguage\":\"es\"},{\"@type\":\"WebPage\",\"@id\":\"https:\/\/www.lesmerveillesdupacifique.com\/bien-entretenir-ses-perles\/#webpage\",\"url\":\"https:\/\/www.lesmerveillesdupacifique.com\/bien-entretenir-ses-perles\/\",\"name\":\"Comment nettoyer et bien entretenir ses perles de culture ?\",\"isPartOf\":{\"@id\":\"https:\/\/www.lesmerveillesdupacifique.com\/fr\/#website\"},\"datePublished\":\"2018-05-18T10:08:18+00:00\",\"dateModified\":\"2025-04-14T09:40:47+00:00\",\"description\":\"D\u00e9couvrez comment nettoyer et entretenir les perles de culture pour pr\u00e9server leur \u00e9clat naturel. Conseils d'experts pour conserver la beaut\u00e9 de vos perles de Tahiti au fil du temps.\",\"breadcrumb\":{\"@id\":\"https:\/\/www.lesmerveillesdupacifique.com\/bien-entretenir-ses-perles\/#breadcrumb\"},\"inLanguage\":\"es\",\"potentialAction\":[{\"@type\":\"ReadAction\",\"target\":[\"https:\/\/www.lesmerveillesdupacifique.com\/bien-entretenir-ses-perles\/\"]}]},{\"@type\":\"BreadcrumbList\",\"@id\":\"https:\/\/www.lesmerveillesdupacifique.com\/bien-entretenir-ses-perles\/#breadcrumb\",\"itemListElement\":[{\"@type\":\"ListItem\",\"position\":1,\"name\":\"Accueil\",\"item\":\"https:\/\/www.lesmerveillesdupacifique.com\/\"},{\"@type\":\"ListItem\",\"position\":2,\"name\":\"Bien entretenir ses perles\"}]}]}<\/script>\n<!-- \/ Yoast SEO plugin. -->","yoast_head_json":{"title":"Comment nettoyer et bien entretenir ses perles de culture ?","description":"D\u00e9couvrez comment nettoyer et entretenir les perles de culture pour pr\u00e9server leur \u00e9clat naturel. Conseils d'experts pour conserver la beaut\u00e9 de vos perles de Tahiti au fil du temps.","robots":{"index":"index","follow":"follow","max-snippet":"max-snippet:-1","max-image-preview":"max-image-preview:large","max-video-preview":"max-video-preview:-1"},"canonical":"https:\/\/www.lesmerveillesdupacifique.com\/es\/bien-entretenir-ses-perles\/","og_locale":"es_ES","og_type":"article","og_title":"Comment nettoyer et bien entretenir ses perles de culture ?","og_description":"D\u00e9couvrez comment nettoyer et entretenir les perles de culture pour pr\u00e9server leur \u00e9clat naturel. Conseils d'experts pour conserver la beaut\u00e9 de vos perles de Tahiti au fil du temps.","og_url":"https:\/\/www.lesmerveillesdupacifique.com\/bien-entretenir-ses-perles\/","og_site_name":"Les Merveilles du Pacifique","article_modified_time":"2025-04-14T09:40:47+00:00","twitter_card":"summary_large_image","twitter_misc":{"Tiempo de lectura":"7 minutos"},"schema":{"@context":"https:\/\/schema.org","@graph":[{"@type":"WebSite","@id":"https:\/\/www.lesmerveillesdupacifique.com\/fr\/#website","url":"https:\/\/www.lesmerveillesdupacifique.com\/fr\/","name":"Les Merveilles du Pacifique","description":"Perles de culture de Tahiti","potentialAction":[{"@type":"SearchAction","target":{"@type":"EntryPoint","urlTemplate":"https:\/\/www.lesmerveillesdupacifique.com\/fr\/?s={search_term_string}"},"query-input":"required name=search_term_string"}],"inLanguage":"es"},{"@type":"WebPage","@id":"https:\/\/www.lesmerveillesdupacifique.com\/bien-entretenir-ses-perles\/#webpage","url":"https:\/\/www.lesmerveillesdupacifique.com\/bien-entretenir-ses-perles\/","name":"Comment nettoyer et bien entretenir ses perles de culture ?","isPartOf":{"@id":"https:\/\/www.lesmerveillesdupacifique.com\/fr\/#website"},"datePublished":"2018-05-18T10:08:18+00:00","dateModified":"2025-04-14T09:40:47+00:00","description":"D\u00e9couvrez comment nettoyer et entretenir les perles de culture pour pr\u00e9server leur \u00e9clat naturel. Conseils d'experts pour conserver la beaut\u00e9 de vos perles de Tahiti au fil du temps.","breadcrumb":{"@id":"https:\/\/www.lesmerveillesdupacifique.com\/bien-entretenir-ses-perles\/#breadcrumb"},"inLanguage":"es","potentialAction":[{"@type":"ReadAction","target":["https:\/\/www.lesmerveillesdupacifique.com\/bien-entretenir-ses-perles\/"]}]},{"@type":"BreadcrumbList","@id":"https:\/\/www.lesmerveillesdupacifique.com\/bien-entretenir-ses-perles\/#breadcrumb","itemListElement":[{"@type":"ListItem","position":1,"name":"Accueil","item":"https:\/\/www.lesmerveillesdupacifique.com\/"},{"@type":"ListItem","position":2,"name":"Bien entretenir ses perles"}]}]}},"acf":[],"_links":{"self":[{"href":"https:\/\/www.lesmerveillesdupacifique.com\/es\/wp-json\/wp\/v2\/pages\/226"}],"collection":[{"href":"https:\/\/www.lesmerveillesdupacifique.com\/es\/wp-json\/wp\/v2\/pages"}],"about":[{"href":"https:\/\/www.lesmerveillesdupacifique.com\/es\/wp-json\/wp\/v2\/types\/page"}],"author":[{"embeddable":true,"href":"https:\/\/www.lesmerveillesdupacifique.com\/es\/wp-json\/wp\/v2\/users\/1"}],"replies":[{"embeddable":true,"href":"https:\/\/www.lesmerveillesdupacifique.com\/es\/wp-json\/wp\/v2\/comments?post=226"}],"version-history":[{"count":1,"href":"https:\/\/www.lesmerveillesdupacifique.com\/es\/wp-json\/wp\/v2\/pages\/226\/revisions"}],"predecessor-version":[{"id":4304,"href":"https:\/\/www.lesmerveillesdupacifique.com\/es\/wp-json\/wp\/v2\/pages\/226\/revisions\/4304"}],"wp:attachment":[{"href":"https:\/\/www.lesmerveillesdupacifique.com\/es\/wp-json\/wp\/v2\/media?parent=226"}],"curies":[{"name":"wp","href":"https:\/\/api.w.org\/{rel}","templated":true}]}}