{"id":2220,"date":"2020-05-19T17:44:11","date_gmt":"2020-05-19T15:44:11","guid":{"rendered":"http:\/\/www.lesmerveillesdupacifique.com\/prod\/?page_id=2220"},"modified":"2021-05-03T10:21:21","modified_gmt":"2021-05-03T08:21:21","slug":"questions-frequentes","status":"publish","type":"page","link":"https:\/\/www.lesmerveillesdupacifique.com\/es\/questions-frequentes\/","title":{"rendered":"Preguntas frecuentes"},"content":{"rendered":"<p>[vc_section][vc_row][vc_column][vc_column_text]<\/p>\n<h2>Sobre su pedido<\/h2>\n<p>[\/vc_column_text][vc_tta_accordion style=\u00bbflat\u00bb shape=\u00bbsquare\u00bb color=\u00bbwhite\u00bb c_icon=\u00bbchevron\u00bb active_section=\u00bb0&#8243; collapsible_all=\u00bbtrue\u00bb][vc_tta_section title=\u00bb\u00bfCu\u00e1l es el plazo de entrega de su pedido?\u00bb tab_id=\u00bb1589973333231-6a65e122-810a\u00bb][vc_column_text]<strong>Para los env\u00edos de Colissimo a Francia metropolitana, M\u00f3naco y a los departamentos y regiones francesas de ultramar <\/strong>(1)<strong> y las comunidades territoriales de ultramar<\/strong>, el plazo de entrega es de 48 horas (2 d\u00edas h\u00e1biles).<\/p>\n<p><strong>Para los env\u00edos de Colissimo a departamentos y regiones de ultramar<\/strong>, el plazo indicativo de entrega es de 5 a 7 d\u00edas en funci\u00f3n del destino.<\/p>\n<p>P<strong>ara env\u00edos internacionales Colissimo<\/strong>, el plazo indicativo de entrega es de 4 a 8 d\u00edas en funci\u00f3n del destino.<\/p>\n<p>(1) Regiones francesas de ultramar (DOM): Guadalupe, Guyana, Martinica, Reuni\u00f3n y Mayotte. Colectividades territoriales de ultramar: San Bartolom\u00e9, San Mart\u00edn y San Pedro y Miquel\u00f3n.[\/vc_column_text][\/vc_tta_section][vc_tta_section title=\u00bb\u00bfA cu\u00e1nto ascienden los gastos de env\u00edo? \u00bb tab_id=\u00bb1589973333242-07dfcb7b-dae7&#8243;][vc_column_text]<\/p>\n<div class=\"FFpbKc\"><\/div>\n<p><span style=\"font-family: 'Roboto Condensed'; font-size: 16px;\">A <strong>Francia<\/strong>: 6,67 \u20ac HT<\/span><span class=\"JLqJ4b\" style=\"font-family: 'Roboto Condensed'; font-size: 16px;\" data-language-for-alternatives=\"es\" data-language-to-translate-into=\"fr\" data-phrase-index=\"1\"><br \/>\nA <strong>departamentos y territorios de ultramar<\/strong>: 12,63 \u20ac HT<br \/>\nA <strong>Europa<\/strong> excepto Francia: 8,37 \u20ac HT<br \/>\nA\u00a0<strong>Reino Unido<\/strong>: 9,61 \u20ac HT<br \/>\nA <strong>Suiza<\/strong>: 10,71 \u20ac HT<br \/>\nAl<strong> mundo<\/strong> fuera de Europa y departamentos y territorios de ultramar: 22,08 \u20ac HT<\/span>[\/vc_column_text][\/vc_tta_section][vc_tta_section title=\u00bb\u00bfC\u00f3mo puedo seguir mi pedido? \u00bb tab_id=\u00bb1589973595798-fab57ebe-156d\u00bb][vc_column_text]Puede seguir su pedido introduciendo aqu\u00ed el n\u00famero de seguimiento que le hemos proporcionado:\u00a0<a href=\"https:\/\/www.laposte.fr\/outils\/suivre-vos-envois\">www.laposte.fr\/outils\/suivre-vos-envois<\/a>[\/vc_column_text][\/vc_tta_section][vc_tta_section title=\u00bb\u00bfPuedo devolver mi pedido? \u00bb tab_id=\u00bb1589974094214-1b2ff796-f8d8&#8243;][vc_column_text]Si la joya o perla no le sirve, puede devolver o cambiar el producto <strong>en las 2 semanas siguientes<\/strong> a su recepci\u00f3n.[\/vc_column_text][\/vc_tta_section][\/vc_tta_accordion][\/vc_column][\/vc_row][\/vc_section]<\/p>","protected":false},"excerpt":{"rendered":"<p>[vc_section][vc_row][vc_column][vc_column_text] Sobre su pedido [\/vc_column_text][vc_tta_accordion style=\u00bbflat\u00bb shape=\u00bbsquare\u00bb color=\u00bbwhite\u00bb c_icon=\u00bbchevron\u00bb active_section=\u00bb0&#8243; collapsible_all=\u00bbtrue\u00bb][vc_tta_section title=\u00bb\u00bfCu\u00e1l es el plazo de entrega de su pedido?\u00bb tab_id=\u00bb1589973333231-6a65e122-810a\u00bb][vc_column_text]Para los env\u00edos de Colissimo a Francia metropolitana, M\u00f3naco y&hellip;<\/p>\n","protected":false},"author":1,"featured_media":0,"parent":0,"menu_order":20,"comment_status":"closed","ping_status":"closed","template":"","meta":{"_mi_skip_tracking":false},"yoast_head":"<!-- This site is optimized with the Yoast SEO plugin v18.3 - https:\/\/yoast.com\/wordpress\/plugins\/seo\/ -->\n<title>Preguntas frecuentes - Les Merveilles du Pacifique<\/title>\n<meta name=\"robots\" content=\"index, follow, max-snippet:-1, max-image-preview:large, max-video-preview:-1\" \/>\n<link rel=\"canonical\" href=\"https:\/\/www.lesmerveillesdupacifique.com\/es\/questions-frequentes\/\" \/>\n<meta property=\"og:locale\" content=\"es_ES\" \/>\n<meta property=\"og:type\" content=\"article\" \/>\n<meta property=\"og:title\" content=\"Preguntas frecuentes - Les Merveilles du Pacifique\" \/>\n<meta property=\"og:description\" content=\"[vc_section][vc_row][vc_column][vc_column_text] Sobre su pedido [\/vc_column_text][vc_tta_accordion style=\u00bbflat\u00bb shape=\u00bbsquare\u00bb color=\u00bbwhite\u00bb c_icon=\u00bbchevron\u00bb active_section=\u00bb0&#8243; collapsible_all=\u00bbtrue\u00bb][vc_tta_section title=\u00bb\u00bfCu\u00e1l es el plazo de entrega de su pedido?\u00bb tab_id=\u00bb1589973333231-6a65e122-810a\u00bb][vc_column_text]Para los env\u00edos de Colissimo a Francia metropolitana, M\u00f3naco y&hellip;\" \/>\n<meta property=\"og:url\" content=\"https:\/\/www.lesmerveillesdupacifique.com\/en\/questions-frequentes\/\" \/>\n<meta property=\"og:site_name\" content=\"Les Merveilles du Pacifique\" \/>\n<meta property=\"article:modified_time\" content=\"2021-05-03T08:21:21+00:00\" \/>\n<meta name=\"twitter:card\" content=\"summary_large_image\" \/>\n<meta name=\"twitter:label1\" content=\"Tiempo de lectura\" \/>\n\t<meta name=\"twitter:data1\" content=\"9 minutos\" \/>\n<script type=\"application\/ld+json\" class=\"yoast-schema-graph\">{\"@context\":\"https:\/\/schema.org\",\"@graph\":[{\"@type\":\"WebSite\",\"@id\":\"https:\/\/www.lesmerveillesdupacifique.com\/fr\/#website\",\"url\":\"https:\/\/www.lesmerveillesdupacifique.com\/fr\/\",\"name\":\"Les Merveilles du Pacifique\",\"description\":\"Perles de culture de Tahiti\",\"potentialAction\":[{\"@type\":\"SearchAction\",\"target\":{\"@type\":\"EntryPoint\",\"urlTemplate\":\"https:\/\/www.lesmerveillesdupacifique.com\/fr\/?s={search_term_string}\"},\"query-input\":\"required name=search_term_string\"}],\"inLanguage\":\"es\"},{\"@type\":\"WebPage\",\"@id\":\"https:\/\/www.lesmerveillesdupacifique.com\/en\/questions-frequentes\/#webpage\",\"url\":\"https:\/\/www.lesmerveillesdupacifique.com\/en\/questions-frequentes\/\",\"name\":\"Preguntas frecuentes - Les Merveilles du Pacifique\",\"isPartOf\":{\"@id\":\"https:\/\/www.lesmerveillesdupacifique.com\/fr\/#website\"},\"datePublished\":\"2020-05-19T15:44:11+00:00\",\"dateModified\":\"2021-05-03T08:21:21+00:00\",\"breadcrumb\":{\"@id\":\"https:\/\/www.lesmerveillesdupacifique.com\/en\/questions-frequentes\/#breadcrumb\"},\"inLanguage\":\"es\",\"potentialAction\":[{\"@type\":\"ReadAction\",\"target\":[\"https:\/\/www.lesmerveillesdupacifique.com\/en\/questions-frequentes\/\"]}]},{\"@type\":\"BreadcrumbList\",\"@id\":\"https:\/\/www.lesmerveillesdupacifique.com\/en\/questions-frequentes\/#breadcrumb\",\"itemListElement\":[{\"@type\":\"ListItem\",\"position\":1,\"name\":\"Accueil\",\"item\":\"https:\/\/www.lesmerveillesdupacifique.com\/\"},{\"@type\":\"ListItem\",\"position\":2,\"name\":\"FAQ\"}]}]}<\/script>\n<!-- \/ Yoast SEO plugin. -->","yoast_head_json":{"title":"Preguntas frecuentes - Les Merveilles du Pacifique","robots":{"index":"index","follow":"follow","max-snippet":"max-snippet:-1","max-image-preview":"max-image-preview:large","max-video-preview":"max-video-preview:-1"},"canonical":"https:\/\/www.lesmerveillesdupacifique.com\/es\/questions-frequentes\/","og_locale":"es_ES","og_type":"article","og_title":"Preguntas frecuentes - Les Merveilles du Pacifique","og_description":"[vc_section][vc_row][vc_column][vc_column_text] Sobre su pedido [\/vc_column_text][vc_tta_accordion style=\u00bbflat\u00bb shape=\u00bbsquare\u00bb color=\u00bbwhite\u00bb c_icon=\u00bbchevron\u00bb active_section=\u00bb0&#8243; collapsible_all=\u00bbtrue\u00bb][vc_tta_section title=\u00bb\u00bfCu\u00e1l es el plazo de entrega de su pedido?\u00bb tab_id=\u00bb1589973333231-6a65e122-810a\u00bb][vc_column_text]Para los env\u00edos de Colissimo a Francia metropolitana, M\u00f3naco y&hellip;","og_url":"https:\/\/www.lesmerveillesdupacifique.com\/en\/questions-frequentes\/","og_site_name":"Les Merveilles du Pacifique","article_modified_time":"2021-05-03T08:21:21+00:00","twitter_card":"summary_large_image","twitter_misc":{"Tiempo de lectura":"9 minutos"},"schema":{"@context":"https:\/\/schema.org","@graph":[{"@type":"WebSite","@id":"https:\/\/www.lesmerveillesdupacifique.com\/fr\/#website","url":"https:\/\/www.lesmerveillesdupacifique.com\/fr\/","name":"Les Merveilles du Pacifique","description":"Perles de culture de Tahiti","potentialAction":[{"@type":"SearchAction","target":{"@type":"EntryPoint","urlTemplate":"https:\/\/www.lesmerveillesdupacifique.com\/fr\/?s={search_term_string}"},"query-input":"required name=search_term_string"}],"inLanguage":"es"},{"@type":"WebPage","@id":"https:\/\/www.lesmerveillesdupacifique.com\/en\/questions-frequentes\/#webpage","url":"https:\/\/www.lesmerveillesdupacifique.com\/en\/questions-frequentes\/","name":"Preguntas frecuentes - Les Merveilles du Pacifique","isPartOf":{"@id":"https:\/\/www.lesmerveillesdupacifique.com\/fr\/#website"},"datePublished":"2020-05-19T15:44:11+00:00","dateModified":"2021-05-03T08:21:21+00:00","breadcrumb":{"@id":"https:\/\/www.lesmerveillesdupacifique.com\/en\/questions-frequentes\/#breadcrumb"},"inLanguage":"es","potentialAction":[{"@type":"ReadAction","target":["https:\/\/www.lesmerveillesdupacifique.com\/en\/questions-frequentes\/"]}]},{"@type":"BreadcrumbList","@id":"https:\/\/www.lesmerveillesdupacifique.com\/en\/questions-frequentes\/#breadcrumb","itemListElement":[{"@type":"ListItem","position":1,"name":"Accueil","item":"https:\/\/www.lesmerveillesdupacifique.com\/"},{"@type":"ListItem","position":2,"name":"FAQ"}]}]}},"acf":[],"_links":{"self":[{"href":"https:\/\/www.lesmerveillesdupacifique.com\/es\/wp-json\/wp\/v2\/pages\/2220"}],"collection":[{"href":"https:\/\/www.lesmerveillesdupacifique.com\/es\/wp-json\/wp\/v2\/pages"}],"about":[{"href":"https:\/\/www.lesmerveillesdupacifique.com\/es\/wp-json\/wp\/v2\/types\/page"}],"author":[{"embeddable":true,"href":"https:\/\/www.lesmerveillesdupacifique.com\/es\/wp-json\/wp\/v2\/users\/1"}],"replies":[{"embeddable":true,"href":"https:\/\/www.lesmerveillesdupacifique.com\/es\/wp-json\/wp\/v2\/comments?post=2220"}],"version-history":[{"count":0,"href":"https:\/\/www.lesmerveillesdupacifique.com\/es\/wp-json\/wp\/v2\/pages\/2220\/revisions"}],"wp:attachment":[{"href":"https:\/\/www.lesmerveillesdupacifique.com\/es\/wp-json\/wp\/v2\/media?parent=2220"}],"curies":[{"name":"wp","href":"https:\/\/api.w.org\/{rel}","templated":true}]}}