{"id":600,"date":"2018-06-12T13:32:07","date_gmt":"2018-06-12T11:32:07","guid":{"rendered":"http:\/\/www.lesmerveillesdupacifique.com\/prod\/?post_type=product&#038;p=600"},"modified":"2025-11-05T11:48:59","modified_gmt":"2025-11-05T10:48:59","slug":"bra11-homme","status":"publish","type":"product","link":"https:\/\/www.lesmerveillesdupacifique.com\/en\/produit\/bra11-homme\/","title":{"rendered":"Man bracelet engraved pearl on cord \u2013 BRA11"},"content":{"rendered":"","protected":false},"excerpt":{"rendered":"<p><strong>Man bracelet, pearl and cord<\/strong><br \/>\n1 Tahitian cultured pearl<\/p>\n<p><strong>shape:<\/strong> engraved round<br \/>\n<strong>diameter:<\/strong> 11-12 mm<br \/>\n<strong>quality:<\/strong> A\/B<br \/>\nblack polyester cord and 2 silver elements (rhodium silver 925\/1000 0,24 gram)<br \/>\nsliding sailor knots<\/p>\n","protected":false},"featured_media":4056,"template":"","meta":{"_mi_skip_tracking":false},"product_cat":[24],"product_tag":[],"yoast_head":"<!-- This site is optimized with the Yoast SEO plugin v18.3 - https:\/\/yoast.com\/wordpress\/plugins\/seo\/ -->\n<title>Bracelet Homme en perle de Tahiti grav\u00e9e sur cordon - BRA11<\/title>\n<meta name=\"description\" content=\"D\u00e9couvrez notre bracelet pour homme sur cordon confectionn\u00e9 avec une perle de Tahiti grav\u00e9e dans les ateliers Les Merveilles du Pacifique, importateur de perles de Tahiti depuis 2009.\" \/>\n<meta name=\"robots\" content=\"index, follow, max-snippet:-1, max-image-preview:large, max-video-preview:-1\" \/>\n<link rel=\"canonical\" href=\"https:\/\/www.lesmerveillesdupacifique.com\/en\/produit\/bra11-homme\/\" \/>\n<meta property=\"og:locale\" content=\"en_US\" \/>\n<meta property=\"og:type\" content=\"article\" \/>\n<meta property=\"og:title\" content=\"Bracelet Homme en perle de Tahiti grav\u00e9e sur cordon - BRA11\" \/>\n<meta property=\"og:description\" content=\"D\u00e9couvrez notre bracelet pour homme sur cordon confectionn\u00e9 avec une perle de Tahiti grav\u00e9e dans les ateliers Les Merveilles du Pacifique, importateur de perles de Tahiti depuis 2009.\" \/>\n<meta property=\"og:url\" content=\"https:\/\/www.lesmerveillesdupacifique.com\/produit\/bra11-homme\/\" \/>\n<meta property=\"og:site_name\" content=\"Les Merveilles du Pacifique\" \/>\n<meta property=\"article:modified_time\" content=\"2025-11-05T10:48:59+00:00\" \/>\n<meta property=\"og:image\" content=\"https:\/\/www.lesmerveillesdupacifique.com\/wp-content\/uploads\/2020\/02\/BRA11.jpg\" \/>\n\t<meta property=\"og:image:width\" content=\"1090\" \/>\n\t<meta property=\"og:image:height\" content=\"727\" \/>\n\t<meta property=\"og:image:type\" content=\"image\/jpeg\" \/>\n<meta name=\"twitter:card\" content=\"summary_large_image\" \/>\n<script type=\"application\/ld+json\" class=\"yoast-schema-graph\">{\"@context\":\"https:\/\/schema.org\",\"@graph\":[{\"@type\":\"WebSite\",\"@id\":\"https:\/\/www.lesmerveillesdupacifique.com\/fr\/#website\",\"url\":\"https:\/\/www.lesmerveillesdupacifique.com\/fr\/\",\"name\":\"Les Merveilles du Pacifique\",\"description\":\"Perles de culture de Tahiti\",\"potentialAction\":[{\"@type\":\"SearchAction\",\"target\":{\"@type\":\"EntryPoint\",\"urlTemplate\":\"https:\/\/www.lesmerveillesdupacifique.com\/fr\/?s={search_term_string}\"},\"query-input\":\"required name=search_term_string\"}],\"inLanguage\":\"en-US\"},{\"@type\":\"ImageObject\",\"@id\":\"https:\/\/www.lesmerveillesdupacifique.com\/produit\/bra11-homme\/#primaryimage\",\"inLanguage\":\"en-US\",\"url\":\"https:\/\/www.lesmerveillesdupacifique.com\/wp-content\/uploads\/2020\/02\/BRA11.jpg\",\"contentUrl\":\"https:\/\/www.lesmerveillesdupacifique.com\/wp-content\/uploads\/2020\/02\/BRA11.jpg\",\"width\":1090,\"height\":727,\"caption\":\"www.photographe-book-paris.com\"},{\"@type\":\"WebPage\",\"@id\":\"https:\/\/www.lesmerveillesdupacifique.com\/produit\/bra11-homme\/#webpage\",\"url\":\"https:\/\/www.lesmerveillesdupacifique.com\/produit\/bra11-homme\/\",\"name\":\"Bracelet Homme en perle de Tahiti grav\u00e9e sur cordon - BRA11\",\"isPartOf\":{\"@id\":\"https:\/\/www.lesmerveillesdupacifique.com\/fr\/#website\"},\"primaryImageOfPage\":{\"@id\":\"https:\/\/www.lesmerveillesdupacifique.com\/produit\/bra11-homme\/#primaryimage\"},\"datePublished\":\"2018-06-12T11:32:07+00:00\",\"dateModified\":\"2025-11-05T10:48:59+00:00\",\"description\":\"D\u00e9couvrez notre bracelet pour homme sur cordon confectionn\u00e9 avec une perle de Tahiti grav\u00e9e dans les ateliers Les Merveilles du Pacifique, importateur de perles de Tahiti depuis 2009.\",\"breadcrumb\":{\"@id\":\"https:\/\/www.lesmerveillesdupacifique.com\/produit\/bra11-homme\/#breadcrumb\"},\"inLanguage\":\"en-US\",\"potentialAction\":[{\"@type\":\"ReadAction\",\"target\":[\"https:\/\/www.lesmerveillesdupacifique.com\/produit\/bra11-homme\/\"]}]},{\"@type\":\"BreadcrumbList\",\"@id\":\"https:\/\/www.lesmerveillesdupacifique.com\/produit\/bra11-homme\/#breadcrumb\",\"itemListElement\":[{\"@type\":\"ListItem\",\"position\":1,\"name\":\"Accueil\",\"item\":\"https:\/\/www.lesmerveillesdupacifique.com\/\"},{\"@type\":\"ListItem\",\"position\":2,\"name\":\"Collection\",\"item\":\"https:\/\/www.lesmerveillesdupacifique.com\/fr\/shop\/\"},{\"@type\":\"ListItem\",\"position\":3,\"name\":\"Bracelet Homme perle grav\u00e9e sur cordon \u2013 BRA11\"}]}]}<\/script>\n<!-- \/ Yoast SEO plugin. -->","yoast_head_json":{"title":"Bracelet Homme en perle de Tahiti grav\u00e9e sur cordon - BRA11","description":"D\u00e9couvrez notre bracelet pour homme sur cordon confectionn\u00e9 avec une perle de Tahiti grav\u00e9e dans les ateliers Les Merveilles du Pacifique, importateur de perles de Tahiti depuis 2009.","robots":{"index":"index","follow":"follow","max-snippet":"max-snippet:-1","max-image-preview":"max-image-preview:large","max-video-preview":"max-video-preview:-1"},"canonical":"https:\/\/www.lesmerveillesdupacifique.com\/en\/produit\/bra11-homme\/","og_locale":"en_US","og_type":"article","og_title":"Bracelet Homme en perle de Tahiti grav\u00e9e sur cordon - BRA11","og_description":"D\u00e9couvrez notre bracelet pour homme sur cordon confectionn\u00e9 avec une perle de Tahiti grav\u00e9e dans les ateliers Les Merveilles du Pacifique, importateur de perles de Tahiti depuis 2009.","og_url":"https:\/\/www.lesmerveillesdupacifique.com\/produit\/bra11-homme\/","og_site_name":"Les Merveilles du Pacifique","article_modified_time":"2025-11-05T10:48:59+00:00","og_image":[{"width":1090,"height":727,"url":"https:\/\/www.lesmerveillesdupacifique.com\/wp-content\/uploads\/2020\/02\/BRA11.jpg","type":"image\/jpeg"}],"twitter_card":"summary_large_image","schema":{"@context":"https:\/\/schema.org","@graph":[{"@type":"WebSite","@id":"https:\/\/www.lesmerveillesdupacifique.com\/fr\/#website","url":"https:\/\/www.lesmerveillesdupacifique.com\/fr\/","name":"Les Merveilles du Pacifique","description":"Perles de culture de Tahiti","potentialAction":[{"@type":"SearchAction","target":{"@type":"EntryPoint","urlTemplate":"https:\/\/www.lesmerveillesdupacifique.com\/fr\/?s={search_term_string}"},"query-input":"required name=search_term_string"}],"inLanguage":"en-US"},{"@type":"ImageObject","@id":"https:\/\/www.lesmerveillesdupacifique.com\/produit\/bra11-homme\/#primaryimage","inLanguage":"en-US","url":"https:\/\/www.lesmerveillesdupacifique.com\/wp-content\/uploads\/2020\/02\/BRA11.jpg","contentUrl":"https:\/\/www.lesmerveillesdupacifique.com\/wp-content\/uploads\/2020\/02\/BRA11.jpg","width":1090,"height":727,"caption":"www.photographe-book-paris.com"},{"@type":"WebPage","@id":"https:\/\/www.lesmerveillesdupacifique.com\/produit\/bra11-homme\/#webpage","url":"https:\/\/www.lesmerveillesdupacifique.com\/produit\/bra11-homme\/","name":"Bracelet Homme en perle de Tahiti grav\u00e9e sur cordon - BRA11","isPartOf":{"@id":"https:\/\/www.lesmerveillesdupacifique.com\/fr\/#website"},"primaryImageOfPage":{"@id":"https:\/\/www.lesmerveillesdupacifique.com\/produit\/bra11-homme\/#primaryimage"},"datePublished":"2018-06-12T11:32:07+00:00","dateModified":"2025-11-05T10:48:59+00:00","description":"D\u00e9couvrez notre bracelet pour homme sur cordon confectionn\u00e9 avec une perle de Tahiti grav\u00e9e dans les ateliers Les Merveilles du Pacifique, importateur de perles de Tahiti depuis 2009.","breadcrumb":{"@id":"https:\/\/www.lesmerveillesdupacifique.com\/produit\/bra11-homme\/#breadcrumb"},"inLanguage":"en-US","potentialAction":[{"@type":"ReadAction","target":["https:\/\/www.lesmerveillesdupacifique.com\/produit\/bra11-homme\/"]}]},{"@type":"BreadcrumbList","@id":"https:\/\/www.lesmerveillesdupacifique.com\/produit\/bra11-homme\/#breadcrumb","itemListElement":[{"@type":"ListItem","position":1,"name":"Accueil","item":"https:\/\/www.lesmerveillesdupacifique.com\/"},{"@type":"ListItem","position":2,"name":"Collection","item":"https:\/\/www.lesmerveillesdupacifique.com\/fr\/shop\/"},{"@type":"ListItem","position":3,"name":"Bracelet Homme perle grav\u00e9e sur cordon \u2013 BRA11"}]}]}},"acf":[],"_links":{"self":[{"href":"https:\/\/www.lesmerveillesdupacifique.com\/en\/wp-json\/wp\/v2\/product\/600"}],"collection":[{"href":"https:\/\/www.lesmerveillesdupacifique.com\/en\/wp-json\/wp\/v2\/product"}],"about":[{"href":"https:\/\/www.lesmerveillesdupacifique.com\/en\/wp-json\/wp\/v2\/types\/product"}],"wp:featuredmedia":[{"embeddable":true,"href":"https:\/\/www.lesmerveillesdupacifique.com\/en\/wp-json\/wp\/v2\/media\/4056"}],"wp:attachment":[{"href":"https:\/\/www.lesmerveillesdupacifique.com\/en\/wp-json\/wp\/v2\/media?parent=600"}],"wp:term":[{"taxonomy":"product_cat","embeddable":true,"href":"https:\/\/www.lesmerveillesdupacifique.com\/en\/wp-json\/wp\/v2\/product_cat?post=600"},{"taxonomy":"product_tag","embeddable":true,"href":"https:\/\/www.lesmerveillesdupacifique.com\/en\/wp-json\/wp\/v2\/product_tag?post=600"}],"curies":[{"name":"wp","href":"https:\/\/api.w.org\/{rel}","templated":true}]}}