{"id":3739,"date":"2022-11-03T15:27:27","date_gmt":"2022-11-03T14:27:27","guid":{"rendered":"https:\/\/www.lesmerveillesdupacifique.com\/?post_type=product&#038;p=3739"},"modified":"2026-04-01T15:14:55","modified_gmt":"2026-04-01T13:14:55","slug":"bracelet-elastique-cerclees-bra17","status":"publish","type":"product","link":"https:\/\/www.lesmerveillesdupacifique.com\/en\/produit\/bracelet-elastique-cerclees-bra17\/","title":{"rendered":"Elastic bracelet with circled pearls &#8211; BRA17"},"content":{"rendered":"","protected":false},"excerpt":{"rendered":"<p><strong>19 or 20 Tahitian cultured pearls<\/strong><\/p>\n<p><strong>Shape:<\/strong> circled<br \/>\n<strong>Diameter:<\/strong> 8-9mm<br \/>\n<strong>Quality:<\/strong> C\/D<\/p>\n<p>Bracelet on elastic, also exists in 9-10mm<\/p>\n","protected":false},"featured_media":4031,"template":"","meta":{"_mi_skip_tracking":false},"product_cat":[24],"product_tag":[],"yoast_head":"<!-- This site is optimized with the Yoast SEO plugin v18.3 - https:\/\/yoast.com\/wordpress\/plugins\/seo\/ -->\n<title>Bracelet \u00e9lastique avec perles de culture de Tahiti cercl\u00e9es - BRA17<\/title>\n<meta name=\"description\" content=\"D\u00e9couvrez notre bracelet sur cordon \u00e9lastique confectionn\u00e9 avec des perles de Tahiti cercl\u00e9es dans les ateliers Les Merveilles du Pacifique, importateur de perles de Tahiti depuis 2009.\" \/>\n<meta name=\"robots\" content=\"index, follow, max-snippet:-1, max-image-preview:large, max-video-preview:-1\" \/>\n<link rel=\"canonical\" href=\"https:\/\/www.lesmerveillesdupacifique.com\/en\/produit\/bracelet-elastique-cerclees-bra17\/\" \/>\n<meta property=\"og:locale\" content=\"en_US\" \/>\n<meta property=\"og:type\" content=\"article\" \/>\n<meta property=\"og:title\" content=\"Bracelet \u00e9lastique avec perles de culture de Tahiti cercl\u00e9es - BRA17\" \/>\n<meta property=\"og:description\" content=\"D\u00e9couvrez notre bracelet sur cordon \u00e9lastique confectionn\u00e9 avec des perles de Tahiti cercl\u00e9es dans les ateliers Les Merveilles du Pacifique, importateur de perles de Tahiti depuis 2009.\" \/>\n<meta property=\"og:url\" content=\"https:\/\/www.lesmerveillesdupacifique.com\/produit\/bracelet-elastique-cerclees-bra17\/\" \/>\n<meta property=\"og:site_name\" content=\"Les Merveilles du Pacifique\" \/>\n<meta property=\"article:modified_time\" content=\"2026-04-01T13:14:55+00:00\" \/>\n<meta property=\"og:image\" content=\"https:\/\/www.lesmerveillesdupacifique.com\/wp-content\/uploads\/2022\/11\/BRA17.jpg\" \/>\n\t<meta property=\"og:image:width\" content=\"1090\" \/>\n\t<meta property=\"og:image:height\" content=\"727\" \/>\n\t<meta property=\"og:image:type\" content=\"image\/jpeg\" \/>\n<meta name=\"twitter:card\" content=\"summary_large_image\" \/>\n<script type=\"application\/ld+json\" class=\"yoast-schema-graph\">{\"@context\":\"https:\/\/schema.org\",\"@graph\":[{\"@type\":\"WebSite\",\"@id\":\"https:\/\/www.lesmerveillesdupacifique.com\/fr\/#website\",\"url\":\"https:\/\/www.lesmerveillesdupacifique.com\/fr\/\",\"name\":\"Les Merveilles du Pacifique\",\"description\":\"Perles de culture de Tahiti\",\"potentialAction\":[{\"@type\":\"SearchAction\",\"target\":{\"@type\":\"EntryPoint\",\"urlTemplate\":\"https:\/\/www.lesmerveillesdupacifique.com\/fr\/?s={search_term_string}\"},\"query-input\":\"required name=search_term_string\"}],\"inLanguage\":\"en-US\"},{\"@type\":\"ImageObject\",\"@id\":\"https:\/\/www.lesmerveillesdupacifique.com\/produit\/bracelet-elastique-cerclees-bra17\/#primaryimage\",\"inLanguage\":\"en-US\",\"url\":\"https:\/\/www.lesmerveillesdupacifique.com\/wp-content\/uploads\/2022\/11\/BRA17.jpg\",\"contentUrl\":\"https:\/\/www.lesmerveillesdupacifique.com\/wp-content\/uploads\/2022\/11\/BRA17.jpg\",\"width\":1090,\"height\":727,\"caption\":\"www.photographe-book-paris.com\"},{\"@type\":\"WebPage\",\"@id\":\"https:\/\/www.lesmerveillesdupacifique.com\/produit\/bracelet-elastique-cerclees-bra17\/#webpage\",\"url\":\"https:\/\/www.lesmerveillesdupacifique.com\/produit\/bracelet-elastique-cerclees-bra17\/\",\"name\":\"Bracelet \u00e9lastique avec perles de culture de Tahiti cercl\u00e9es - BRA17\",\"isPartOf\":{\"@id\":\"https:\/\/www.lesmerveillesdupacifique.com\/fr\/#website\"},\"primaryImageOfPage\":{\"@id\":\"https:\/\/www.lesmerveillesdupacifique.com\/produit\/bracelet-elastique-cerclees-bra17\/#primaryimage\"},\"datePublished\":\"2022-11-03T14:27:27+00:00\",\"dateModified\":\"2026-04-01T13:14:55+00:00\",\"description\":\"D\u00e9couvrez notre bracelet sur cordon \u00e9lastique confectionn\u00e9 avec des perles de Tahiti cercl\u00e9es dans les ateliers Les Merveilles du Pacifique, importateur de perles de Tahiti depuis 2009.\",\"breadcrumb\":{\"@id\":\"https:\/\/www.lesmerveillesdupacifique.com\/produit\/bracelet-elastique-cerclees-bra17\/#breadcrumb\"},\"inLanguage\":\"en-US\",\"potentialAction\":[{\"@type\":\"ReadAction\",\"target\":[\"https:\/\/www.lesmerveillesdupacifique.com\/produit\/bracelet-elastique-cerclees-bra17\/\"]}]},{\"@type\":\"BreadcrumbList\",\"@id\":\"https:\/\/www.lesmerveillesdupacifique.com\/produit\/bracelet-elastique-cerclees-bra17\/#breadcrumb\",\"itemListElement\":[{\"@type\":\"ListItem\",\"position\":1,\"name\":\"Accueil\",\"item\":\"https:\/\/www.lesmerveillesdupacifique.com\/\"},{\"@type\":\"ListItem\",\"position\":2,\"name\":\"Collection\",\"item\":\"https:\/\/www.lesmerveillesdupacifique.com\/fr\/shop\/\"},{\"@type\":\"ListItem\",\"position\":3,\"name\":\"Bracelet \u00e9lastique avec perles cercl\u00e9es &#8211; BRA17\"}]}]}<\/script>\n<!-- \/ Yoast SEO plugin. -->","yoast_head_json":{"title":"Bracelet \u00e9lastique avec perles de culture de Tahiti cercl\u00e9es - BRA17","description":"D\u00e9couvrez notre bracelet sur cordon \u00e9lastique confectionn\u00e9 avec des perles de Tahiti cercl\u00e9es dans les ateliers Les Merveilles du Pacifique, importateur de perles de Tahiti depuis 2009.","robots":{"index":"index","follow":"follow","max-snippet":"max-snippet:-1","max-image-preview":"max-image-preview:large","max-video-preview":"max-video-preview:-1"},"canonical":"https:\/\/www.lesmerveillesdupacifique.com\/en\/produit\/bracelet-elastique-cerclees-bra17\/","og_locale":"en_US","og_type":"article","og_title":"Bracelet \u00e9lastique avec perles de culture de Tahiti cercl\u00e9es - BRA17","og_description":"D\u00e9couvrez notre bracelet sur cordon \u00e9lastique confectionn\u00e9 avec des perles de Tahiti cercl\u00e9es dans les ateliers Les Merveilles du Pacifique, importateur de perles de Tahiti depuis 2009.","og_url":"https:\/\/www.lesmerveillesdupacifique.com\/produit\/bracelet-elastique-cerclees-bra17\/","og_site_name":"Les Merveilles du Pacifique","article_modified_time":"2026-04-01T13:14:55+00:00","og_image":[{"width":1090,"height":727,"url":"https:\/\/www.lesmerveillesdupacifique.com\/wp-content\/uploads\/2022\/11\/BRA17.jpg","type":"image\/jpeg"}],"twitter_card":"summary_large_image","schema":{"@context":"https:\/\/schema.org","@graph":[{"@type":"WebSite","@id":"https:\/\/www.lesmerveillesdupacifique.com\/fr\/#website","url":"https:\/\/www.lesmerveillesdupacifique.com\/fr\/","name":"Les Merveilles du Pacifique","description":"Perles de culture de Tahiti","potentialAction":[{"@type":"SearchAction","target":{"@type":"EntryPoint","urlTemplate":"https:\/\/www.lesmerveillesdupacifique.com\/fr\/?s={search_term_string}"},"query-input":"required name=search_term_string"}],"inLanguage":"en-US"},{"@type":"ImageObject","@id":"https:\/\/www.lesmerveillesdupacifique.com\/produit\/bracelet-elastique-cerclees-bra17\/#primaryimage","inLanguage":"en-US","url":"https:\/\/www.lesmerveillesdupacifique.com\/wp-content\/uploads\/2022\/11\/BRA17.jpg","contentUrl":"https:\/\/www.lesmerveillesdupacifique.com\/wp-content\/uploads\/2022\/11\/BRA17.jpg","width":1090,"height":727,"caption":"www.photographe-book-paris.com"},{"@type":"WebPage","@id":"https:\/\/www.lesmerveillesdupacifique.com\/produit\/bracelet-elastique-cerclees-bra17\/#webpage","url":"https:\/\/www.lesmerveillesdupacifique.com\/produit\/bracelet-elastique-cerclees-bra17\/","name":"Bracelet \u00e9lastique avec perles de culture de Tahiti cercl\u00e9es - BRA17","isPartOf":{"@id":"https:\/\/www.lesmerveillesdupacifique.com\/fr\/#website"},"primaryImageOfPage":{"@id":"https:\/\/www.lesmerveillesdupacifique.com\/produit\/bracelet-elastique-cerclees-bra17\/#primaryimage"},"datePublished":"2022-11-03T14:27:27+00:00","dateModified":"2026-04-01T13:14:55+00:00","description":"D\u00e9couvrez notre bracelet sur cordon \u00e9lastique confectionn\u00e9 avec des perles de Tahiti cercl\u00e9es dans les ateliers Les Merveilles du Pacifique, importateur de perles de Tahiti depuis 2009.","breadcrumb":{"@id":"https:\/\/www.lesmerveillesdupacifique.com\/produit\/bracelet-elastique-cerclees-bra17\/#breadcrumb"},"inLanguage":"en-US","potentialAction":[{"@type":"ReadAction","target":["https:\/\/www.lesmerveillesdupacifique.com\/produit\/bracelet-elastique-cerclees-bra17\/"]}]},{"@type":"BreadcrumbList","@id":"https:\/\/www.lesmerveillesdupacifique.com\/produit\/bracelet-elastique-cerclees-bra17\/#breadcrumb","itemListElement":[{"@type":"ListItem","position":1,"name":"Accueil","item":"https:\/\/www.lesmerveillesdupacifique.com\/"},{"@type":"ListItem","position":2,"name":"Collection","item":"https:\/\/www.lesmerveillesdupacifique.com\/fr\/shop\/"},{"@type":"ListItem","position":3,"name":"Bracelet \u00e9lastique avec perles cercl\u00e9es &#8211; BRA17"}]}]}},"acf":[],"_links":{"self":[{"href":"https:\/\/www.lesmerveillesdupacifique.com\/en\/wp-json\/wp\/v2\/product\/3739"}],"collection":[{"href":"https:\/\/www.lesmerveillesdupacifique.com\/en\/wp-json\/wp\/v2\/product"}],"about":[{"href":"https:\/\/www.lesmerveillesdupacifique.com\/en\/wp-json\/wp\/v2\/types\/product"}],"wp:featuredmedia":[{"embeddable":true,"href":"https:\/\/www.lesmerveillesdupacifique.com\/en\/wp-json\/wp\/v2\/media\/4031"}],"wp:attachment":[{"href":"https:\/\/www.lesmerveillesdupacifique.com\/en\/wp-json\/wp\/v2\/media?parent=3739"}],"wp:term":[{"taxonomy":"product_cat","embeddable":true,"href":"https:\/\/www.lesmerveillesdupacifique.com\/en\/wp-json\/wp\/v2\/product_cat?post=3739"},{"taxonomy":"product_tag","embeddable":true,"href":"https:\/\/www.lesmerveillesdupacifique.com\/en\/wp-json\/wp\/v2\/product_tag?post=3739"}],"curies":[{"name":"wp","href":"https:\/\/api.w.org\/{rel}","templated":true}]}}