{"id":2726,"date":"2020-08-26T17:45:18","date_gmt":"2020-08-26T15:45:18","guid":{"rendered":"http:\/\/www.lesmerveillesdupacifique.com\/?post_type=product&#038;p=2726"},"modified":"2021-10-26T12:48:47","modified_gmt":"2021-10-26T10:48:47","slug":"perle-ronde-a-b","status":"publish","type":"product","link":"https:\/\/www.lesmerveillesdupacifique.com\/en\/produit\/perle-ronde-a-b\/","title":{"rendered":"(Fran\u00e7ais) Perle ronde A\/B"},"content":{"rendered":"","protected":false},"excerpt":{"rendered":"<p class=\"qtranxs-available-languages-message qtranxs-available-languages-message-en\">Sorry, this entry is only available in <a href=\"https:\/\/www.lesmerveillesdupacifique.com\/fr\/wp-json\/wp\/v2\/product\/2726\" class=\"qtranxs-available-language-link qtranxs-available-language-link-fr\" title=\"Fran\u00e7ais\">French<\/a>.<\/p>\n<p><strong>Perle de culture de Tahiti nue<\/strong><br \/>\n<strong>forme<\/strong> : ronde<br \/>\n<strong>qualit\u00e9<\/strong> : A\/B<\/p>\n<p>Les perles peuvent \u00eatre perc\u00e9es sur demande au diam\u00e8tre de votre choix, de moiti\u00e9 ou de part en part<br \/>\nNous offrons le per\u00e7age \u00e0 nos clients<\/p>\n","protected":false},"featured_media":2725,"template":"","meta":{"_mi_skip_tracking":false},"product_cat":[82],"product_tag":[],"yoast_head":"<!-- This site is optimized with the Yoast SEO plugin v18.3 - https:\/\/yoast.com\/wordpress\/plugins\/seo\/ -->\n<title>(Fran\u00e7ais) Perle ronde A\/B - Les Merveilles du Pacifique<\/title>\n<meta name=\"robots\" content=\"index, follow, max-snippet:-1, max-image-preview:large, max-video-preview:-1\" \/>\n<link rel=\"canonical\" href=\"https:\/\/www.lesmerveillesdupacifique.com\/en\/produit\/perle-ronde-a-b\/\" \/>\n<meta property=\"og:locale\" content=\"en_US\" \/>\n<meta property=\"og:type\" content=\"article\" \/>\n<meta property=\"og:title\" content=\"(Fran\u00e7ais) Perle ronde A\/B - Les Merveilles du Pacifique\" \/>\n<meta property=\"og:description\" content=\"(Fran\u00e7ais) Perle de culture de Tahiti nue forme : ronde qualit\u00e9 : A\/B  Les perles peuvent \u00eatre perc\u00e9es sur demande au diam\u00e8tre de votre choix, de moiti\u00e9 ou de part en part Nous offrons le per\u00e7age \u00e0 nos clients\" \/>\n<meta property=\"og:url\" content=\"https:\/\/www.lesmerveillesdupacifique.com\/en\/produit\/perle-ronde-a-b\/\" \/>\n<meta property=\"og:site_name\" content=\"Les Merveilles du Pacifique\" \/>\n<meta property=\"article:modified_time\" content=\"2021-10-26T10:48:47+00:00\" \/>\n<meta property=\"og:image\" content=\"https:\/\/www.lesmerveillesdupacifique.com\/wp-content\/uploads\/2020\/08\/ronde.png\" \/>\n\t<meta property=\"og:image:width\" content=\"1879\" \/>\n\t<meta property=\"og:image:height\" content=\"1879\" \/>\n\t<meta property=\"og:image:type\" content=\"image\/png\" \/>\n<meta name=\"twitter:card\" content=\"summary_large_image\" \/>\n<script type=\"application\/ld+json\" class=\"yoast-schema-graph\">{\"@context\":\"https:\/\/schema.org\",\"@graph\":[{\"@type\":\"WebSite\",\"@id\":\"https:\/\/www.lesmerveillesdupacifique.com\/fr\/#website\",\"url\":\"https:\/\/www.lesmerveillesdupacifique.com\/fr\/\",\"name\":\"Les Merveilles du Pacifique\",\"description\":\"Perles de culture de Tahiti\",\"potentialAction\":[{\"@type\":\"SearchAction\",\"target\":{\"@type\":\"EntryPoint\",\"urlTemplate\":\"https:\/\/www.lesmerveillesdupacifique.com\/fr\/?s={search_term_string}\"},\"query-input\":\"required name=search_term_string\"}],\"inLanguage\":\"en-US\"},{\"@type\":\"ImageObject\",\"@id\":\"https:\/\/www.lesmerveillesdupacifique.com\/en\/produit\/perle-ronde-a-b\/#primaryimage\",\"inLanguage\":\"en-US\",\"url\":\"https:\/\/www.lesmerveillesdupacifique.com\/wp-content\/uploads\/2020\/08\/ronde.png\",\"contentUrl\":\"https:\/\/www.lesmerveillesdupacifique.com\/wp-content\/uploads\/2020\/08\/ronde.png\",\"width\":1879,\"height\":1879},{\"@type\":\"WebPage\",\"@id\":\"https:\/\/www.lesmerveillesdupacifique.com\/en\/produit\/perle-ronde-a-b\/#webpage\",\"url\":\"https:\/\/www.lesmerveillesdupacifique.com\/en\/produit\/perle-ronde-a-b\/\",\"name\":\"(Fran\u00e7ais) Perle ronde A\/B - Les Merveilles du Pacifique\",\"isPartOf\":{\"@id\":\"https:\/\/www.lesmerveillesdupacifique.com\/fr\/#website\"},\"primaryImageOfPage\":{\"@id\":\"https:\/\/www.lesmerveillesdupacifique.com\/en\/produit\/perle-ronde-a-b\/#primaryimage\"},\"datePublished\":\"2020-08-26T15:45:18+00:00\",\"dateModified\":\"2021-10-26T10:48:47+00:00\",\"breadcrumb\":{\"@id\":\"https:\/\/www.lesmerveillesdupacifique.com\/en\/produit\/perle-ronde-a-b\/#breadcrumb\"},\"inLanguage\":\"en-US\",\"potentialAction\":[{\"@type\":\"ReadAction\",\"target\":[\"https:\/\/www.lesmerveillesdupacifique.com\/en\/produit\/perle-ronde-a-b\/\"]}]},{\"@type\":\"BreadcrumbList\",\"@id\":\"https:\/\/www.lesmerveillesdupacifique.com\/en\/produit\/perle-ronde-a-b\/#breadcrumb\",\"itemListElement\":[{\"@type\":\"ListItem\",\"position\":1,\"name\":\"Accueil\",\"item\":\"https:\/\/www.lesmerveillesdupacifique.com\/\"},{\"@type\":\"ListItem\",\"position\":2,\"name\":\"Collection\",\"item\":\"https:\/\/www.lesmerveillesdupacifique.com\/fr\/shop\/\"},{\"@type\":\"ListItem\",\"position\":3,\"name\":\"(Fran\u00e7ais) Perle ronde A\/B\"}]}]}<\/script>\n<!-- \/ Yoast SEO plugin. -->","yoast_head_json":{"title":"(Fran\u00e7ais) Perle ronde A\/B - Les Merveilles du Pacifique","robots":{"index":"index","follow":"follow","max-snippet":"max-snippet:-1","max-image-preview":"max-image-preview:large","max-video-preview":"max-video-preview:-1"},"canonical":"https:\/\/www.lesmerveillesdupacifique.com\/en\/produit\/perle-ronde-a-b\/","og_locale":"en_US","og_type":"article","og_title":"(Fran\u00e7ais) Perle ronde A\/B - Les Merveilles du Pacifique","og_description":"(Fran\u00e7ais) Perle de culture de Tahiti nue forme : ronde qualit\u00e9 : A\/B  Les perles peuvent \u00eatre perc\u00e9es sur demande au diam\u00e8tre de votre choix, de moiti\u00e9 ou de part en part Nous offrons le per\u00e7age \u00e0 nos clients","og_url":"https:\/\/www.lesmerveillesdupacifique.com\/en\/produit\/perle-ronde-a-b\/","og_site_name":"Les Merveilles du Pacifique","article_modified_time":"2021-10-26T10:48:47+00:00","og_image":[{"width":1879,"height":1879,"url":"https:\/\/www.lesmerveillesdupacifique.com\/wp-content\/uploads\/2020\/08\/ronde.png","type":"image\/png"}],"twitter_card":"summary_large_image","schema":{"@context":"https:\/\/schema.org","@graph":[{"@type":"WebSite","@id":"https:\/\/www.lesmerveillesdupacifique.com\/fr\/#website","url":"https:\/\/www.lesmerveillesdupacifique.com\/fr\/","name":"Les Merveilles du Pacifique","description":"Perles de culture de Tahiti","potentialAction":[{"@type":"SearchAction","target":{"@type":"EntryPoint","urlTemplate":"https:\/\/www.lesmerveillesdupacifique.com\/fr\/?s={search_term_string}"},"query-input":"required name=search_term_string"}],"inLanguage":"en-US"},{"@type":"ImageObject","@id":"https:\/\/www.lesmerveillesdupacifique.com\/en\/produit\/perle-ronde-a-b\/#primaryimage","inLanguage":"en-US","url":"https:\/\/www.lesmerveillesdupacifique.com\/wp-content\/uploads\/2020\/08\/ronde.png","contentUrl":"https:\/\/www.lesmerveillesdupacifique.com\/wp-content\/uploads\/2020\/08\/ronde.png","width":1879,"height":1879},{"@type":"WebPage","@id":"https:\/\/www.lesmerveillesdupacifique.com\/en\/produit\/perle-ronde-a-b\/#webpage","url":"https:\/\/www.lesmerveillesdupacifique.com\/en\/produit\/perle-ronde-a-b\/","name":"(Fran\u00e7ais) Perle ronde A\/B - Les Merveilles du Pacifique","isPartOf":{"@id":"https:\/\/www.lesmerveillesdupacifique.com\/fr\/#website"},"primaryImageOfPage":{"@id":"https:\/\/www.lesmerveillesdupacifique.com\/en\/produit\/perle-ronde-a-b\/#primaryimage"},"datePublished":"2020-08-26T15:45:18+00:00","dateModified":"2021-10-26T10:48:47+00:00","breadcrumb":{"@id":"https:\/\/www.lesmerveillesdupacifique.com\/en\/produit\/perle-ronde-a-b\/#breadcrumb"},"inLanguage":"en-US","potentialAction":[{"@type":"ReadAction","target":["https:\/\/www.lesmerveillesdupacifique.com\/en\/produit\/perle-ronde-a-b\/"]}]},{"@type":"BreadcrumbList","@id":"https:\/\/www.lesmerveillesdupacifique.com\/en\/produit\/perle-ronde-a-b\/#breadcrumb","itemListElement":[{"@type":"ListItem","position":1,"name":"Accueil","item":"https:\/\/www.lesmerveillesdupacifique.com\/"},{"@type":"ListItem","position":2,"name":"Collection","item":"https:\/\/www.lesmerveillesdupacifique.com\/fr\/shop\/"},{"@type":"ListItem","position":3,"name":"(Fran\u00e7ais) Perle ronde A\/B"}]}]}},"acf":[],"_links":{"self":[{"href":"https:\/\/www.lesmerveillesdupacifique.com\/en\/wp-json\/wp\/v2\/product\/2726"}],"collection":[{"href":"https:\/\/www.lesmerveillesdupacifique.com\/en\/wp-json\/wp\/v2\/product"}],"about":[{"href":"https:\/\/www.lesmerveillesdupacifique.com\/en\/wp-json\/wp\/v2\/types\/product"}],"wp:featuredmedia":[{"embeddable":true,"href":"https:\/\/www.lesmerveillesdupacifique.com\/en\/wp-json\/wp\/v2\/media\/2725"}],"wp:attachment":[{"href":"https:\/\/www.lesmerveillesdupacifique.com\/en\/wp-json\/wp\/v2\/media?parent=2726"}],"wp:term":[{"taxonomy":"product_cat","embeddable":true,"href":"https:\/\/www.lesmerveillesdupacifique.com\/en\/wp-json\/wp\/v2\/product_cat?post=2726"},{"taxonomy":"product_tag","embeddable":true,"href":"https:\/\/www.lesmerveillesdupacifique.com\/en\/wp-json\/wp\/v2\/product_tag?post=2726"}],"curies":[{"name":"wp","href":"https:\/\/api.w.org\/{rel}","templated":true}]}}