{"id":7,"date":"2018-03-30T09:20:53","date_gmt":"2018-03-30T07:20:53","guid":{"rendered":"http:\/\/www.lesmerveillesdupacifique.com\/prod\/?page_id=7"},"modified":"2025-04-14T11:58:56","modified_gmt":"2025-04-14T09:58:56","slug":"qui-nous-sommes","status":"publish","type":"page","link":"https:\/\/www.lesmerveillesdupacifique.com\/en\/qui-nous-sommes\/","title":{"rendered":"About us"},"content":{"rendered":"<p>[vc_section full_width=&#8221;stretch_row&#8221; full_height=&#8221;yes&#8221; content_placement=&#8221;middle&#8221; css=&#8221;.vc_custom_1548319581661{background-image: url(http:\/\/www.lesmerveillesdupacifique.com\/wp-content\/uploads\/2018\/06\/ccc.jpg?id=385) !important;background-position: center !important;background-repeat: no-repeat !important;background-size: cover !important;}&#8221; el_class=&#8221;ripple-it&#8221;][vc_row][vc_column][vc_column_text]<\/p>\n<h1 style=\"text-align: center;\"><span style=\"color: #ffffff;\"><strong>Importer of cultured tahitian pearls since 2009<\/strong><\/span><\/h1>\n<p>[\/vc_column_text][\/vc_column][\/vc_row][\/vc_section][vc_section css=&#8221;.vc_custom_1589900685345{margin-top: 65px !important;}&#8221;][vc_row][vc_column width=&#8221;1\/4&#8243;][\/vc_column][vc_column width=&#8221;1\/2&#8243;][vc_column_text]<\/p>\n<h2><span class=\"Aucun\"><span lang=\"EN-GB\">All began in the heart of Polynesian pearl farms.<\/span><\/span><\/h2>\n<p>[\/vc_column_text][vc_column_text]<\/p>\n<div><span class=\"Aucun\"><span lang=\"EN-GB\">Early in the 2000s, Mehdi Abdellaoui was keen to go on an adventure to learn how to become a pearl trader on the island of Tahiti and in the picturesque atoll of the \u00celes Tuamotu-Gambier. <\/span><\/span><\/div>\n<div><\/div>\n<div><span class=\"Aucun\"><span lang=\"EN-GB\">After many years of training, he travelled back to the city with the idea of creating a Tahitian pearl company.\u00a0<\/span><\/span><span class=\"Aucun\"><span lang=\"EN-GB\">In 2009, the Parisian company Les Merveilles du Pacifique was born, an exclusive supplier to professionals in the jewellery sector.<br \/>\n<\/span><\/span><span class=\"Aucun\"><span lang=\"EN-GB\"><br \/>\n<\/span><\/span><\/div>\n<div><span class=\"Aucun\"><span lang=\"EN-GB\">Directly harvested in the pearl farms of the \u00celes Tuamotu-Gambier in French Polynesia, the pearls sold by \u00a0Les Merveilles du Pacifique are distinguished by the singularity of their natural colours. Bringing colour to the pearl market is our priority with a view to dispelling the myth that \u00a0Tahitian pearls are <\/span><\/span><span class=\"Aucun\"><span lang=\"EN-US\">\u201c<\/span><\/span><span class=\"Aucun\"><span lang=\"EN-GB\">black pearls<\/span><\/span><span class=\"Aucun\"><span lang=\"EN-US\">\u201d\u00a0<\/span><\/span><span class=\"Aucun\"><span lang=\"EN-GB\">or <\/span><\/span><span class=\"Aucun\"><span lang=\"EN-US\">\u201c<\/span><\/span><span class=\"Aucun\"><span lang=\"EN-GB\">grey pearls<\/span><\/span><span class=\"Aucun\"><span lang=\"EN-US\">\u201d<\/span><\/span><span class=\"Aucun\"><span lang=\"EN-GB\">.<br \/>\n<\/span><\/span><span class=\"Aucun\"><span lang=\"EN-GB\"><br \/>\n<\/span><\/span><\/div>\n<div><span class=\"Aucun\"><span lang=\"EN-GB\">With direct supply chains with pearl farm producers, we are able to offer the best value to our customers. We pride ourselves on our dynamism and responsiveness. <\/span><\/span><\/div>\n<p>[\/vc_column_text][\/vc_column][vc_column width=&#8221;1\/4&#8243;][\/vc_column][\/vc_row][vc_row][vc_column][vc_single_image image=&#8221;1502&#8243; img_size=&#8221;large&#8221; alignment=&#8221;center&#8221; css=&#8221;.vc_custom_1561025450291{padding-top: 40px !important;padding-bottom: 40px !important;}&#8221;][\/vc_column][\/vc_row][vc_row][vc_column width=&#8221;1\/4&#8243;][\/vc_column][vc_column width=&#8221;1\/2&#8243;][vc_column_text]<\/p>\n<h2><span class=\"Aucun\"><span lang=\"EN-GB\">After offering pearls to designer jewellers, we launched our collection of pearl jewellery in all shapes mounted on gold and rhodium silver.<\/span><\/span><\/h2>\n<p>[\/vc_column_text][vc_column_text]<\/p>\n<div><span class=\"Aucun\"><span lang=\"EN-GB\">Initially, the French market was our main target through the Parisian and Lyon show. <\/span><\/span><span class=\"Aucun\"><span lang=\"EN-GB\">In 2015, we continued our development across Europe thanks to international exhibitions. <\/span><\/span><\/div>\n<div><\/div>\n<div><span class=\"Aucun\"><span lang=\"EN-GB\">Since 2016, we have been present on the global platform in Hong-Kong. <\/span><\/span><\/div>\n<div><span class=\"Aucun\"><span lang=\"EN-GB\">\u00a0<\/span><\/span><\/div>\n<div><span class=\"Aucun\"><span lang=\"EN-GB\">Our young company prides itself on a guarantee of quality and in-depth expertise in the Tahitian cultured pearl. <\/span><\/span><span class=\"Aucun\"><span lang=\"EN-GB\">We are now one of the leading companies on the pearl market in France.<\/span><\/span><\/div>\n<p>[\/vc_column_text][\/vc_column][vc_column width=&#8221;1\/4&#8243;][\/vc_column][\/vc_row][\/vc_section]<\/p>","protected":false},"excerpt":{"rendered":"<p>[vc_section full_width=&#8221;stretch_row&#8221; full_height=&#8221;yes&#8221; content_placement=&#8221;middle&#8221; css=&#8221;.vc_custom_1548319581661{background-image: url(http:\/\/www.lesmerveillesdupacifique.com\/wp-content\/uploads\/2018\/06\/ccc.jpg?id=385) !important;background-position: center !important;background-repeat: no-repeat !important;background-size: cover !important;}&#8221; el_class=&#8221;ripple-it&#8221;][vc_row][vc_column][vc_column_text] Importer of cultured tahitian pearls since 2009 [\/vc_column_text][\/vc_column][\/vc_row][\/vc_section][vc_section css=&#8221;.vc_custom_1589900685345{margin-top: 65px !important;}&#8221;][vc_row][vc_column width=&#8221;1\/4&#8243;][\/vc_column][vc_column width=&#8221;1\/2&#8243;][vc_column_text] All began in&hellip;<\/p>\n","protected":false},"author":1,"featured_media":0,"parent":0,"menu_order":6,"comment_status":"closed","ping_status":"closed","template":"templates\/large-container.php","meta":{"_mi_skip_tracking":false},"yoast_head":"<!-- This site is optimized with the Yoast SEO plugin v18.3 - https:\/\/yoast.com\/wordpress\/plugins\/seo\/ -->\n<title>About us - Les Merveilles du Pacifique - Grossiste en perles de culture<\/title>\n<meta name=\"description\" content=\"Les Merveilles du Pacifique, grossiste en perles de Tahiti, s\u00e9lectionne des perles d\u2019exception directement issues des lagons polyn\u00e9siens. Qualit\u00e9 et authenticit\u00e9 pour les professionnels.\" \/>\n<meta name=\"robots\" content=\"index, follow, max-snippet:-1, max-image-preview:large, max-video-preview:-1\" \/>\n<link rel=\"canonical\" href=\"https:\/\/www.lesmerveillesdupacifique.com\/en\/qui-nous-sommes\/\" \/>\n<meta property=\"og:locale\" content=\"en_US\" \/>\n<meta property=\"og:type\" content=\"article\" \/>\n<meta property=\"og:title\" content=\"About us - Les Merveilles du Pacifique - Grossiste en perles de culture\" \/>\n<meta property=\"og:description\" content=\"Les Merveilles du Pacifique, grossiste en perles de Tahiti, s\u00e9lectionne des perles d\u2019exception directement issues des lagons polyn\u00e9siens. Qualit\u00e9 et authenticit\u00e9 pour les professionnels.\" \/>\n<meta property=\"og:url\" content=\"https:\/\/www.lesmerveillesdupacifique.com\/qui-nous-sommes\/\" \/>\n<meta property=\"og:site_name\" content=\"Les Merveilles du Pacifique\" \/>\n<meta property=\"article:modified_time\" content=\"2025-04-14T09:58:56+00:00\" \/>\n<meta name=\"twitter:card\" content=\"summary_large_image\" \/>\n<meta name=\"twitter:label1\" content=\"Est. reading time\" \/>\n\t<meta name=\"twitter:data1\" content=\"2 minutes\" \/>\n<script type=\"application\/ld+json\" class=\"yoast-schema-graph\">{\"@context\":\"https:\/\/schema.org\",\"@graph\":[{\"@type\":\"WebSite\",\"@id\":\"https:\/\/www.lesmerveillesdupacifique.com\/fr\/#website\",\"url\":\"https:\/\/www.lesmerveillesdupacifique.com\/fr\/\",\"name\":\"Les Merveilles du Pacifique\",\"description\":\"Perles de culture de Tahiti\",\"potentialAction\":[{\"@type\":\"SearchAction\",\"target\":{\"@type\":\"EntryPoint\",\"urlTemplate\":\"https:\/\/www.lesmerveillesdupacifique.com\/fr\/?s={search_term_string}\"},\"query-input\":\"required name=search_term_string\"}],\"inLanguage\":\"en-US\"},{\"@type\":\"WebPage\",\"@id\":\"https:\/\/www.lesmerveillesdupacifique.com\/qui-nous-sommes\/#webpage\",\"url\":\"https:\/\/www.lesmerveillesdupacifique.com\/qui-nous-sommes\/\",\"name\":\"About us - Les Merveilles du Pacifique - Grossiste en perles de culture\",\"isPartOf\":{\"@id\":\"https:\/\/www.lesmerveillesdupacifique.com\/fr\/#website\"},\"datePublished\":\"2018-03-30T07:20:53+00:00\",\"dateModified\":\"2025-04-14T09:58:56+00:00\",\"description\":\"Les Merveilles du Pacifique, grossiste en perles de Tahiti, s\u00e9lectionne des perles d\u2019exception directement issues des lagons polyn\u00e9siens. Qualit\u00e9 et authenticit\u00e9 pour les professionnels.\",\"breadcrumb\":{\"@id\":\"https:\/\/www.lesmerveillesdupacifique.com\/qui-nous-sommes\/#breadcrumb\"},\"inLanguage\":\"en-US\",\"potentialAction\":[{\"@type\":\"ReadAction\",\"target\":[\"https:\/\/www.lesmerveillesdupacifique.com\/qui-nous-sommes\/\"]}]},{\"@type\":\"BreadcrumbList\",\"@id\":\"https:\/\/www.lesmerveillesdupacifique.com\/qui-nous-sommes\/#breadcrumb\",\"itemListElement\":[{\"@type\":\"ListItem\",\"position\":1,\"name\":\"Accueil\",\"item\":\"https:\/\/www.lesmerveillesdupacifique.com\/\"},{\"@type\":\"ListItem\",\"position\":2,\"name\":\"La marque\"}]}]}<\/script>\n<!-- \/ Yoast SEO plugin. -->","yoast_head_json":{"title":"About us - Les Merveilles du Pacifique - Grossiste en perles de culture","description":"Les Merveilles du Pacifique, grossiste en perles de Tahiti, s\u00e9lectionne des perles d\u2019exception directement issues des lagons polyn\u00e9siens. Qualit\u00e9 et authenticit\u00e9 pour les professionnels.","robots":{"index":"index","follow":"follow","max-snippet":"max-snippet:-1","max-image-preview":"max-image-preview:large","max-video-preview":"max-video-preview:-1"},"canonical":"https:\/\/www.lesmerveillesdupacifique.com\/en\/qui-nous-sommes\/","og_locale":"en_US","og_type":"article","og_title":"About us - Les Merveilles du Pacifique - Grossiste en perles de culture","og_description":"Les Merveilles du Pacifique, grossiste en perles de Tahiti, s\u00e9lectionne des perles d\u2019exception directement issues des lagons polyn\u00e9siens. Qualit\u00e9 et authenticit\u00e9 pour les professionnels.","og_url":"https:\/\/www.lesmerveillesdupacifique.com\/qui-nous-sommes\/","og_site_name":"Les Merveilles du Pacifique","article_modified_time":"2025-04-14T09:58:56+00:00","twitter_card":"summary_large_image","twitter_misc":{"Est. reading time":"2 minutes"},"schema":{"@context":"https:\/\/schema.org","@graph":[{"@type":"WebSite","@id":"https:\/\/www.lesmerveillesdupacifique.com\/fr\/#website","url":"https:\/\/www.lesmerveillesdupacifique.com\/fr\/","name":"Les Merveilles du Pacifique","description":"Perles de culture de Tahiti","potentialAction":[{"@type":"SearchAction","target":{"@type":"EntryPoint","urlTemplate":"https:\/\/www.lesmerveillesdupacifique.com\/fr\/?s={search_term_string}"},"query-input":"required name=search_term_string"}],"inLanguage":"en-US"},{"@type":"WebPage","@id":"https:\/\/www.lesmerveillesdupacifique.com\/qui-nous-sommes\/#webpage","url":"https:\/\/www.lesmerveillesdupacifique.com\/qui-nous-sommes\/","name":"About us - Les Merveilles du Pacifique - Grossiste en perles de culture","isPartOf":{"@id":"https:\/\/www.lesmerveillesdupacifique.com\/fr\/#website"},"datePublished":"2018-03-30T07:20:53+00:00","dateModified":"2025-04-14T09:58:56+00:00","description":"Les Merveilles du Pacifique, grossiste en perles de Tahiti, s\u00e9lectionne des perles d\u2019exception directement issues des lagons polyn\u00e9siens. Qualit\u00e9 et authenticit\u00e9 pour les professionnels.","breadcrumb":{"@id":"https:\/\/www.lesmerveillesdupacifique.com\/qui-nous-sommes\/#breadcrumb"},"inLanguage":"en-US","potentialAction":[{"@type":"ReadAction","target":["https:\/\/www.lesmerveillesdupacifique.com\/qui-nous-sommes\/"]}]},{"@type":"BreadcrumbList","@id":"https:\/\/www.lesmerveillesdupacifique.com\/qui-nous-sommes\/#breadcrumb","itemListElement":[{"@type":"ListItem","position":1,"name":"Accueil","item":"https:\/\/www.lesmerveillesdupacifique.com\/"},{"@type":"ListItem","position":2,"name":"La marque"}]}]}},"acf":[],"_links":{"self":[{"href":"https:\/\/www.lesmerveillesdupacifique.com\/en\/wp-json\/wp\/v2\/pages\/7"}],"collection":[{"href":"https:\/\/www.lesmerveillesdupacifique.com\/en\/wp-json\/wp\/v2\/pages"}],"about":[{"href":"https:\/\/www.lesmerveillesdupacifique.com\/en\/wp-json\/wp\/v2\/types\/page"}],"author":[{"embeddable":true,"href":"https:\/\/www.lesmerveillesdupacifique.com\/en\/wp-json\/wp\/v2\/users\/1"}],"replies":[{"embeddable":true,"href":"https:\/\/www.lesmerveillesdupacifique.com\/en\/wp-json\/wp\/v2\/comments?post=7"}],"version-history":[{"count":1,"href":"https:\/\/www.lesmerveillesdupacifique.com\/en\/wp-json\/wp\/v2\/pages\/7\/revisions"}],"predecessor-version":[{"id":4310,"href":"https:\/\/www.lesmerveillesdupacifique.com\/en\/wp-json\/wp\/v2\/pages\/7\/revisions\/4310"}],"wp:attachment":[{"href":"https:\/\/www.lesmerveillesdupacifique.com\/en\/wp-json\/wp\/v2\/media?parent=7"}],"curies":[{"name":"wp","href":"https:\/\/api.w.org\/{rel}","templated":true}]}}