{"id":5,"date":"2018-03-30T09:20:42","date_gmt":"2018-03-30T07:20:42","guid":{"rendered":"http:\/\/www.lesmerveillesdupacifique.com\/prod\/?page_id=5"},"modified":"2025-04-14T11:30:37","modified_gmt":"2025-04-14T09:30:37","slug":"la-perle-de-culture-de-tahiti","status":"publish","type":"page","link":"https:\/\/www.lesmerveillesdupacifique.com\/en\/la-perle-de-culture-de-tahiti\/","title":{"rendered":"The Tahitian Cultured Pearl"},"content":{"rendered":"<p>[vc_section full_width=&#8221;stretch_row&#8221; full_height=&#8221;yes&#8221; content_placement=&#8221;middle&#8221; css=&#8221;.vc_custom_1550242420866{background-image: url(http:\/\/www.lesmerveillesdupacifique.com\/wp-content\/uploads\/2019\/02\/perle-2.jpg?id=1389) !important;background-position: center !important;background-repeat: no-repeat !important;background-size: cover !important;}&#8221; el_class=&#8221;ripple-it&#8221;][vc_row][vc_column width=&#8221;1\/4&#8243;][\/vc_column][vc_column width=&#8221;1\/2&#8243;][vc_column_text el_class=&#8221;white-box-hero&#8221;]<\/p>\n<h1 style=\"text-align: center;\"><span style=\"color: #000000;\"><span style=\"caret-color: #000000;\">The Tahitian Cultured Pearl<\/span><\/span><\/h1>\n<p style=\"text-align: center;\">The beauty of the Tahitian pearl results from what the most beautiful things that nature has to offer and thanks to a skilled labour for the complex and delicate work of the pearl culture.<\/p>\n<p>[\/vc_column_text][\/vc_column][vc_column width=&#8221;1\/4&#8243;][\/vc_column][\/vc_row][\/vc_section][vc_section full_width=&#8221;stretch_row_content&#8221; css=&#8221;.vc_custom_1526544188055{margin: 0px !important;border-width: 0px !important;padding: 0px !important;background-color: #f9f9f9 !important;}&#8221;][vc_row full_width=&#8221;stretch_row_content_no_spaces&#8221; content_placement=&#8221;middle&#8221;][vc_column width=&#8221;1\/2&#8243; css=&#8221;.vc_custom_1526542990478{padding-right: 13% !important;padding-left: 13% !important;}&#8221;][vc_column_text]<\/p>\n<h2 style=\"text-align: center;\">What is the Tahitian pearl ?<\/h2>\n<p style=\"text-align: center;\">The Tahitian pearl is a cultured pearl which is exclusively cultivated in the Polynesian lagoons, in the black-lipped\u00a0oyster, otherwise referred to as Pinctada Margaritifera.<br \/>\nIts formation requires human input to carry out the graft, hence its name \u201ccultured pearl\u201d. On the other hand, following this stage, the pearl follows a natural development process.<br \/>\nAmong all types of pearls, the Tahitian pearl has the largest range of colours. It can be green, blue, grey, black, purple, bronze, brown, pink, etc.<\/p>\n<p>[\/vc_column_text][\/vc_column][vc_column width=&#8221;1\/2&#8243;][vc_single_image image=&#8221;3239&#8243; img_size=&#8221;full&#8221; css=&#8221;.vc_custom_1618916823407{margin-bottom: 0px !important;}&#8221;][\/vc_column][\/vc_row][\/vc_section][vc_section full_width=&#8221;stretch_row_content&#8221; css=&#8221;.vc_custom_1526544230546{margin: 0px !important;border-width: 0px !important;padding: 0px !important;background-color: #f9f9f9 !important;}&#8221;][vc_row full_width=&#8221;stretch_row_content_no_spaces&#8221; content_placement=&#8221;middle&#8221;][vc_column width=&#8221;1\/2&#8243;][vc_column_text css=&#8221;.vc_custom_1598525771668{margin-bottom: 0px !important;}&#8221;]<\/p>\n<p><iframe loading=\"lazy\" title=\"La perliculture \u00e0 Tahiti\" width=\"1333\" height=\"1000\" src=\"https:\/\/www.youtube.com\/embed\/u6f5WMU4vJY?start=291&#038;feature=oembed\" frameborder=\"0\" allow=\"accelerometer; autoplay; clipboard-write; encrypted-media; gyroscope; picture-in-picture; web-share\" referrerpolicy=\"strict-origin-when-cross-origin\" allowfullscreen><\/iframe><\/p>\n<p>[\/vc_column_text][\/vc_column][vc_column width=&#8221;1\/2&#8243; css=&#8221;.vc_custom_1526543139723{padding-right: 13% !important;padding-left: 13% !important;}&#8221;][vc_column_text]<\/p>\n<h2 style=\"text-align: center;\">The pearl culture<\/h2>\n<p style=\"text-align: center;\">In the past, pearls were obtained only by chance. These were natural pearls.<br \/>\nThe cultured pearl was born at the beginning of the 20th century in Japan, before extending in all the archipelagos of the Pacific Ocean.<\/p>\n<p style=\"text-align: center;\">The pearl culture for the Tahitian pearl was developed in the 1960s in the Polynesian lagoons.<\/p>\n<p style=\"text-align: center;\">Natural pearls still exist but are less sought after, in spite of their rarity, because they are often irregular and very expensive.<\/p>\n<p>[\/vc_column_text][\/vc_column][\/vc_row][\/vc_section][vc_section full_width=&#8221;stretch_row_content&#8221; css=&#8221;.vc_custom_1526556748513{margin-top: 0px !important;margin-right: 0px !important;margin-bottom: 0px !important;margin-left: 0px !important;border-top-width: 0px !important;border-right-width: 0px !important;border-bottom-width: 0px !important;border-left-width: 0px !important;padding-top: 0px !important;padding-right: 0px !important;padding-bottom: 0px !important;padding-left: 0px !important;background-color: #f9f9f9 !important;}&#8221;][vc_row full_width=&#8221;stretch_row_content_no_spaces&#8221; content_placement=&#8221;middle&#8221;][vc_column width=&#8221;1\/2&#8243; css=&#8221;.vc_custom_1526543311111{padding-right: 13% !important;padding-left: 13% !important;}&#8221;][vc_column_text]<\/p>\n<h2 style=\"text-align: center;\">The Life in the Pearl Farms<\/h2>\n<p>&nbsp;<\/p>\n<p style=\"text-align: center;\">The culture of Tahitian pearls requires excellent quality of life of oysters and diligent maintenance of mother-of-pearls.\u00a0The profession of pearl farmer is a hard work which begins very early the morning and requires a lot of energy.\u00a0The grafters, who start the process, are required to carry out highly skilful work. Many years of practice are required to make a success of the majority of their grafts.<\/p>\n<p style=\"text-align: center;\">Fishermen lift heavy strings and nets of mother-of-pearl, which they clean regularly so that the oyster feeds as best as possible.<\/p>\n<p style=\"text-align: center;\">All this work is carried out under the scorching sun, on the \u00celes Tuamotu-Gambier .<\/p>\n<p style=\"text-align: center;\">The beauty of the Tahitian pearl is the result of taking the most exquisite things that nature and letting a skilled hand carry out complex and delicate work.<\/p>\n<p>[\/vc_column_text][\/vc_column][vc_column width=&#8221;1\/2&#8243;][vc_single_image image=&#8221;164&#8243; img_size=&#8221;full&#8221; css=&#8221;.vc_custom_1589904975971{margin-bottom: 0px !important;}&#8221;][\/vc_column][\/vc_row][\/vc_section][vc_row][vc_column width=&#8221;1\/3&#8243;][\/vc_column][vc_column width=&#8221;1\/3&#8243;][vc_images_carousel images=&#8221;3230,3229,3231,3232,3236,3237&#8243; img_size=&#8221;full&#8221; onclick=&#8221;link_no&#8221; autoplay=&#8221;yes&#8221; wrap=&#8221;yes&#8221;][\/vc_column][vc_column width=&#8221;1\/3&#8243;][\/vc_column][\/vc_row][vc_section full_width=&#8221;stretch_row_content&#8221; css=&#8221;.vc_custom_1526556754206{margin-top: 0px !important;margin-right: 0px !important;margin-bottom: 0px !important;margin-left: 0px !important;border-top-width: 0px !important;border-right-width: 0px !important;border-bottom-width: 0px !important;border-left-width: 0px !important;padding-top: 0px !important;padding-right: 0px !important;padding-bottom: 0px !important;padding-left: 0px !important;background-color: #f9f9f9 !important;}&#8221;][vc_row full_width=&#8221;stretch_row_content_no_spaces&#8221; content_placement=&#8221;middle&#8221;][vc_column width=&#8221;1\/2&#8243;][vc_single_image image=&#8221;209&#8243; img_size=&#8221;full&#8221; css=&#8221;.vc_custom_1589904983317{margin-bottom: 0px !important;}&#8221;][\/vc_column][vc_column width=&#8221;1\/2&#8243; css=&#8221;.vc_custom_1526554875205{padding-right: 13% !important;padding-left: 13% !important;}&#8221;][vc_column_text]<\/p>\n<h2 style=\"text-align: center;\">The Engraved Pearl<\/h2>\n<p style=\"text-align: center;\">Round and baroque pearls are engraved in Tahiti by renowned tattoo artists.<\/p>\n<p style=\"text-align: center;\">The art of the engraving is a local know-how. In Tahitian culture, the pearls are decorated with \u00a0motifs, which take inspiration from \u00a0Maori tattoos.<\/p>\n<p style=\"text-align: center;\">Engraving mother-of-pearl requires a perfect understanding of this craftsmanship since the pearl is very soft and the tattoo artist is not immune to errors.<\/p>\n<p>[\/vc_column_text][\/vc_column][\/vc_row][\/vc_section][vc_section full_width=&#8221;stretch_row_content&#8221; css=&#8221;.vc_custom_1526556754206{margin-top: 0px !important;margin-right: 0px !important;margin-bottom: 0px !important;margin-left: 0px !important;border-top-width: 0px !important;border-right-width: 0px !important;border-bottom-width: 0px !important;border-left-width: 0px !important;padding-top: 0px !important;padding-right: 0px !important;padding-bottom: 0px !important;padding-left: 0px !important;background-color: #f9f9f9 !important;}&#8221;][vc_row full_width=&#8221;stretch_row_content_no_spaces&#8221; content_placement=&#8221;middle&#8221;][vc_column width=&#8221;1\/2&#8243; css=&#8221;.vc_custom_1526558579025{padding-right: 13% !important;padding-left: 13% !important;}&#8221;][vc_column_text]<\/p>\n<h2 style=\"text-align: center;\">Drilling pearls<\/h2>\n<div style=\"text-align: center;\"><span class=\"Aucun\"><span lang=\"EN-GB\">The drilling of pearls requires a machine that keeps them perfectly in their axis of symmetry as it drills halfway or all of the way through the centre. <\/span><\/span><\/div>\n<div style=\"text-align: center;\"><\/div>\n<div style=\"text-align: center;\"><span class=\"Aucun\"><span lang=\"EN-GB\">We offer our customers the option of drilling purchased pearls in the diameter of their choice. <\/span><\/span><\/div>\n<p>[\/vc_column_text][\/vc_column][vc_column width=&#8221;1\/2&#8243;][vc_single_image image=&#8221;210&#8243; img_size=&#8221;full&#8221; css=&#8221;.vc_custom_1589904988213{margin-bottom: 0px !important;}&#8221;][\/vc_column][\/vc_row][\/vc_section][vc_section full_width=&#8221;stretch_row_content&#8221; css=&#8221;.vc_custom_1526556754206{margin-top: 0px !important;margin-right: 0px !important;margin-bottom: 0px !important;margin-left: 0px !important;border-top-width: 0px !important;border-right-width: 0px !important;border-bottom-width: 0px !important;border-left-width: 0px !important;padding-top: 0px !important;padding-right: 0px !important;padding-bottom: 0px !important;padding-left: 0px !important;background-color: #f9f9f9 !important;}&#8221;][vc_row full_width=&#8221;stretch_row_content_no_spaces&#8221; content_placement=&#8221;middle&#8221;][vc_column width=&#8221;1\/2&#8243;][vc_single_image image=&#8221;3296&#8243; img_size=&#8221;full&#8221; css=&#8221;.vc_custom_1619173203741{margin-bottom: 0px !important;}&#8221;][\/vc_column][vc_column width=&#8221;1\/2&#8243; css=&#8221;.vc_custom_1526554875205{padding-right: 13% !important;padding-left: 13% !important;}&#8221;][vc_column_text]<\/p>\n<div class=\"tr-column clearfix\">\n<div class=\"search-main-wrap search-long\">\n<div class=\"translation-wrap clearfix\">\n<div class=\"right-side-wrap\">\n<div id=\"google_ads_iframe_\/2629866\/Reverso_300x250_result_0__container__\">\n<h2 style=\"text-align: center;\"><span id=\"s2_1\">The golden age of the pearl<\/span><\/h2>\n<p style=\"text-align: center;\"><span id=\"s2_2\">The period of the Renaissance (1492-1630), also called the &#8220;golden age of the pearl&#8221; by historians, was very important in the history of the pearl.<\/span> <span id=\"s2_3\">In fact, these treasures arrived by whole boats on the markets of Europe to decorate the clothes of the nobles and monarchs of the time.<\/span><\/p>\n<p style=\"text-align: center;\"><span id=\"s2_4\">Throughout this period, jewellery was associated with clothing, including brooches, hat jewelry, hair jewelry, tiaras and beaded ribbons.<\/span> <span id=\"s2_5\">Integrated into the clothes, it became a fashion accessory in its own right.<\/span><\/p>\n<p style=\"text-align: center;\"><span id=\"s2_6\">The pearl necklaces were present in the portrait of almost all the women of the time: Catherine de Medici (queen of France), Marie de Medici (queen mother), Elizabeth I (queen of England)&#8230;. They were great amateurs and ambassadors<\/span><\/p>\n<\/div>\n<\/div>\n<\/div>\n<\/div>\n<\/div>\n<div class=\"sExt1 right-side\">\n<div class=\"comvertical\">\n<div class=\"col2content b2CExt3\">\n<div id=\"regularBnr\">\n<div id=\"div-gpt-ad-Reverso_RichMedia\" data-google-query-id=\"CPW6weSRlPACFUSDhQodUm4JmA\">\n<div id=\"google_ads_iframe_\/2629866\/Reverso_RichMedia_0__container__\" style=\"text-align: center;\">But also among the men who were covered from head to toe: Francis I (kings of France), Henry IV (kings of France), Charles I (kings of England)&#8230;<\/div>\n<\/div>\n<\/div>\n<\/div>\n<\/div>\n<\/div>\n<p>[\/vc_column_text][vc_raw_js]JTNDc2NyaXB0JTNFJTBBJTI0JTI4ZG9jdW1lbnQlMjkucmVhZHklMjhmdW5jdGlvbiUyOCUyOSUyMCU3QiUwQSUyMCUyMCUyMCUyNCUyOCUyNy5yaXBwbGUtaXQlMjclMjkucmlwcGxlcyUyOCU3QiUwQSUwOWltYWdlVXJsJTNBJTIwbnVsbCUyQyUwQSUwOXJlc29sdXRpb24lM0ElMjAyNTYlMkMlMEElMDlkcm9wUmFkaXVzJTNBJTIwMTQlMkMlMEElMDlwZXJ0dXJiYW5jZSUzQSUyMDAuMDElMkMlMEElMDlpbnRlcmFjdGl2ZSUzQSUyMHRydWUlMkMlMEElMjAlMjAlMjAlMjAlN0QlMjklM0IlMEElN0QlMjklM0IlMEElM0MlMkZzY3JpcHQlM0U=[\/vc_raw_js][\/vc_column][\/vc_row][\/vc_section]<\/p>","protected":false},"excerpt":{"rendered":"<p>[vc_section full_width=&#8221;stretch_row&#8221; full_height=&#8221;yes&#8221; content_placement=&#8221;middle&#8221; css=&#8221;.vc_custom_1550242420866{background-image: url(http:\/\/www.lesmerveillesdupacifique.com\/wp-content\/uploads\/2019\/02\/perle-2.jpg?id=1389) !important;background-position: center !important;background-repeat: no-repeat !important;background-size: cover !important;}&#8221; el_class=&#8221;ripple-it&#8221;][vc_row][vc_column width=&#8221;1\/4&#8243;][\/vc_column][vc_column width=&#8221;1\/2&#8243;][vc_column_text el_class=&#8221;white-box-hero&#8221;] The Tahitian Cultured Pearl The beauty of the Tahitian pearl results from what&hellip;<\/p>\n","protected":false},"author":1,"featured_media":0,"parent":0,"menu_order":1,"comment_status":"closed","ping_status":"closed","template":"","meta":{"_mi_skip_tracking":false},"yoast_head":"<!-- This site is optimized with the Yoast SEO plugin v18.3 - https:\/\/yoast.com\/wordpress\/plugins\/seo\/ -->\n<title>The Tahitian Cultured Pearl - Les Merveilles du Pacifique<\/title>\n<meta name=\"description\" content=\"Qu&#039;est-ce que la perle de culture de Tahiti et comment se forme-t-elle dans les fermes perli\u00e8res sp\u00e9cialis\u00e9es en perliculture ? Tout savoir avec Les Merveilles du Pacifique.\" \/>\n<meta name=\"robots\" content=\"index, follow, max-snippet:-1, max-image-preview:large, max-video-preview:-1\" \/>\n<link rel=\"canonical\" href=\"https:\/\/www.lesmerveillesdupacifique.com\/en\/la-perle-de-culture-de-tahiti\/\" \/>\n<meta property=\"og:locale\" content=\"en_US\" \/>\n<meta property=\"og:type\" content=\"article\" \/>\n<meta property=\"og:title\" content=\"The Tahitian Cultured Pearl - Les Merveilles du Pacifique\" \/>\n<meta property=\"og:description\" content=\"Qu&#039;est-ce que la perle de culture de Tahiti et comment se forme-t-elle dans les fermes perli\u00e8res sp\u00e9cialis\u00e9es en perliculture ? Tout savoir avec Les Merveilles du Pacifique.\" \/>\n<meta property=\"og:url\" content=\"https:\/\/www.lesmerveillesdupacifique.com\/la-perle-de-culture-de-tahiti\/\" \/>\n<meta property=\"og:site_name\" content=\"Les Merveilles du Pacifique\" \/>\n<meta property=\"article:modified_time\" content=\"2025-04-14T09:30:37+00:00\" \/>\n<meta name=\"twitter:card\" content=\"summary_large_image\" \/>\n<meta name=\"twitter:label1\" content=\"Est. reading time\" \/>\n\t<meta name=\"twitter:data1\" content=\"5 minutes\" \/>\n<script type=\"application\/ld+json\" class=\"yoast-schema-graph\">{\"@context\":\"https:\/\/schema.org\",\"@graph\":[{\"@type\":\"WebSite\",\"@id\":\"https:\/\/www.lesmerveillesdupacifique.com\/fr\/#website\",\"url\":\"https:\/\/www.lesmerveillesdupacifique.com\/fr\/\",\"name\":\"Les Merveilles du Pacifique\",\"description\":\"Perles de culture de Tahiti\",\"potentialAction\":[{\"@type\":\"SearchAction\",\"target\":{\"@type\":\"EntryPoint\",\"urlTemplate\":\"https:\/\/www.lesmerveillesdupacifique.com\/fr\/?s={search_term_string}\"},\"query-input\":\"required name=search_term_string\"}],\"inLanguage\":\"en-US\"},{\"@type\":\"WebPage\",\"@id\":\"https:\/\/www.lesmerveillesdupacifique.com\/la-perle-de-culture-de-tahiti\/#webpage\",\"url\":\"https:\/\/www.lesmerveillesdupacifique.com\/la-perle-de-culture-de-tahiti\/\",\"name\":\"The Tahitian Cultured Pearl - Les Merveilles du Pacifique\",\"isPartOf\":{\"@id\":\"https:\/\/www.lesmerveillesdupacifique.com\/fr\/#website\"},\"datePublished\":\"2018-03-30T07:20:42+00:00\",\"dateModified\":\"2025-04-14T09:30:37+00:00\",\"description\":\"Qu'est-ce que la perle de culture de Tahiti et comment se forme-t-elle dans les fermes perli\u00e8res sp\u00e9cialis\u00e9es en perliculture ? Tout savoir avec Les Merveilles du Pacifique.\",\"breadcrumb\":{\"@id\":\"https:\/\/www.lesmerveillesdupacifique.com\/la-perle-de-culture-de-tahiti\/#breadcrumb\"},\"inLanguage\":\"en-US\",\"potentialAction\":[{\"@type\":\"ReadAction\",\"target\":[\"https:\/\/www.lesmerveillesdupacifique.com\/la-perle-de-culture-de-tahiti\/\"]}]},{\"@type\":\"BreadcrumbList\",\"@id\":\"https:\/\/www.lesmerveillesdupacifique.com\/la-perle-de-culture-de-tahiti\/#breadcrumb\",\"itemListElement\":[{\"@type\":\"ListItem\",\"position\":1,\"name\":\"Accueil\",\"item\":\"https:\/\/www.lesmerveillesdupacifique.com\/\"},{\"@type\":\"ListItem\",\"position\":2,\"name\":\"La perle de culture de Tahiti\"}]}]}<\/script>\n<!-- \/ Yoast SEO plugin. -->","yoast_head_json":{"title":"The Tahitian Cultured Pearl - Les Merveilles du Pacifique","description":"Qu'est-ce que la perle de culture de Tahiti et comment se forme-t-elle dans les fermes perli\u00e8res sp\u00e9cialis\u00e9es en perliculture ? Tout savoir avec Les Merveilles du Pacifique.","robots":{"index":"index","follow":"follow","max-snippet":"max-snippet:-1","max-image-preview":"max-image-preview:large","max-video-preview":"max-video-preview:-1"},"canonical":"https:\/\/www.lesmerveillesdupacifique.com\/en\/la-perle-de-culture-de-tahiti\/","og_locale":"en_US","og_type":"article","og_title":"The Tahitian Cultured Pearl - Les Merveilles du Pacifique","og_description":"Qu'est-ce que la perle de culture de Tahiti et comment se forme-t-elle dans les fermes perli\u00e8res sp\u00e9cialis\u00e9es en perliculture ? Tout savoir avec Les Merveilles du Pacifique.","og_url":"https:\/\/www.lesmerveillesdupacifique.com\/la-perle-de-culture-de-tahiti\/","og_site_name":"Les Merveilles du Pacifique","article_modified_time":"2025-04-14T09:30:37+00:00","twitter_card":"summary_large_image","twitter_misc":{"Est. reading time":"5 minutes"},"schema":{"@context":"https:\/\/schema.org","@graph":[{"@type":"WebSite","@id":"https:\/\/www.lesmerveillesdupacifique.com\/fr\/#website","url":"https:\/\/www.lesmerveillesdupacifique.com\/fr\/","name":"Les Merveilles du Pacifique","description":"Perles de culture de Tahiti","potentialAction":[{"@type":"SearchAction","target":{"@type":"EntryPoint","urlTemplate":"https:\/\/www.lesmerveillesdupacifique.com\/fr\/?s={search_term_string}"},"query-input":"required name=search_term_string"}],"inLanguage":"en-US"},{"@type":"WebPage","@id":"https:\/\/www.lesmerveillesdupacifique.com\/la-perle-de-culture-de-tahiti\/#webpage","url":"https:\/\/www.lesmerveillesdupacifique.com\/la-perle-de-culture-de-tahiti\/","name":"The Tahitian Cultured Pearl - Les Merveilles du Pacifique","isPartOf":{"@id":"https:\/\/www.lesmerveillesdupacifique.com\/fr\/#website"},"datePublished":"2018-03-30T07:20:42+00:00","dateModified":"2025-04-14T09:30:37+00:00","description":"Qu'est-ce que la perle de culture de Tahiti et comment se forme-t-elle dans les fermes perli\u00e8res sp\u00e9cialis\u00e9es en perliculture ? Tout savoir avec Les Merveilles du Pacifique.","breadcrumb":{"@id":"https:\/\/www.lesmerveillesdupacifique.com\/la-perle-de-culture-de-tahiti\/#breadcrumb"},"inLanguage":"en-US","potentialAction":[{"@type":"ReadAction","target":["https:\/\/www.lesmerveillesdupacifique.com\/la-perle-de-culture-de-tahiti\/"]}]},{"@type":"BreadcrumbList","@id":"https:\/\/www.lesmerveillesdupacifique.com\/la-perle-de-culture-de-tahiti\/#breadcrumb","itemListElement":[{"@type":"ListItem","position":1,"name":"Accueil","item":"https:\/\/www.lesmerveillesdupacifique.com\/"},{"@type":"ListItem","position":2,"name":"La perle de culture de Tahiti"}]}]}},"acf":[],"_links":{"self":[{"href":"https:\/\/www.lesmerveillesdupacifique.com\/en\/wp-json\/wp\/v2\/pages\/5"}],"collection":[{"href":"https:\/\/www.lesmerveillesdupacifique.com\/en\/wp-json\/wp\/v2\/pages"}],"about":[{"href":"https:\/\/www.lesmerveillesdupacifique.com\/en\/wp-json\/wp\/v2\/types\/page"}],"author":[{"embeddable":true,"href":"https:\/\/www.lesmerveillesdupacifique.com\/en\/wp-json\/wp\/v2\/users\/1"}],"replies":[{"embeddable":true,"href":"https:\/\/www.lesmerveillesdupacifique.com\/en\/wp-json\/wp\/v2\/comments?post=5"}],"version-history":[{"count":1,"href":"https:\/\/www.lesmerveillesdupacifique.com\/en\/wp-json\/wp\/v2\/pages\/5\/revisions"}],"predecessor-version":[{"id":4302,"href":"https:\/\/www.lesmerveillesdupacifique.com\/en\/wp-json\/wp\/v2\/pages\/5\/revisions\/4302"}],"wp:attachment":[{"href":"https:\/\/www.lesmerveillesdupacifique.com\/en\/wp-json\/wp\/v2\/media?parent=5"}],"curies":[{"name":"wp","href":"https:\/\/api.w.org\/{rel}","templated":true}]}}