{"id":3190,"date":"2021-04-13T10:50:08","date_gmt":"2021-04-13T08:50:08","guid":{"rendered":"https:\/\/www.lesmerveillesdupacifique.com\/?page_id=3190"},"modified":"2025-04-14T11:47:20","modified_gmt":"2025-04-14T09:47:20","slug":"5-etapes-de-la-formation-de-la-perle","status":"publish","type":"page","link":"https:\/\/www.lesmerveillesdupacifique.com\/en\/5-etapes-de-la-formation-de-la-perle\/","title":{"rendered":"5 steps of pearl farming process"},"content":{"rendered":"<p>[vc_row][vc_column][vc_column_text][\/vc_column_text][\/vc_column][\/vc_row][vc_section full_width=&#8221;stretch_row&#8221; full_height=&#8221;yes&#8221; content_placement=&#8221;middle&#8221; css=&#8221;.vc_custom_1618839599260{background-image: url(https:\/\/www.lesmerveillesdupacifique.com\/wp-content\/uploads\/2018\/07\/home-1.jpg?id=690) !important;background-position: center !important;background-repeat: no-repeat !important;background-size: cover !important;}&#8221; el_class=&#8221;ripple-it&#8221;][vc_row][vc_column width=&#8221;1\/4&#8243;][\/vc_column][vc_column width=&#8221;1\/2&#8243;][vc_column_text el_class=&#8221;white-box-hero&#8221;]<\/p>\n<h1 style=\"text-align: center;\">Pearl farming process<\/h1>\n<p id=\"trtext\"><span id=\"s2_1\">Unlike fine pearls, cultured pearls produce a larger harvest.<\/span> <span id=\"s2_2\">Cultivating pearls involves introducing an external element inside the oyster.<\/span> <span id=\"s2_3\">This process requiring the hand of man will allow the oyster to protect itself by creating a layer of mother-of-pearl around the foreign body.<\/span> <span id=\"s2_4\">The formation of the Tahitian pearl is formed in 5 steps:<\/span><\/p>\n<p>[\/vc_column_text][\/vc_column][vc_column width=&#8221;1\/4&#8243;][\/vc_column][\/vc_row][\/vc_section][vc_section full_width=&#8221;stretch_row_content&#8221; css=&#8221;.vc_custom_1526544188055{margin: 0px !important;border-width: 0px !important;padding: 0px !important;background-color: #f9f9f9 !important;}&#8221;][vc_row full_width=&#8221;stretch_row_content_no_spaces&#8221; content_placement=&#8221;middle&#8221;][vc_column width=&#8221;1\/2&#8243; css=&#8221;.vc_custom_1526542990478{padding-right: 13% !important;padding-left: 13% !important;}&#8221;][vc_column_text]<\/p>\n<h2 style=\"text-align: center;\">1 &#8211; The resource<\/h2>\n<div id=\"trtext\"><span id=\"s2_1\">The Tahitian pearl is grown exclusively in the Polynesian lagoons, in the black-lipped oyster, otherwise known as Pinctada Margaritifera.<\/span> <span id=\"s2_2\">This name designates both the treasure and the pearl.<\/span> <span id=\"s2_3\">It is exceedingly fragile and lives only in a few Pacific lagoons.<\/span> <span id=\"s2_4\">This mollusk has the ability to reproduce easily on a regular basis especially in intersaisons.<\/span><\/div>\n<p><span class=\"JsGRdQ\">\u00a0<\/span>[\/vc_column_text][\/vc_column][vc_column width=&#8221;1\/2&#8243;][vc_single_image image=&#8221;161&#8243; img_size=&#8221;full&#8221; css=&#8221;.vc_custom_1618839081715{margin-bottom: 0px !important;}&#8221;][\/vc_column][\/vc_row][\/vc_section][vc_section full_width=&#8221;stretch_row_content&#8221; css=&#8221;.vc_custom_1526544230546{margin: 0px !important;border-width: 0px !important;padding: 0px !important;background-color: #f9f9f9 !important;}&#8221;][vc_row full_width=&#8221;stretch_row_content_no_spaces&#8221; content_placement=&#8221;middle&#8221;][vc_column width=&#8221;1\/2&#8243;][vc_single_image image=&#8221;3193&#8243; img_size=&#8221;full&#8221; css=&#8221;.vc_custom_1618840793624{margin-bottom: 0px !important;}&#8221;][\/vc_column][vc_column width=&#8221;1\/2&#8243; css=&#8221;.vc_custom_1526543139723{padding-right: 13% !important;padding-left: 13% !important;}&#8221;][vc_column_text]<\/p>\n<h2 style=\"text-align: center;\">2 &#8211; Spat collecting<\/h2>\n<div id=\"trtext\">\n<p><span id=\"s2_1\">During the spawning period of the oysters, collectors are installed in the lagoon to allow the male and female gametes to mix in order to give birth to larvae of nacres called spat.<\/span> <span id=\"s2_2\">These collectors are pieces of black plastic attached to ropes.<\/span> <span id=\"s2_3\">This makes it possible to capture the larvae of the mother-of-pearl so that they cling and grow.<\/span><\/p>\n<p><span id=\"s2_4\">Once the spat is collected, the removal operation begins.<\/span> <span id=\"s2_5\">This involves removing the larvae (spat) from the collectors.<\/span> <span id=\"s2_6\">The spat is then pierced and suspended by a nylon thread with strings called beads that will support 10 to 20 oysters.<\/span> <span id=\"s2_7\">This thread allows to recreate the link that united the spat to its collector.<\/span><\/p>\n<\/div>\n<p>[\/vc_column_text][\/vc_column][\/vc_row][\/vc_section][vc_section full_width=&#8221;stretch_row_content&#8221; css=&#8221;.vc_custom_1526544272370{margin: 0px !important;border-width: 0px !important;padding: 0px !important;background-color: #f9f9f9 !important;}&#8221;][vc_row full_width=&#8221;stretch_row_content_no_spaces&#8221; content_placement=&#8221;middle&#8221;][vc_column width=&#8221;1\/2&#8243; css=&#8221;.vc_custom_1526543153898{padding-right: 13% !important;padding-left: 13% !important;}&#8221;][vc_column_text]<\/p>\n<h2 style=\"text-align: center;\">3 &#8211; Breeding<\/h2>\n<div id=\"trtext\">\n<p><span id=\"s2_1\">The rearing of Pinctada Margaritifera oysters requires optimal monitoring both for their health and for their protection against natural predators.<\/span><\/p>\n<p><span id=\"s2_2\">To promote their growth, regular and thorough cleaning is essential.<\/span> <span id=\"s2_3\">Two to four times a year, the oysters are removed from the water to be thoroughly cleaned (high pressure cleaner).<\/span> <span id=\"s2_4\">This work consists of removing all the shells, molluscs and algae that stick to them and that disturb the good development of the oyster.<\/span><\/p>\n<p><span id=\"s2_5\">It is only after three years that the oysters can be grafted.<\/span><\/p>\n<\/div>\n<p>[\/vc_column_text][\/vc_column][vc_column width=&#8221;1\/2&#8243;][vc_single_image image=&#8221;3196&#8243; img_size=&#8221;full&#8221; css=&#8221;.vc_custom_1618840971970{margin-bottom: 0px !important;}&#8221;][\/vc_column][\/vc_row][\/vc_section][vc_section full_width=&#8221;stretch_row_content&#8221; css=&#8221;.vc_custom_1526556748513{margin-top: 0px !important;margin-right: 0px !important;margin-bottom: 0px !important;margin-left: 0px !important;border-top-width: 0px !important;border-right-width: 0px !important;border-bottom-width: 0px !important;border-left-width: 0px !important;padding-top: 0px !important;padding-right: 0px !important;padding-bottom: 0px !important;padding-left: 0px !important;background-color: #f9f9f9 !important;}&#8221;][vc_row full_width=&#8221;stretch_row_content_no_spaces&#8221; content_placement=&#8221;middle&#8221;][vc_column width=&#8221;1\/2&#8243;][vc_single_image image=&#8221;3247&#8243; img_size=&#8221;full&#8221; css=&#8221;.vc_custom_1618844291064{margin-bottom: 0px !important;}&#8221;][\/vc_column][vc_column width=&#8221;1\/2&#8243; css=&#8221;.vc_custom_1526543311111{padding-right: 13% !important;padding-left: 13% !important;}&#8221;][vc_column_text]<\/p>\n<h2 style=\"text-align: center;\">4 &#8211; Grafting<\/h2>\n<div id=\"trtext\">\n<p><span id=\"s2_1\">To obtain a Tahitian cultured pearl, it is necessary to proceed to the grafting stage.<\/span> <span id=\"s2_2\">This involves making a small incision in the pearl pocket to insert a graft and a nucleus.<\/span><\/p>\n<p><span id=\"s2_3\">graft: piece of mantle taken from a donor oyster<\/span><br \/>\n<span id=\"s2_4\">nucleus: ball from a piece of shell<\/span><\/p>\n<p><span id=\"s2_5\">Following the operation, a period of 45 days is required to determine whether there has been a release of the nucleus or the death of the oyster.<\/span> <span id=\"s2_6\">If, on the contrary, the nucleus and the graft are accepted by the oyster carrier, the latter will produce for 24 months a layer of mother-of-pearl to protect itself.<\/span> <span id=\"s2_7\">The mother-of-pearl must reach a minimum thickness of 0.8 mm before it can be marketed.<\/span><\/p>\n<div id=\"trpar\"><span id=\"s2_1\">From time to time, when the oyster rejects the nucleus, the Keshi is formed with the small piece of graft.<\/span> <span id=\"s2_2\">Unlike the pearl, the Keshi does not contain a spherical core.<\/span><span id=\"s2_8\"><\/span><\/div>\n<\/div>\n<p>[\/vc_column_text][\/vc_column][\/vc_row][\/vc_section][vc_section full_width=&#8221;stretch_row_content&#8221; css=&#8221;.vc_custom_1526556754206{margin-top: 0px !important;margin-right: 0px !important;margin-bottom: 0px !important;margin-left: 0px !important;border-top-width: 0px !important;border-right-width: 0px !important;border-bottom-width: 0px !important;border-left-width: 0px !important;padding-top: 0px !important;padding-right: 0px !important;padding-bottom: 0px !important;padding-left: 0px !important;background-color: #f9f9f9 !important;}&#8221;][vc_row full_width=&#8221;stretch_row_content_no_spaces&#8221; content_placement=&#8221;middle&#8221;][vc_column width=&#8221;1\/2&#8243; css=&#8221;.vc_custom_1526554875205{padding-right: 13% !important;padding-left: 13% !important;}&#8221;][vc_column_text]<\/p>\n<h2 style=\"text-align: center;\">5 &#8211; Harvesting<\/h2>\n<div id=\"trtext\">\n<p><span id=\"s2_1\">After two long years, the pearl farmers take out the oysters carrying the water and again call on the grafters to harvest the pearls.<\/span><\/p>\n<p><span id=\"s2_2\">Once the oysters are cleaned, the grafter makes a second incision to take out the pearl or the Keshi (pearl without core).<\/span> <span id=\"s2_3\">If the mother oyster is healthy and the grafter judges the quality of the harvested pearls satisfactory, the oyster is grafted again (surgraft) with a nucleus of the same size.<\/span><\/p>\n<p><span id=\"s2_4\">If the pearl is not satisfactory, the process is stopped and the mother-of-pearl will be used in handicrafts or in the design of decorative object etc.<\/span><\/p>\n<p><span id=\"s2_5\">Once harvested, the pearls and keshis are rinsed and then put into a drum to clean and shine.<\/span><\/p>\n<\/div>\n<p>[\/vc_column_text][\/vc_column][vc_column width=&#8221;1\/2&#8243;][vc_single_image image=&#8221;3266&#8243; img_size=&#8221;full&#8221; css=&#8221;.vc_custom_1618842199746{margin-bottom: 0px !important;}&#8221;][\/vc_column][\/vc_row][\/vc_section][vc_row][vc_column][vc_single_image image=&#8221;3197&#8243; img_size=&#8221;full&#8221; alignment=&#8221;center&#8221;][\/vc_column][\/vc_row][vc_row][vc_column][vc_column_text][\/vc_column_text][\/vc_column][\/vc_row]<\/p>","protected":false},"excerpt":{"rendered":"<p>[vc_row][vc_column][vc_column_text][\/vc_column_text][\/vc_column][\/vc_row][vc_section full_width=&#8221;stretch_row&#8221; full_height=&#8221;yes&#8221; content_placement=&#8221;middle&#8221; css=&#8221;.vc_custom_1618839599260{background-image: url(https:\/\/www.lesmerveillesdupacifique.com\/wp-content\/uploads\/2018\/07\/home-1.jpg?id=690) !important;background-position: center !important;background-repeat: no-repeat !important;background-size: cover !important;}&#8221; el_class=&#8221;ripple-it&#8221;][vc_row][vc_column width=&#8221;1\/4&#8243;][\/vc_column][vc_column width=&#8221;1\/2&#8243;][vc_column_text el_class=&#8221;white-box-hero&#8221;] Pearl farming process Unlike fine pearls, cultured pearls produce a larger harvest. Cultivating&hellip;<\/p>\n","protected":false},"author":6,"featured_media":0,"parent":0,"menu_order":2,"comment_status":"closed","ping_status":"closed","template":"","meta":{"_mi_skip_tracking":false},"yoast_head":"<!-- This site is optimized with the Yoast SEO plugin v18.3 - https:\/\/yoast.com\/wordpress\/plugins\/seo\/ -->\n<title>Comment se forment les perles ? 5 \u00e9tapes de formation des perles de culture<\/title>\n<meta name=\"description\" content=\"Comment se forment les perles d&#039;hu\u00eetres ? D\u00e9couvrez les 5 \u00e9tapes de formation des perles de culture.\" \/>\n<meta name=\"robots\" content=\"index, follow, max-snippet:-1, max-image-preview:large, max-video-preview:-1\" \/>\n<link rel=\"canonical\" href=\"https:\/\/www.lesmerveillesdupacifique.com\/en\/5-etapes-de-la-formation-de-la-perle\/\" \/>\n<meta property=\"og:locale\" content=\"en_US\" \/>\n<meta property=\"og:type\" content=\"article\" \/>\n<meta property=\"og:title\" content=\"Comment se forment les perles ? 5 \u00e9tapes de formation des perles de culture\" \/>\n<meta property=\"og:description\" content=\"Comment se forment les perles d&#039;hu\u00eetres ? D\u00e9couvrez les 5 \u00e9tapes de formation des perles de culture.\" \/>\n<meta property=\"og:url\" content=\"https:\/\/www.lesmerveillesdupacifique.com\/5-etapes-de-la-formation-de-la-perle\/\" \/>\n<meta property=\"og:site_name\" content=\"Les Merveilles du Pacifique\" \/>\n<meta property=\"article:modified_time\" content=\"2025-04-14T09:47:20+00:00\" \/>\n<meta name=\"twitter:card\" content=\"summary_large_image\" \/>\n<meta name=\"twitter:label1\" content=\"Est. reading time\" \/>\n\t<meta name=\"twitter:data1\" content=\"4 minutes\" \/>\n<script type=\"application\/ld+json\" class=\"yoast-schema-graph\">{\"@context\":\"https:\/\/schema.org\",\"@graph\":[{\"@type\":\"WebSite\",\"@id\":\"https:\/\/www.lesmerveillesdupacifique.com\/fr\/#website\",\"url\":\"https:\/\/www.lesmerveillesdupacifique.com\/fr\/\",\"name\":\"Les Merveilles du Pacifique\",\"description\":\"Perles de culture de Tahiti\",\"potentialAction\":[{\"@type\":\"SearchAction\",\"target\":{\"@type\":\"EntryPoint\",\"urlTemplate\":\"https:\/\/www.lesmerveillesdupacifique.com\/fr\/?s={search_term_string}\"},\"query-input\":\"required name=search_term_string\"}],\"inLanguage\":\"en-US\"},{\"@type\":\"WebPage\",\"@id\":\"https:\/\/www.lesmerveillesdupacifique.com\/5-etapes-de-la-formation-de-la-perle\/#webpage\",\"url\":\"https:\/\/www.lesmerveillesdupacifique.com\/5-etapes-de-la-formation-de-la-perle\/\",\"name\":\"Comment se forment les perles ? 5 \u00e9tapes de formation des perles de culture\",\"isPartOf\":{\"@id\":\"https:\/\/www.lesmerveillesdupacifique.com\/fr\/#website\"},\"datePublished\":\"2021-04-13T08:50:08+00:00\",\"dateModified\":\"2025-04-14T09:47:20+00:00\",\"description\":\"Comment se forment les perles d'hu\u00eetres ? D\u00e9couvrez les 5 \u00e9tapes de formation des perles de culture.\",\"breadcrumb\":{\"@id\":\"https:\/\/www.lesmerveillesdupacifique.com\/5-etapes-de-la-formation-de-la-perle\/#breadcrumb\"},\"inLanguage\":\"en-US\",\"potentialAction\":[{\"@type\":\"ReadAction\",\"target\":[\"https:\/\/www.lesmerveillesdupacifique.com\/5-etapes-de-la-formation-de-la-perle\/\"]}]},{\"@type\":\"BreadcrumbList\",\"@id\":\"https:\/\/www.lesmerveillesdupacifique.com\/5-etapes-de-la-formation-de-la-perle\/#breadcrumb\",\"itemListElement\":[{\"@type\":\"ListItem\",\"position\":1,\"name\":\"Accueil\",\"item\":\"https:\/\/www.lesmerveillesdupacifique.com\/\"},{\"@type\":\"ListItem\",\"position\":2,\"name\":\"Les 5 \u00e9tapes de la formation de la perle\"}]}]}<\/script>\n<!-- \/ Yoast SEO plugin. -->","yoast_head_json":{"title":"Comment se forment les perles ? 5 \u00e9tapes de formation des perles de culture","description":"Comment se forment les perles d'hu\u00eetres ? D\u00e9couvrez les 5 \u00e9tapes de formation des perles de culture.","robots":{"index":"index","follow":"follow","max-snippet":"max-snippet:-1","max-image-preview":"max-image-preview:large","max-video-preview":"max-video-preview:-1"},"canonical":"https:\/\/www.lesmerveillesdupacifique.com\/en\/5-etapes-de-la-formation-de-la-perle\/","og_locale":"en_US","og_type":"article","og_title":"Comment se forment les perles ? 5 \u00e9tapes de formation des perles de culture","og_description":"Comment se forment les perles d'hu\u00eetres ? D\u00e9couvrez les 5 \u00e9tapes de formation des perles de culture.","og_url":"https:\/\/www.lesmerveillesdupacifique.com\/5-etapes-de-la-formation-de-la-perle\/","og_site_name":"Les Merveilles du Pacifique","article_modified_time":"2025-04-14T09:47:20+00:00","twitter_card":"summary_large_image","twitter_misc":{"Est. reading time":"4 minutes"},"schema":{"@context":"https:\/\/schema.org","@graph":[{"@type":"WebSite","@id":"https:\/\/www.lesmerveillesdupacifique.com\/fr\/#website","url":"https:\/\/www.lesmerveillesdupacifique.com\/fr\/","name":"Les Merveilles du Pacifique","description":"Perles de culture de Tahiti","potentialAction":[{"@type":"SearchAction","target":{"@type":"EntryPoint","urlTemplate":"https:\/\/www.lesmerveillesdupacifique.com\/fr\/?s={search_term_string}"},"query-input":"required name=search_term_string"}],"inLanguage":"en-US"},{"@type":"WebPage","@id":"https:\/\/www.lesmerveillesdupacifique.com\/5-etapes-de-la-formation-de-la-perle\/#webpage","url":"https:\/\/www.lesmerveillesdupacifique.com\/5-etapes-de-la-formation-de-la-perle\/","name":"Comment se forment les perles ? 5 \u00e9tapes de formation des perles de culture","isPartOf":{"@id":"https:\/\/www.lesmerveillesdupacifique.com\/fr\/#website"},"datePublished":"2021-04-13T08:50:08+00:00","dateModified":"2025-04-14T09:47:20+00:00","description":"Comment se forment les perles d'hu\u00eetres ? D\u00e9couvrez les 5 \u00e9tapes de formation des perles de culture.","breadcrumb":{"@id":"https:\/\/www.lesmerveillesdupacifique.com\/5-etapes-de-la-formation-de-la-perle\/#breadcrumb"},"inLanguage":"en-US","potentialAction":[{"@type":"ReadAction","target":["https:\/\/www.lesmerveillesdupacifique.com\/5-etapes-de-la-formation-de-la-perle\/"]}]},{"@type":"BreadcrumbList","@id":"https:\/\/www.lesmerveillesdupacifique.com\/5-etapes-de-la-formation-de-la-perle\/#breadcrumb","itemListElement":[{"@type":"ListItem","position":1,"name":"Accueil","item":"https:\/\/www.lesmerveillesdupacifique.com\/"},{"@type":"ListItem","position":2,"name":"Les 5 \u00e9tapes de la formation de la perle"}]}]}},"acf":[],"_links":{"self":[{"href":"https:\/\/www.lesmerveillesdupacifique.com\/en\/wp-json\/wp\/v2\/pages\/3190"}],"collection":[{"href":"https:\/\/www.lesmerveillesdupacifique.com\/en\/wp-json\/wp\/v2\/pages"}],"about":[{"href":"https:\/\/www.lesmerveillesdupacifique.com\/en\/wp-json\/wp\/v2\/types\/page"}],"author":[{"embeddable":true,"href":"https:\/\/www.lesmerveillesdupacifique.com\/en\/wp-json\/wp\/v2\/users\/6"}],"replies":[{"embeddable":true,"href":"https:\/\/www.lesmerveillesdupacifique.com\/en\/wp-json\/wp\/v2\/comments?post=3190"}],"version-history":[{"count":2,"href":"https:\/\/www.lesmerveillesdupacifique.com\/en\/wp-json\/wp\/v2\/pages\/3190\/revisions"}],"predecessor-version":[{"id":4307,"href":"https:\/\/www.lesmerveillesdupacifique.com\/en\/wp-json\/wp\/v2\/pages\/3190\/revisions\/4307"}],"wp:attachment":[{"href":"https:\/\/www.lesmerveillesdupacifique.com\/en\/wp-json\/wp\/v2\/media?parent=3190"}],"curies":[{"name":"wp","href":"https:\/\/api.w.org\/{rel}","templated":true}]}}