{"id":226,"date":"2018-05-18T12:08:18","date_gmt":"2018-05-18T10:08:18","guid":{"rendered":"http:\/\/www.lesmerveillesdupacifique.com\/prod\/?page_id=226"},"modified":"2025-04-14T11:40:47","modified_gmt":"2025-04-14T09:40:47","slug":"bien-entretenir-ses-perles","status":"publish","type":"page","link":"https:\/\/www.lesmerveillesdupacifique.com\/en\/bien-entretenir-ses-perles\/","title":{"rendered":"Care for your pearls"},"content":{"rendered":"<p>[vc_row][vc_column][vc_column_text][\/vc_column_text][\/vc_column][\/vc_row][vc_section][vc_row][vc_column][vc_single_image image=&#8221;478&#8243; img_size=&#8221;full&#8221; alignment=&#8221;center&#8221;][\/vc_column][\/vc_row][\/vc_section][vc_section css=&#8221;.vc_custom_1528795113992{padding-bottom: 70px !important;}&#8221;][vc_row][vc_column width=&#8221;1\/2&#8243;][vc_column_text]<\/p>\n<h2>Good maintenance:<\/h2>\n<ul>\n<li>Hydrate them because they are made of 2% water.<\/li>\n<li>Wear them regularly.<\/li>\n<li>If the pearls are stored in a safe of dry place, take the precaution of adding a glass of water next to them and take them out from time to time.<\/li>\n<li>Clean them with a soft cloth or a sponge towel slightly moistened with water. (A microfiber cloth for glasses also works well)<\/li>\n<\/ul>\n<p>[\/vc_column_text][\/vc_column][vc_column width=&#8221;1\/2&#8243;][vc_column_text]<\/p>\n<h2>Things to avoid:<\/h2>\n<ul>\n<li>Letting them get in contact with acids and chemicals (perfumes, cosmetics, sweat, chlorinated water, etc.)<\/li>\n<li>Leaving them in the closet, pearls need minimal exposure to light.<\/li>\n<li>Storing them near hot spot or directly sunlight.<\/li>\n<li>Putting them in the jewellery box or wearingthem with other harder jewellery (stones, metal&#8230;) which could scratch them.<\/li>\n<li>Cleaning them with products for gold or silver<\/li>\n<li>Using oils to hydrate them.<\/li>\n<\/ul>\n<p>[\/vc_column_text][\/vc_column][\/vc_row][\/vc_section][vc_row][vc_column][vc_column_text][\/vc_column_text][\/vc_column][\/vc_row]<\/p>","protected":false},"excerpt":{"rendered":"<p>[vc_row][vc_column][vc_column_text][\/vc_column_text][\/vc_column][\/vc_row][vc_section][vc_row][vc_column][vc_single_image image=&#8221;478&#8243; img_size=&#8221;full&#8221; alignment=&#8221;center&#8221;][\/vc_column][\/vc_row][\/vc_section][vc_section css=&#8221;.vc_custom_1528795113992{padding-bottom: 70px !important;}&#8221;][vc_row][vc_column width=&#8221;1\/2&#8243;][vc_column_text] Good maintenance: Hydrate them because they are made of 2% water. Wear them regularly. If the pearls are stored in a safe&hellip;<\/p>\n","protected":false},"author":1,"featured_media":0,"parent":0,"menu_order":4,"comment_status":"closed","ping_status":"closed","template":"","meta":{"_mi_skip_tracking":false},"yoast_head":"<!-- This site is optimized with the Yoast SEO plugin v18.3 - https:\/\/yoast.com\/wordpress\/plugins\/seo\/ -->\n<title>Comment nettoyer et bien entretenir ses perles de culture ?<\/title>\n<meta name=\"description\" content=\"D\u00e9couvrez comment nettoyer et entretenir les perles de culture pour pr\u00e9server leur \u00e9clat naturel. Conseils d&#039;experts pour conserver la beaut\u00e9 de vos perles de Tahiti au fil du temps.\" \/>\n<meta name=\"robots\" content=\"index, follow, max-snippet:-1, max-image-preview:large, max-video-preview:-1\" \/>\n<link rel=\"canonical\" href=\"https:\/\/www.lesmerveillesdupacifique.com\/en\/bien-entretenir-ses-perles\/\" \/>\n<meta property=\"og:locale\" content=\"en_US\" \/>\n<meta property=\"og:type\" content=\"article\" \/>\n<meta property=\"og:title\" content=\"Comment nettoyer et bien entretenir ses perles de culture ?\" \/>\n<meta property=\"og:description\" content=\"D\u00e9couvrez comment nettoyer et entretenir les perles de culture pour pr\u00e9server leur \u00e9clat naturel. Conseils d&#039;experts pour conserver la beaut\u00e9 de vos perles de Tahiti au fil du temps.\" \/>\n<meta property=\"og:url\" content=\"https:\/\/www.lesmerveillesdupacifique.com\/bien-entretenir-ses-perles\/\" \/>\n<meta property=\"og:site_name\" content=\"Les Merveilles du Pacifique\" \/>\n<meta property=\"article:modified_time\" content=\"2025-04-14T09:40:47+00:00\" \/>\n<meta name=\"twitter:card\" content=\"summary_large_image\" \/>\n<meta name=\"twitter:label1\" content=\"Est. reading time\" \/>\n\t<meta name=\"twitter:data1\" content=\"7 minutes\" \/>\n<script type=\"application\/ld+json\" class=\"yoast-schema-graph\">{\"@context\":\"https:\/\/schema.org\",\"@graph\":[{\"@type\":\"WebSite\",\"@id\":\"https:\/\/www.lesmerveillesdupacifique.com\/fr\/#website\",\"url\":\"https:\/\/www.lesmerveillesdupacifique.com\/fr\/\",\"name\":\"Les Merveilles du Pacifique\",\"description\":\"Perles de culture de Tahiti\",\"potentialAction\":[{\"@type\":\"SearchAction\",\"target\":{\"@type\":\"EntryPoint\",\"urlTemplate\":\"https:\/\/www.lesmerveillesdupacifique.com\/fr\/?s={search_term_string}\"},\"query-input\":\"required name=search_term_string\"}],\"inLanguage\":\"en-US\"},{\"@type\":\"WebPage\",\"@id\":\"https:\/\/www.lesmerveillesdupacifique.com\/bien-entretenir-ses-perles\/#webpage\",\"url\":\"https:\/\/www.lesmerveillesdupacifique.com\/bien-entretenir-ses-perles\/\",\"name\":\"Comment nettoyer et bien entretenir ses perles de culture ?\",\"isPartOf\":{\"@id\":\"https:\/\/www.lesmerveillesdupacifique.com\/fr\/#website\"},\"datePublished\":\"2018-05-18T10:08:18+00:00\",\"dateModified\":\"2025-04-14T09:40:47+00:00\",\"description\":\"D\u00e9couvrez comment nettoyer et entretenir les perles de culture pour pr\u00e9server leur \u00e9clat naturel. Conseils d'experts pour conserver la beaut\u00e9 de vos perles de Tahiti au fil du temps.\",\"breadcrumb\":{\"@id\":\"https:\/\/www.lesmerveillesdupacifique.com\/bien-entretenir-ses-perles\/#breadcrumb\"},\"inLanguage\":\"en-US\",\"potentialAction\":[{\"@type\":\"ReadAction\",\"target\":[\"https:\/\/www.lesmerveillesdupacifique.com\/bien-entretenir-ses-perles\/\"]}]},{\"@type\":\"BreadcrumbList\",\"@id\":\"https:\/\/www.lesmerveillesdupacifique.com\/bien-entretenir-ses-perles\/#breadcrumb\",\"itemListElement\":[{\"@type\":\"ListItem\",\"position\":1,\"name\":\"Accueil\",\"item\":\"https:\/\/www.lesmerveillesdupacifique.com\/\"},{\"@type\":\"ListItem\",\"position\":2,\"name\":\"Bien entretenir ses perles\"}]}]}<\/script>\n<!-- \/ Yoast SEO plugin. -->","yoast_head_json":{"title":"Comment nettoyer et bien entretenir ses perles de culture ?","description":"D\u00e9couvrez comment nettoyer et entretenir les perles de culture pour pr\u00e9server leur \u00e9clat naturel. Conseils d'experts pour conserver la beaut\u00e9 de vos perles de Tahiti au fil du temps.","robots":{"index":"index","follow":"follow","max-snippet":"max-snippet:-1","max-image-preview":"max-image-preview:large","max-video-preview":"max-video-preview:-1"},"canonical":"https:\/\/www.lesmerveillesdupacifique.com\/en\/bien-entretenir-ses-perles\/","og_locale":"en_US","og_type":"article","og_title":"Comment nettoyer et bien entretenir ses perles de culture ?","og_description":"D\u00e9couvrez comment nettoyer et entretenir les perles de culture pour pr\u00e9server leur \u00e9clat naturel. Conseils d'experts pour conserver la beaut\u00e9 de vos perles de Tahiti au fil du temps.","og_url":"https:\/\/www.lesmerveillesdupacifique.com\/bien-entretenir-ses-perles\/","og_site_name":"Les Merveilles du Pacifique","article_modified_time":"2025-04-14T09:40:47+00:00","twitter_card":"summary_large_image","twitter_misc":{"Est. reading time":"7 minutes"},"schema":{"@context":"https:\/\/schema.org","@graph":[{"@type":"WebSite","@id":"https:\/\/www.lesmerveillesdupacifique.com\/fr\/#website","url":"https:\/\/www.lesmerveillesdupacifique.com\/fr\/","name":"Les Merveilles du Pacifique","description":"Perles de culture de Tahiti","potentialAction":[{"@type":"SearchAction","target":{"@type":"EntryPoint","urlTemplate":"https:\/\/www.lesmerveillesdupacifique.com\/fr\/?s={search_term_string}"},"query-input":"required name=search_term_string"}],"inLanguage":"en-US"},{"@type":"WebPage","@id":"https:\/\/www.lesmerveillesdupacifique.com\/bien-entretenir-ses-perles\/#webpage","url":"https:\/\/www.lesmerveillesdupacifique.com\/bien-entretenir-ses-perles\/","name":"Comment nettoyer et bien entretenir ses perles de culture ?","isPartOf":{"@id":"https:\/\/www.lesmerveillesdupacifique.com\/fr\/#website"},"datePublished":"2018-05-18T10:08:18+00:00","dateModified":"2025-04-14T09:40:47+00:00","description":"D\u00e9couvrez comment nettoyer et entretenir les perles de culture pour pr\u00e9server leur \u00e9clat naturel. Conseils d'experts pour conserver la beaut\u00e9 de vos perles de Tahiti au fil du temps.","breadcrumb":{"@id":"https:\/\/www.lesmerveillesdupacifique.com\/bien-entretenir-ses-perles\/#breadcrumb"},"inLanguage":"en-US","potentialAction":[{"@type":"ReadAction","target":["https:\/\/www.lesmerveillesdupacifique.com\/bien-entretenir-ses-perles\/"]}]},{"@type":"BreadcrumbList","@id":"https:\/\/www.lesmerveillesdupacifique.com\/bien-entretenir-ses-perles\/#breadcrumb","itemListElement":[{"@type":"ListItem","position":1,"name":"Accueil","item":"https:\/\/www.lesmerveillesdupacifique.com\/"},{"@type":"ListItem","position":2,"name":"Bien entretenir ses perles"}]}]}},"acf":[],"_links":{"self":[{"href":"https:\/\/www.lesmerveillesdupacifique.com\/en\/wp-json\/wp\/v2\/pages\/226"}],"collection":[{"href":"https:\/\/www.lesmerveillesdupacifique.com\/en\/wp-json\/wp\/v2\/pages"}],"about":[{"href":"https:\/\/www.lesmerveillesdupacifique.com\/en\/wp-json\/wp\/v2\/types\/page"}],"author":[{"embeddable":true,"href":"https:\/\/www.lesmerveillesdupacifique.com\/en\/wp-json\/wp\/v2\/users\/1"}],"replies":[{"embeddable":true,"href":"https:\/\/www.lesmerveillesdupacifique.com\/en\/wp-json\/wp\/v2\/comments?post=226"}],"version-history":[{"count":1,"href":"https:\/\/www.lesmerveillesdupacifique.com\/en\/wp-json\/wp\/v2\/pages\/226\/revisions"}],"predecessor-version":[{"id":4304,"href":"https:\/\/www.lesmerveillesdupacifique.com\/en\/wp-json\/wp\/v2\/pages\/226\/revisions\/4304"}],"wp:attachment":[{"href":"https:\/\/www.lesmerveillesdupacifique.com\/en\/wp-json\/wp\/v2\/media?parent=226"}],"curies":[{"name":"wp","href":"https:\/\/api.w.org\/{rel}","templated":true}]}}