{"id":966,"date":"2018-11-22T18:20:39","date_gmt":"2018-11-22T17:20:39","guid":{"rendered":"http:\/\/www.lesmerveillesdupacifique.com\/prod\/?post_type=product&#038;p=966"},"modified":"2025-10-27T17:21:47","modified_gmt":"2025-10-27T16:21:47","slug":"boo02-ob-8-9","status":"publish","type":"product","link":"https:\/\/www.lesmerveillesdupacifique.com\/de\/produit\/boo02-ob-8-9\/","title":{"rendered":"Goldohrringe und rund perlen \u2013 BOO02 OB 8-9"},"content":{"rendered":"","protected":false},"excerpt":{"rendered":"<p><b>2 Tahiti-zuchtperlen<\/b><\/p>\n<p><strong>formes:<\/strong> rund<br \/>\n<b>Gr\u00f6\u00dfen<\/b><strong>:<\/strong> 8-9 mm<br \/>\n<b>Qualit\u00e4tsmerkmale<\/b><strong>:<\/strong> A\/B<br \/>\n<b>Wei\u00dfgold 750<\/b> (18-kar\u00e4tigem) 0,92 Gramm<br \/>\nBrisurensysteme<span class=\"Apple-converted-space\">\u00a0<\/span><\/p>\n<p>gibt es auch in Gelbgold<\/p>\n","protected":false},"featured_media":4094,"template":"","meta":{"_mi_skip_tracking":false},"product_cat":[18],"product_tag":[],"yoast_head":"<!-- This site is optimized with the Yoast SEO plugin v18.3 - https:\/\/yoast.com\/wordpress\/plugins\/seo\/ -->\n<title>Goldohrringe und rund perlen \u2013 BOO02 OB 8-9 - Les Merveilles du Pacifique<\/title>\n<meta name=\"robots\" content=\"index, follow, max-snippet:-1, max-image-preview:large, max-video-preview:-1\" \/>\n<link rel=\"canonical\" href=\"https:\/\/www.lesmerveillesdupacifique.com\/de\/produit\/boo02-ob-8-9\/\" \/>\n<meta property=\"og:locale\" content=\"de_DE\" \/>\n<meta property=\"og:type\" content=\"article\" \/>\n<meta property=\"og:title\" content=\"Goldohrringe und rund perlen \u2013 BOO02 OB 8-9 - Les Merveilles du Pacifique\" \/>\n<meta property=\"og:description\" content=\"2 Tahiti-zuchtperlen  formes: rund Gr\u00f6\u00dfen: 8-9 mm Qualit\u00e4tsmerkmale: A\/B Wei\u00dfgold 750 (18-kar\u00e4tigem) 0,92 Gramm Brisurensysteme\u00a0  gibt es auch in Gelbgold\" \/>\n<meta property=\"og:url\" content=\"https:\/\/www.lesmerveillesdupacifique.com\/produit\/boo02-ob-8-9\/\" \/>\n<meta property=\"og:site_name\" content=\"Les Merveilles du Pacifique\" \/>\n<meta property=\"article:modified_time\" content=\"2025-10-27T16:21:47+00:00\" \/>\n<meta property=\"og:image\" content=\"https:\/\/www.lesmerveillesdupacifique.com\/wp-content\/uploads\/2022\/11\/BOO02-OB.jpg\" \/>\n\t<meta property=\"og:image:width\" content=\"2000\" \/>\n\t<meta property=\"og:image:height\" content=\"1334\" \/>\n\t<meta property=\"og:image:type\" content=\"image\/jpeg\" \/>\n<meta name=\"twitter:card\" content=\"summary_large_image\" \/>\n<script type=\"application\/ld+json\" class=\"yoast-schema-graph\">{\"@context\":\"https:\/\/schema.org\",\"@graph\":[{\"@type\":\"WebSite\",\"@id\":\"https:\/\/www.lesmerveillesdupacifique.com\/fr\/#website\",\"url\":\"https:\/\/www.lesmerveillesdupacifique.com\/fr\/\",\"name\":\"Les Merveilles du Pacifique\",\"description\":\"Perles de culture de Tahiti\",\"potentialAction\":[{\"@type\":\"SearchAction\",\"target\":{\"@type\":\"EntryPoint\",\"urlTemplate\":\"https:\/\/www.lesmerveillesdupacifique.com\/fr\/?s={search_term_string}\"},\"query-input\":\"required name=search_term_string\"}],\"inLanguage\":\"de\"},{\"@type\":\"ImageObject\",\"@id\":\"https:\/\/www.lesmerveillesdupacifique.com\/produit\/boo02-ob-8-9\/#primaryimage\",\"inLanguage\":\"de\",\"url\":\"https:\/\/www.lesmerveillesdupacifique.com\/wp-content\/uploads\/2022\/11\/BOO02-OB.jpg\",\"contentUrl\":\"https:\/\/www.lesmerveillesdupacifique.com\/wp-content\/uploads\/2022\/11\/BOO02-OB.jpg\",\"width\":2000,\"height\":1334,\"caption\":\"www.photographe-book-paris.com\"},{\"@type\":\"WebPage\",\"@id\":\"https:\/\/www.lesmerveillesdupacifique.com\/produit\/boo02-ob-8-9\/#webpage\",\"url\":\"https:\/\/www.lesmerveillesdupacifique.com\/produit\/boo02-ob-8-9\/\",\"name\":\"Goldohrringe und rund perlen \u2013 BOO02 OB 8-9 - Les Merveilles du Pacifique\",\"isPartOf\":{\"@id\":\"https:\/\/www.lesmerveillesdupacifique.com\/fr\/#website\"},\"primaryImageOfPage\":{\"@id\":\"https:\/\/www.lesmerveillesdupacifique.com\/produit\/boo02-ob-8-9\/#primaryimage\"},\"datePublished\":\"2018-11-22T17:20:39+00:00\",\"dateModified\":\"2025-10-27T16:21:47+00:00\",\"breadcrumb\":{\"@id\":\"https:\/\/www.lesmerveillesdupacifique.com\/produit\/boo02-ob-8-9\/#breadcrumb\"},\"inLanguage\":\"de\",\"potentialAction\":[{\"@type\":\"ReadAction\",\"target\":[\"https:\/\/www.lesmerveillesdupacifique.com\/produit\/boo02-ob-8-9\/\"]}]},{\"@type\":\"BreadcrumbList\",\"@id\":\"https:\/\/www.lesmerveillesdupacifique.com\/produit\/boo02-ob-8-9\/#breadcrumb\",\"itemListElement\":[{\"@type\":\"ListItem\",\"position\":1,\"name\":\"Accueil\",\"item\":\"https:\/\/www.lesmerveillesdupacifique.com\/\"},{\"@type\":\"ListItem\",\"position\":2,\"name\":\"Collection\",\"item\":\"https:\/\/www.lesmerveillesdupacifique.com\/fr\/shop\/\"},{\"@type\":\"ListItem\",\"position\":3,\"name\":\"Boucles d\u2019oreilles or et perles rondes \u2013 BOO02 OB 8-9\"}]}]}<\/script>\n<!-- \/ Yoast SEO plugin. -->","yoast_head_json":{"title":"Goldohrringe und rund perlen \u2013 BOO02 OB 8-9 - Les Merveilles du Pacifique","robots":{"index":"index","follow":"follow","max-snippet":"max-snippet:-1","max-image-preview":"max-image-preview:large","max-video-preview":"max-video-preview:-1"},"canonical":"https:\/\/www.lesmerveillesdupacifique.com\/de\/produit\/boo02-ob-8-9\/","og_locale":"de_DE","og_type":"article","og_title":"Goldohrringe und rund perlen \u2013 BOO02 OB 8-9 - Les Merveilles du Pacifique","og_description":"2 Tahiti-zuchtperlen  formes: rund Gr\u00f6\u00dfen: 8-9 mm Qualit\u00e4tsmerkmale: A\/B Wei\u00dfgold 750 (18-kar\u00e4tigem) 0,92 Gramm Brisurensysteme\u00a0  gibt es auch in Gelbgold","og_url":"https:\/\/www.lesmerveillesdupacifique.com\/produit\/boo02-ob-8-9\/","og_site_name":"Les Merveilles du Pacifique","article_modified_time":"2025-10-27T16:21:47+00:00","og_image":[{"width":2000,"height":1334,"url":"https:\/\/www.lesmerveillesdupacifique.com\/wp-content\/uploads\/2022\/11\/BOO02-OB.jpg","type":"image\/jpeg"}],"twitter_card":"summary_large_image","schema":{"@context":"https:\/\/schema.org","@graph":[{"@type":"WebSite","@id":"https:\/\/www.lesmerveillesdupacifique.com\/fr\/#website","url":"https:\/\/www.lesmerveillesdupacifique.com\/fr\/","name":"Les Merveilles du Pacifique","description":"Perles de culture de Tahiti","potentialAction":[{"@type":"SearchAction","target":{"@type":"EntryPoint","urlTemplate":"https:\/\/www.lesmerveillesdupacifique.com\/fr\/?s={search_term_string}"},"query-input":"required name=search_term_string"}],"inLanguage":"de"},{"@type":"ImageObject","@id":"https:\/\/www.lesmerveillesdupacifique.com\/produit\/boo02-ob-8-9\/#primaryimage","inLanguage":"de","url":"https:\/\/www.lesmerveillesdupacifique.com\/wp-content\/uploads\/2022\/11\/BOO02-OB.jpg","contentUrl":"https:\/\/www.lesmerveillesdupacifique.com\/wp-content\/uploads\/2022\/11\/BOO02-OB.jpg","width":2000,"height":1334,"caption":"www.photographe-book-paris.com"},{"@type":"WebPage","@id":"https:\/\/www.lesmerveillesdupacifique.com\/produit\/boo02-ob-8-9\/#webpage","url":"https:\/\/www.lesmerveillesdupacifique.com\/produit\/boo02-ob-8-9\/","name":"Goldohrringe und rund perlen \u2013 BOO02 OB 8-9 - Les Merveilles du Pacifique","isPartOf":{"@id":"https:\/\/www.lesmerveillesdupacifique.com\/fr\/#website"},"primaryImageOfPage":{"@id":"https:\/\/www.lesmerveillesdupacifique.com\/produit\/boo02-ob-8-9\/#primaryimage"},"datePublished":"2018-11-22T17:20:39+00:00","dateModified":"2025-10-27T16:21:47+00:00","breadcrumb":{"@id":"https:\/\/www.lesmerveillesdupacifique.com\/produit\/boo02-ob-8-9\/#breadcrumb"},"inLanguage":"de","potentialAction":[{"@type":"ReadAction","target":["https:\/\/www.lesmerveillesdupacifique.com\/produit\/boo02-ob-8-9\/"]}]},{"@type":"BreadcrumbList","@id":"https:\/\/www.lesmerveillesdupacifique.com\/produit\/boo02-ob-8-9\/#breadcrumb","itemListElement":[{"@type":"ListItem","position":1,"name":"Accueil","item":"https:\/\/www.lesmerveillesdupacifique.com\/"},{"@type":"ListItem","position":2,"name":"Collection","item":"https:\/\/www.lesmerveillesdupacifique.com\/fr\/shop\/"},{"@type":"ListItem","position":3,"name":"Boucles d\u2019oreilles or et perles rondes \u2013 BOO02 OB 8-9"}]}]}},"acf":[],"_links":{"self":[{"href":"https:\/\/www.lesmerveillesdupacifique.com\/de\/wp-json\/wp\/v2\/product\/966"}],"collection":[{"href":"https:\/\/www.lesmerveillesdupacifique.com\/de\/wp-json\/wp\/v2\/product"}],"about":[{"href":"https:\/\/www.lesmerveillesdupacifique.com\/de\/wp-json\/wp\/v2\/types\/product"}],"wp:featuredmedia":[{"embeddable":true,"href":"https:\/\/www.lesmerveillesdupacifique.com\/de\/wp-json\/wp\/v2\/media\/4094"}],"wp:attachment":[{"href":"https:\/\/www.lesmerveillesdupacifique.com\/de\/wp-json\/wp\/v2\/media?parent=966"}],"wp:term":[{"taxonomy":"product_cat","embeddable":true,"href":"https:\/\/www.lesmerveillesdupacifique.com\/de\/wp-json\/wp\/v2\/product_cat?post=966"},{"taxonomy":"product_tag","embeddable":true,"href":"https:\/\/www.lesmerveillesdupacifique.com\/de\/wp-json\/wp\/v2\/product_tag?post=966"}],"curies":[{"name":"wp","href":"https:\/\/api.w.org\/{rel}","templated":true}]}}