{"id":592,"date":"2018-06-12T13:30:20","date_gmt":"2018-06-12T11:30:20","guid":{"rendered":"http:\/\/www.lesmerveillesdupacifique.com\/prod\/?post_type=product&#038;p=592"},"modified":"2025-12-04T00:00:24","modified_gmt":"2025-12-03T23:00:24","slug":"bra07","status":"publish","type":"product","link":"https:\/\/www.lesmerveillesdupacifique.com\/de\/produit\/bra07\/","title":{"rendered":"Silberne Armband und geringelt perle \u2013 BRA07"},"content":{"rendered":"","protected":false},"excerpt":{"rendered":"<p><strong>Silberne Armband und perle<\/strong><br \/>\n1 Tahiti-zuchtperle<\/p>\n<p><b>Perlenf\u00f6rmig<\/b><strong>:\u00a0<\/strong>geringelt<br \/>\n<b>Gr\u00f6\u00dfe<\/b><strong>:<\/strong> 9-10 mm<br \/>\n<b>Qualit\u00e4tsmerkmale<\/b><strong>:<\/strong> A\/B<br \/>\n<b>hodiniertes Silber 925<\/b> 1,1 Gramm<br \/>\nKette mit verst\u00e4rkten Kettengliedern<br \/>\n<strong>Gr\u00f6\u00dfen:<\/strong> in allen l\u00e4ngen erh\u00e4ltlich<\/p>\n","protected":false},"featured_media":4054,"template":"","meta":{"_mi_skip_tracking":false},"product_cat":[24],"product_tag":[],"yoast_head":"<!-- This site is optimized with the Yoast SEO plugin v18.3 - https:\/\/yoast.com\/wordpress\/plugins\/seo\/ -->\n<title>Silberne Armband und geringelt perle \u2013 BRA07 - Les Merveilles du Pacifique<\/title>\n<meta name=\"robots\" content=\"index, follow, max-snippet:-1, max-image-preview:large, max-video-preview:-1\" \/>\n<link rel=\"canonical\" href=\"https:\/\/www.lesmerveillesdupacifique.com\/de\/produit\/bra07\/\" \/>\n<meta property=\"og:locale\" content=\"de_DE\" \/>\n<meta property=\"og:type\" content=\"article\" \/>\n<meta property=\"og:title\" content=\"Silberne Armband und geringelt perle \u2013 BRA07 - Les Merveilles du Pacifique\" \/>\n<meta property=\"og:description\" content=\"Silberne Armband und perle 1 Tahiti-zuchtperle  Perlenf\u00f6rmig:\u00a0geringelt Gr\u00f6\u00dfe: 9-10 mm Qualit\u00e4tsmerkmale: A\/B hodiniertes Silber 925 1,1 Gramm Kette mit verst\u00e4rkten Kettengliedern Gr\u00f6\u00dfen: in allen l\u00e4ngen erh\u00e4ltlich\" \/>\n<meta property=\"og:url\" content=\"https:\/\/www.lesmerveillesdupacifique.com\/produit\/bra07\/\" \/>\n<meta property=\"og:site_name\" content=\"Les Merveilles du Pacifique\" \/>\n<meta property=\"article:modified_time\" content=\"2025-12-03T23:00:24+00:00\" \/>\n<meta property=\"og:image\" content=\"https:\/\/www.lesmerveillesdupacifique.com\/wp-content\/uploads\/2020\/02\/BRA07.jpg\" \/>\n\t<meta property=\"og:image:width\" content=\"1090\" \/>\n\t<meta property=\"og:image:height\" content=\"727\" \/>\n\t<meta property=\"og:image:type\" content=\"image\/jpeg\" \/>\n<meta name=\"twitter:card\" content=\"summary_large_image\" \/>\n<script type=\"application\/ld+json\" class=\"yoast-schema-graph\">{\"@context\":\"https:\/\/schema.org\",\"@graph\":[{\"@type\":\"WebSite\",\"@id\":\"https:\/\/www.lesmerveillesdupacifique.com\/fr\/#website\",\"url\":\"https:\/\/www.lesmerveillesdupacifique.com\/fr\/\",\"name\":\"Les Merveilles du Pacifique\",\"description\":\"Perles de culture de Tahiti\",\"potentialAction\":[{\"@type\":\"SearchAction\",\"target\":{\"@type\":\"EntryPoint\",\"urlTemplate\":\"https:\/\/www.lesmerveillesdupacifique.com\/fr\/?s={search_term_string}\"},\"query-input\":\"required name=search_term_string\"}],\"inLanguage\":\"de\"},{\"@type\":\"ImageObject\",\"@id\":\"https:\/\/www.lesmerveillesdupacifique.com\/produit\/bra07\/#primaryimage\",\"inLanguage\":\"de\",\"url\":\"https:\/\/www.lesmerveillesdupacifique.com\/wp-content\/uploads\/2020\/02\/BRA07.jpg\",\"contentUrl\":\"https:\/\/www.lesmerveillesdupacifique.com\/wp-content\/uploads\/2020\/02\/BRA07.jpg\",\"width\":1090,\"height\":727,\"caption\":\"www.photographe-book-paris.com\"},{\"@type\":\"WebPage\",\"@id\":\"https:\/\/www.lesmerveillesdupacifique.com\/produit\/bra07\/#webpage\",\"url\":\"https:\/\/www.lesmerveillesdupacifique.com\/produit\/bra07\/\",\"name\":\"Silberne Armband und geringelt perle \u2013 BRA07 - Les Merveilles du Pacifique\",\"isPartOf\":{\"@id\":\"https:\/\/www.lesmerveillesdupacifique.com\/fr\/#website\"},\"primaryImageOfPage\":{\"@id\":\"https:\/\/www.lesmerveillesdupacifique.com\/produit\/bra07\/#primaryimage\"},\"datePublished\":\"2018-06-12T11:30:20+00:00\",\"dateModified\":\"2025-12-03T23:00:24+00:00\",\"breadcrumb\":{\"@id\":\"https:\/\/www.lesmerveillesdupacifique.com\/produit\/bra07\/#breadcrumb\"},\"inLanguage\":\"de\",\"potentialAction\":[{\"@type\":\"ReadAction\",\"target\":[\"https:\/\/www.lesmerveillesdupacifique.com\/produit\/bra07\/\"]}]},{\"@type\":\"BreadcrumbList\",\"@id\":\"https:\/\/www.lesmerveillesdupacifique.com\/produit\/bra07\/#breadcrumb\",\"itemListElement\":[{\"@type\":\"ListItem\",\"position\":1,\"name\":\"Accueil\",\"item\":\"https:\/\/www.lesmerveillesdupacifique.com\/\"},{\"@type\":\"ListItem\",\"position\":2,\"name\":\"Collection\",\"item\":\"https:\/\/www.lesmerveillesdupacifique.com\/fr\/shop\/\"},{\"@type\":\"ListItem\",\"position\":3,\"name\":\"Bracelet argent et perle cercl\u00e9e \u2013 BRA07\"}]}]}<\/script>\n<!-- \/ Yoast SEO plugin. -->","yoast_head_json":{"title":"Silberne Armband und geringelt perle \u2013 BRA07 - Les Merveilles du Pacifique","robots":{"index":"index","follow":"follow","max-snippet":"max-snippet:-1","max-image-preview":"max-image-preview:large","max-video-preview":"max-video-preview:-1"},"canonical":"https:\/\/www.lesmerveillesdupacifique.com\/de\/produit\/bra07\/","og_locale":"de_DE","og_type":"article","og_title":"Silberne Armband und geringelt perle \u2013 BRA07 - Les Merveilles du Pacifique","og_description":"Silberne Armband und perle 1 Tahiti-zuchtperle  Perlenf\u00f6rmig:\u00a0geringelt Gr\u00f6\u00dfe: 9-10 mm Qualit\u00e4tsmerkmale: A\/B hodiniertes Silber 925 1,1 Gramm Kette mit verst\u00e4rkten Kettengliedern Gr\u00f6\u00dfen: in allen l\u00e4ngen erh\u00e4ltlich","og_url":"https:\/\/www.lesmerveillesdupacifique.com\/produit\/bra07\/","og_site_name":"Les Merveilles du Pacifique","article_modified_time":"2025-12-03T23:00:24+00:00","og_image":[{"width":1090,"height":727,"url":"https:\/\/www.lesmerveillesdupacifique.com\/wp-content\/uploads\/2020\/02\/BRA07.jpg","type":"image\/jpeg"}],"twitter_card":"summary_large_image","schema":{"@context":"https:\/\/schema.org","@graph":[{"@type":"WebSite","@id":"https:\/\/www.lesmerveillesdupacifique.com\/fr\/#website","url":"https:\/\/www.lesmerveillesdupacifique.com\/fr\/","name":"Les Merveilles du Pacifique","description":"Perles de culture de Tahiti","potentialAction":[{"@type":"SearchAction","target":{"@type":"EntryPoint","urlTemplate":"https:\/\/www.lesmerveillesdupacifique.com\/fr\/?s={search_term_string}"},"query-input":"required name=search_term_string"}],"inLanguage":"de"},{"@type":"ImageObject","@id":"https:\/\/www.lesmerveillesdupacifique.com\/produit\/bra07\/#primaryimage","inLanguage":"de","url":"https:\/\/www.lesmerveillesdupacifique.com\/wp-content\/uploads\/2020\/02\/BRA07.jpg","contentUrl":"https:\/\/www.lesmerveillesdupacifique.com\/wp-content\/uploads\/2020\/02\/BRA07.jpg","width":1090,"height":727,"caption":"www.photographe-book-paris.com"},{"@type":"WebPage","@id":"https:\/\/www.lesmerveillesdupacifique.com\/produit\/bra07\/#webpage","url":"https:\/\/www.lesmerveillesdupacifique.com\/produit\/bra07\/","name":"Silberne Armband und geringelt perle \u2013 BRA07 - Les Merveilles du Pacifique","isPartOf":{"@id":"https:\/\/www.lesmerveillesdupacifique.com\/fr\/#website"},"primaryImageOfPage":{"@id":"https:\/\/www.lesmerveillesdupacifique.com\/produit\/bra07\/#primaryimage"},"datePublished":"2018-06-12T11:30:20+00:00","dateModified":"2025-12-03T23:00:24+00:00","breadcrumb":{"@id":"https:\/\/www.lesmerveillesdupacifique.com\/produit\/bra07\/#breadcrumb"},"inLanguage":"de","potentialAction":[{"@type":"ReadAction","target":["https:\/\/www.lesmerveillesdupacifique.com\/produit\/bra07\/"]}]},{"@type":"BreadcrumbList","@id":"https:\/\/www.lesmerveillesdupacifique.com\/produit\/bra07\/#breadcrumb","itemListElement":[{"@type":"ListItem","position":1,"name":"Accueil","item":"https:\/\/www.lesmerveillesdupacifique.com\/"},{"@type":"ListItem","position":2,"name":"Collection","item":"https:\/\/www.lesmerveillesdupacifique.com\/fr\/shop\/"},{"@type":"ListItem","position":3,"name":"Bracelet argent et perle cercl\u00e9e \u2013 BRA07"}]}]}},"acf":[],"_links":{"self":[{"href":"https:\/\/www.lesmerveillesdupacifique.com\/de\/wp-json\/wp\/v2\/product\/592"}],"collection":[{"href":"https:\/\/www.lesmerveillesdupacifique.com\/de\/wp-json\/wp\/v2\/product"}],"about":[{"href":"https:\/\/www.lesmerveillesdupacifique.com\/de\/wp-json\/wp\/v2\/types\/product"}],"wp:featuredmedia":[{"embeddable":true,"href":"https:\/\/www.lesmerveillesdupacifique.com\/de\/wp-json\/wp\/v2\/media\/4054"}],"wp:attachment":[{"href":"https:\/\/www.lesmerveillesdupacifique.com\/de\/wp-json\/wp\/v2\/media?parent=592"}],"wp:term":[{"taxonomy":"product_cat","embeddable":true,"href":"https:\/\/www.lesmerveillesdupacifique.com\/de\/wp-json\/wp\/v2\/product_cat?post=592"},{"taxonomy":"product_tag","embeddable":true,"href":"https:\/\/www.lesmerveillesdupacifique.com\/de\/wp-json\/wp\/v2\/product_tag?post=592"}],"curies":[{"name":"wp","href":"https:\/\/api.w.org\/{rel}","templated":true}]}}