{"id":4610,"date":"2026-04-02T14:44:57","date_gmt":"2026-04-02T12:44:57","guid":{"rendered":"https:\/\/www.lesmerveillesdupacifique.com\/?post_type=product&#038;p=4610"},"modified":"2026-04-02T14:53:09","modified_gmt":"2026-04-02T12:53:09","slug":"pendentif-or-diamant-et-perle-akoya-akpeod10-oj","status":"publish","type":"product","link":"https:\/\/www.lesmerveillesdupacifique.com\/de\/produit\/pendentif-or-diamant-et-perle-akoya-akpeod10-oj\/","title":{"rendered":"Anh\u00e4nger aus Gold, diamanten und akoyaperle \u2013 AKPEOD10 OJ"},"content":{"rendered":"","protected":false},"excerpt":{"rendered":"<p><strong>1\u00a0<\/strong><b>Tahiti-zuchtperle<\/b><\/p>\n<p><b>Perlenf\u00f6rmig<\/b><strong>:<\/strong> Barockperle<br \/>\n<b>Gr\u00f6\u00dfe<\/b><strong>:<\/strong> 7,5-8 mm<br \/>\n<b>Qualit\u00e4tsmerkmale<\/b><strong>:<\/strong> AA+<br \/>\n<b>Gelbgold 750<\/b> (18-kar\u00e4tigem) 0,45 Gramm<br \/>\n<strong>Diamanten<\/strong> 0,03 kar\u00e4tigem, <strong>Reinheit<\/strong>: SI3-I1,\u00a0<strong>Farbe<\/strong><span class=\"Apple-converted-space\">\u00a0<\/span><strong>:<\/strong> G<br \/>\nFester Anh\u00e4ngerring, ohne Kette<\/p>\n","protected":false},"featured_media":4611,"template":"","meta":{"_mi_skip_tracking":false},"product_cat":[90,57,19],"product_tag":[],"yoast_head":"<!-- This site is optimized with the Yoast SEO plugin v18.3 - https:\/\/yoast.com\/wordpress\/plugins\/seo\/ -->\n<title>Anh\u00e4nger aus Gold, diamanten und akoyaperle \u2013 AKPEOD10 OJ - Les Merveilles du Pacifique<\/title>\n<meta name=\"robots\" content=\"index, follow, max-snippet:-1, max-image-preview:large, max-video-preview:-1\" \/>\n<link rel=\"canonical\" href=\"https:\/\/www.lesmerveillesdupacifique.com\/de\/produit\/pendentif-or-diamant-et-perle-akoya-akpeod10-oj\/\" \/>\n<meta property=\"og:locale\" content=\"de_DE\" \/>\n<meta property=\"og:type\" content=\"article\" \/>\n<meta property=\"og:title\" content=\"Anh\u00e4nger aus Gold, diamanten und akoyaperle \u2013 AKPEOD10 OJ - Les Merveilles du Pacifique\" \/>\n<meta property=\"og:description\" content=\"1\u00a0Tahiti-zuchtperle  Perlenf\u00f6rmig: Barockperle Gr\u00f6\u00dfe: 7,5-8 mm Qualit\u00e4tsmerkmale: AA+ Gelbgold 750 (18-kar\u00e4tigem) 0,45 Gramm Diamanten 0,03 kar\u00e4tigem, Reinheit: SI3-I1,\u00a0Farbe\u00a0: G Fester Anh\u00e4ngerring, ohne Kette\" \/>\n<meta property=\"og:url\" content=\"https:\/\/www.lesmerveillesdupacifique.com\/produit\/pendentif-or-diamant-et-perle-akoya-akpeod10-oj\/\" \/>\n<meta property=\"og:site_name\" content=\"Les Merveilles du Pacifique\" \/>\n<meta property=\"article:modified_time\" content=\"2026-04-02T12:53:09+00:00\" \/>\n<meta property=\"og:image\" content=\"https:\/\/www.lesmerveillesdupacifique.com\/wp-content\/uploads\/2026\/04\/Capture-decran-2026-04-02-a-14.48.40-673x1024.png\" \/>\n\t<meta property=\"og:image:width\" content=\"673\" \/>\n\t<meta property=\"og:image:height\" content=\"1024\" \/>\n\t<meta property=\"og:image:type\" content=\"image\/png\" \/>\n<meta name=\"twitter:card\" content=\"summary_large_image\" \/>\n<script type=\"application\/ld+json\" class=\"yoast-schema-graph\">{\"@context\":\"https:\/\/schema.org\",\"@graph\":[{\"@type\":\"WebSite\",\"@id\":\"https:\/\/www.lesmerveillesdupacifique.com\/fr\/#website\",\"url\":\"https:\/\/www.lesmerveillesdupacifique.com\/fr\/\",\"name\":\"Les Merveilles du Pacifique\",\"description\":\"Perles de culture de Tahiti\",\"potentialAction\":[{\"@type\":\"SearchAction\",\"target\":{\"@type\":\"EntryPoint\",\"urlTemplate\":\"https:\/\/www.lesmerveillesdupacifique.com\/fr\/?s={search_term_string}\"},\"query-input\":\"required name=search_term_string\"}],\"inLanguage\":\"de\"},{\"@type\":\"ImageObject\",\"@id\":\"https:\/\/www.lesmerveillesdupacifique.com\/produit\/pendentif-or-diamant-et-perle-akoya-akpeod10-oj\/#primaryimage\",\"inLanguage\":\"de\",\"url\":\"https:\/\/www.lesmerveillesdupacifique.com\/wp-content\/uploads\/2026\/04\/Capture-decran-2026-04-02-a-14.48.40.png\",\"contentUrl\":\"https:\/\/www.lesmerveillesdupacifique.com\/wp-content\/uploads\/2026\/04\/Capture-decran-2026-04-02-a-14.48.40.png\",\"width\":1344,\"height\":2046},{\"@type\":\"WebPage\",\"@id\":\"https:\/\/www.lesmerveillesdupacifique.com\/produit\/pendentif-or-diamant-et-perle-akoya-akpeod10-oj\/#webpage\",\"url\":\"https:\/\/www.lesmerveillesdupacifique.com\/produit\/pendentif-or-diamant-et-perle-akoya-akpeod10-oj\/\",\"name\":\"Anh\u00e4nger aus Gold, diamanten und akoyaperle \u2013 AKPEOD10 OJ - Les Merveilles du Pacifique\",\"isPartOf\":{\"@id\":\"https:\/\/www.lesmerveillesdupacifique.com\/fr\/#website\"},\"primaryImageOfPage\":{\"@id\":\"https:\/\/www.lesmerveillesdupacifique.com\/produit\/pendentif-or-diamant-et-perle-akoya-akpeod10-oj\/#primaryimage\"},\"datePublished\":\"2026-04-02T12:44:57+00:00\",\"dateModified\":\"2026-04-02T12:53:09+00:00\",\"breadcrumb\":{\"@id\":\"https:\/\/www.lesmerveillesdupacifique.com\/produit\/pendentif-or-diamant-et-perle-akoya-akpeod10-oj\/#breadcrumb\"},\"inLanguage\":\"de\",\"potentialAction\":[{\"@type\":\"ReadAction\",\"target\":[\"https:\/\/www.lesmerveillesdupacifique.com\/produit\/pendentif-or-diamant-et-perle-akoya-akpeod10-oj\/\"]}]},{\"@type\":\"BreadcrumbList\",\"@id\":\"https:\/\/www.lesmerveillesdupacifique.com\/produit\/pendentif-or-diamant-et-perle-akoya-akpeod10-oj\/#breadcrumb\",\"itemListElement\":[{\"@type\":\"ListItem\",\"position\":1,\"name\":\"Accueil\",\"item\":\"https:\/\/www.lesmerveillesdupacifique.com\/\"},{\"@type\":\"ListItem\",\"position\":2,\"name\":\"Collection\",\"item\":\"https:\/\/www.lesmerveillesdupacifique.com\/fr\/shop\/\"},{\"@type\":\"ListItem\",\"position\":3,\"name\":\"Pendentif or, diamant et perle akoya \u2013 AKPEOD10 OJ\"}]}]}<\/script>\n<!-- \/ Yoast SEO plugin. -->","yoast_head_json":{"title":"Anh\u00e4nger aus Gold, diamanten und akoyaperle \u2013 AKPEOD10 OJ - Les Merveilles du Pacifique","robots":{"index":"index","follow":"follow","max-snippet":"max-snippet:-1","max-image-preview":"max-image-preview:large","max-video-preview":"max-video-preview:-1"},"canonical":"https:\/\/www.lesmerveillesdupacifique.com\/de\/produit\/pendentif-or-diamant-et-perle-akoya-akpeod10-oj\/","og_locale":"de_DE","og_type":"article","og_title":"Anh\u00e4nger aus Gold, diamanten und akoyaperle \u2013 AKPEOD10 OJ - Les Merveilles du Pacifique","og_description":"1\u00a0Tahiti-zuchtperle  Perlenf\u00f6rmig: Barockperle Gr\u00f6\u00dfe: 7,5-8 mm Qualit\u00e4tsmerkmale: AA+ Gelbgold 750 (18-kar\u00e4tigem) 0,45 Gramm Diamanten 0,03 kar\u00e4tigem, Reinheit: SI3-I1,\u00a0Farbe\u00a0: G Fester Anh\u00e4ngerring, ohne Kette","og_url":"https:\/\/www.lesmerveillesdupacifique.com\/produit\/pendentif-or-diamant-et-perle-akoya-akpeod10-oj\/","og_site_name":"Les Merveilles du Pacifique","article_modified_time":"2026-04-02T12:53:09+00:00","og_image":[{"width":673,"height":1024,"url":"https:\/\/www.lesmerveillesdupacifique.com\/wp-content\/uploads\/2026\/04\/Capture-decran-2026-04-02-a-14.48.40-673x1024.png","type":"image\/png"}],"twitter_card":"summary_large_image","schema":{"@context":"https:\/\/schema.org","@graph":[{"@type":"WebSite","@id":"https:\/\/www.lesmerveillesdupacifique.com\/fr\/#website","url":"https:\/\/www.lesmerveillesdupacifique.com\/fr\/","name":"Les Merveilles du Pacifique","description":"Perles de culture de Tahiti","potentialAction":[{"@type":"SearchAction","target":{"@type":"EntryPoint","urlTemplate":"https:\/\/www.lesmerveillesdupacifique.com\/fr\/?s={search_term_string}"},"query-input":"required name=search_term_string"}],"inLanguage":"de"},{"@type":"ImageObject","@id":"https:\/\/www.lesmerveillesdupacifique.com\/produit\/pendentif-or-diamant-et-perle-akoya-akpeod10-oj\/#primaryimage","inLanguage":"de","url":"https:\/\/www.lesmerveillesdupacifique.com\/wp-content\/uploads\/2026\/04\/Capture-decran-2026-04-02-a-14.48.40.png","contentUrl":"https:\/\/www.lesmerveillesdupacifique.com\/wp-content\/uploads\/2026\/04\/Capture-decran-2026-04-02-a-14.48.40.png","width":1344,"height":2046},{"@type":"WebPage","@id":"https:\/\/www.lesmerveillesdupacifique.com\/produit\/pendentif-or-diamant-et-perle-akoya-akpeod10-oj\/#webpage","url":"https:\/\/www.lesmerveillesdupacifique.com\/produit\/pendentif-or-diamant-et-perle-akoya-akpeod10-oj\/","name":"Anh\u00e4nger aus Gold, diamanten und akoyaperle \u2013 AKPEOD10 OJ - Les Merveilles du Pacifique","isPartOf":{"@id":"https:\/\/www.lesmerveillesdupacifique.com\/fr\/#website"},"primaryImageOfPage":{"@id":"https:\/\/www.lesmerveillesdupacifique.com\/produit\/pendentif-or-diamant-et-perle-akoya-akpeod10-oj\/#primaryimage"},"datePublished":"2026-04-02T12:44:57+00:00","dateModified":"2026-04-02T12:53:09+00:00","breadcrumb":{"@id":"https:\/\/www.lesmerveillesdupacifique.com\/produit\/pendentif-or-diamant-et-perle-akoya-akpeod10-oj\/#breadcrumb"},"inLanguage":"de","potentialAction":[{"@type":"ReadAction","target":["https:\/\/www.lesmerveillesdupacifique.com\/produit\/pendentif-or-diamant-et-perle-akoya-akpeod10-oj\/"]}]},{"@type":"BreadcrumbList","@id":"https:\/\/www.lesmerveillesdupacifique.com\/produit\/pendentif-or-diamant-et-perle-akoya-akpeod10-oj\/#breadcrumb","itemListElement":[{"@type":"ListItem","position":1,"name":"Accueil","item":"https:\/\/www.lesmerveillesdupacifique.com\/"},{"@type":"ListItem","position":2,"name":"Collection","item":"https:\/\/www.lesmerveillesdupacifique.com\/fr\/shop\/"},{"@type":"ListItem","position":3,"name":"Pendentif or, diamant et perle akoya \u2013 AKPEOD10 OJ"}]}]}},"acf":[],"_links":{"self":[{"href":"https:\/\/www.lesmerveillesdupacifique.com\/de\/wp-json\/wp\/v2\/product\/4610"}],"collection":[{"href":"https:\/\/www.lesmerveillesdupacifique.com\/de\/wp-json\/wp\/v2\/product"}],"about":[{"href":"https:\/\/www.lesmerveillesdupacifique.com\/de\/wp-json\/wp\/v2\/types\/product"}],"wp:featuredmedia":[{"embeddable":true,"href":"https:\/\/www.lesmerveillesdupacifique.com\/de\/wp-json\/wp\/v2\/media\/4611"}],"wp:attachment":[{"href":"https:\/\/www.lesmerveillesdupacifique.com\/de\/wp-json\/wp\/v2\/media?parent=4610"}],"wp:term":[{"taxonomy":"product_cat","embeddable":true,"href":"https:\/\/www.lesmerveillesdupacifique.com\/de\/wp-json\/wp\/v2\/product_cat?post=4610"},{"taxonomy":"product_tag","embeddable":true,"href":"https:\/\/www.lesmerveillesdupacifique.com\/de\/wp-json\/wp\/v2\/product_tag?post=4610"}],"curies":[{"name":"wp","href":"https:\/\/api.w.org\/{rel}","templated":true}]}}