{"id":4284,"date":"2025-01-08T17:23:13","date_gmt":"2025-01-08T16:23:13","guid":{"rendered":"https:\/\/www.lesmerveillesdupacifique.com\/?post_type=product&#038;p=4284"},"modified":"2025-01-21T14:29:21","modified_gmt":"2025-01-21T13:29:21","slug":"collier-de-perles-rondes-10-11-a-b-fermoir-or","status":"publish","type":"product","link":"https:\/\/www.lesmerveillesdupacifique.com\/de\/produit\/collier-de-perles-rondes-10-11-a-b-fermoir-or\/","title":{"rendered":"Rund Perlenketten 10-11 A\/B Goldverschluss"},"content":{"rendered":"","protected":false},"excerpt":{"rendered":"<p><b>Tahiti-zuchtperlen<br \/>\n<\/b><b>Perlenformen<\/b><strong>:<\/strong> rund<br \/>\n<b>Gr\u00f6\u00dfen<\/b><strong>:<\/strong>\u00a010-11 mm<br \/>\n<b>Qualit\u00e4tsmerkmale<\/b><strong>:<\/strong> A\/B<\/p>\n<p>Standardl\u00e4nge: 45 cm. M\u00f6glichkeit, sie zu verl\u00e4ngern oder zu verk\u00fcrzen.<\/p>\n<p>Die Halsketten sind auf Seidenfaden mit Knoten zwischen jeder Perle aufgereiht.<br \/>\nFederringverschluss aus 18 Karat Gold (erh\u00e4ltlich in Gelbgold und Wei\u00dfgold, bitte bei Bestellung angeben)<\/p>\n","protected":false},"featured_media":4285,"template":"","meta":{"_mi_skip_tracking":false},"product_cat":[60],"product_tag":[],"yoast_head":"<!-- This site is optimized with the Yoast SEO plugin v18.3 - https:\/\/yoast.com\/wordpress\/plugins\/seo\/ -->\n<title>Rund Perlenketten 10-11 A\/B Goldverschluss - Les Merveilles du Pacifique<\/title>\n<meta name=\"robots\" content=\"index, follow, max-snippet:-1, max-image-preview:large, max-video-preview:-1\" \/>\n<link rel=\"canonical\" href=\"https:\/\/www.lesmerveillesdupacifique.com\/de\/produit\/collier-de-perles-rondes-10-11-a-b-fermoir-or\/\" \/>\n<meta property=\"og:locale\" content=\"de_DE\" \/>\n<meta property=\"og:type\" content=\"article\" \/>\n<meta property=\"og:title\" content=\"Rund Perlenketten 10-11 A\/B Goldverschluss - Les Merveilles du Pacifique\" \/>\n<meta property=\"og:description\" content=\"Tahiti-zuchtperlen Perlenformen: rund Gr\u00f6\u00dfen:\u00a010-11 mm Qualit\u00e4tsmerkmale: A\/B  Standardl\u00e4nge: 45 cm. M\u00f6glichkeit, sie zu verl\u00e4ngern oder zu verk\u00fcrzen.  Die Halsketten sind auf Seidenfaden mit Knoten zwischen jeder Perle aufgereiht. Federringverschluss aus 18 Karat Gold (erh\u00e4ltlich in Gelbgold und Wei\u00dfgold, bitte bei Bestellung angeben)\" \/>\n<meta property=\"og:url\" content=\"https:\/\/www.lesmerveillesdupacifique.com\/produit\/collier-de-perles-rondes-10-11-a-b-fermoir-or\/\" \/>\n<meta property=\"og:site_name\" content=\"Les Merveilles du Pacifique\" \/>\n<meta property=\"article:modified_time\" content=\"2025-01-21T13:29:21+00:00\" \/>\n<meta property=\"og:image\" content=\"https:\/\/www.lesmerveillesdupacifique.com\/wp-content\/uploads\/2025\/01\/edf62022-e926-4b52-99f9-826eaa5f2918.jpg\" \/>\n\t<meta property=\"og:image:width\" content=\"1497\" \/>\n\t<meta property=\"og:image:height\" content=\"1599\" \/>\n\t<meta property=\"og:image:type\" content=\"image\/jpeg\" \/>\n<meta name=\"twitter:card\" content=\"summary_large_image\" \/>\n<script type=\"application\/ld+json\" class=\"yoast-schema-graph\">{\"@context\":\"https:\/\/schema.org\",\"@graph\":[{\"@type\":\"WebSite\",\"@id\":\"https:\/\/www.lesmerveillesdupacifique.com\/fr\/#website\",\"url\":\"https:\/\/www.lesmerveillesdupacifique.com\/fr\/\",\"name\":\"Les Merveilles du Pacifique\",\"description\":\"Perles de culture de Tahiti\",\"potentialAction\":[{\"@type\":\"SearchAction\",\"target\":{\"@type\":\"EntryPoint\",\"urlTemplate\":\"https:\/\/www.lesmerveillesdupacifique.com\/fr\/?s={search_term_string}\"},\"query-input\":\"required name=search_term_string\"}],\"inLanguage\":\"de\"},{\"@type\":\"ImageObject\",\"@id\":\"https:\/\/www.lesmerveillesdupacifique.com\/produit\/collier-de-perles-rondes-10-11-a-b-fermoir-or\/#primaryimage\",\"inLanguage\":\"de\",\"url\":\"https:\/\/www.lesmerveillesdupacifique.com\/wp-content\/uploads\/2025\/01\/edf62022-e926-4b52-99f9-826eaa5f2918.jpg\",\"contentUrl\":\"https:\/\/www.lesmerveillesdupacifique.com\/wp-content\/uploads\/2025\/01\/edf62022-e926-4b52-99f9-826eaa5f2918.jpg\",\"width\":1497,\"height\":1599},{\"@type\":\"WebPage\",\"@id\":\"https:\/\/www.lesmerveillesdupacifique.com\/produit\/collier-de-perles-rondes-10-11-a-b-fermoir-or\/#webpage\",\"url\":\"https:\/\/www.lesmerveillesdupacifique.com\/produit\/collier-de-perles-rondes-10-11-a-b-fermoir-or\/\",\"name\":\"Rund Perlenketten 10-11 A\/B Goldverschluss - Les Merveilles du Pacifique\",\"isPartOf\":{\"@id\":\"https:\/\/www.lesmerveillesdupacifique.com\/fr\/#website\"},\"primaryImageOfPage\":{\"@id\":\"https:\/\/www.lesmerveillesdupacifique.com\/produit\/collier-de-perles-rondes-10-11-a-b-fermoir-or\/#primaryimage\"},\"datePublished\":\"2025-01-08T16:23:13+00:00\",\"dateModified\":\"2025-01-21T13:29:21+00:00\",\"breadcrumb\":{\"@id\":\"https:\/\/www.lesmerveillesdupacifique.com\/produit\/collier-de-perles-rondes-10-11-a-b-fermoir-or\/#breadcrumb\"},\"inLanguage\":\"de\",\"potentialAction\":[{\"@type\":\"ReadAction\",\"target\":[\"https:\/\/www.lesmerveillesdupacifique.com\/produit\/collier-de-perles-rondes-10-11-a-b-fermoir-or\/\"]}]},{\"@type\":\"BreadcrumbList\",\"@id\":\"https:\/\/www.lesmerveillesdupacifique.com\/produit\/collier-de-perles-rondes-10-11-a-b-fermoir-or\/#breadcrumb\",\"itemListElement\":[{\"@type\":\"ListItem\",\"position\":1,\"name\":\"Accueil\",\"item\":\"https:\/\/www.lesmerveillesdupacifique.com\/\"},{\"@type\":\"ListItem\",\"position\":2,\"name\":\"Collection\",\"item\":\"https:\/\/www.lesmerveillesdupacifique.com\/fr\/shop\/\"},{\"@type\":\"ListItem\",\"position\":3,\"name\":\"Collier rainbow de perles rondes 10-11 A\/B fermoir or\"}]}]}<\/script>\n<!-- \/ Yoast SEO plugin. -->","yoast_head_json":{"title":"Rund Perlenketten 10-11 A\/B Goldverschluss - Les Merveilles du Pacifique","robots":{"index":"index","follow":"follow","max-snippet":"max-snippet:-1","max-image-preview":"max-image-preview:large","max-video-preview":"max-video-preview:-1"},"canonical":"https:\/\/www.lesmerveillesdupacifique.com\/de\/produit\/collier-de-perles-rondes-10-11-a-b-fermoir-or\/","og_locale":"de_DE","og_type":"article","og_title":"Rund Perlenketten 10-11 A\/B Goldverschluss - Les Merveilles du Pacifique","og_description":"Tahiti-zuchtperlen Perlenformen: rund Gr\u00f6\u00dfen:\u00a010-11 mm Qualit\u00e4tsmerkmale: A\/B  Standardl\u00e4nge: 45 cm. M\u00f6glichkeit, sie zu verl\u00e4ngern oder zu verk\u00fcrzen.  Die Halsketten sind auf Seidenfaden mit Knoten zwischen jeder Perle aufgereiht. Federringverschluss aus 18 Karat Gold (erh\u00e4ltlich in Gelbgold und Wei\u00dfgold, bitte bei Bestellung angeben)","og_url":"https:\/\/www.lesmerveillesdupacifique.com\/produit\/collier-de-perles-rondes-10-11-a-b-fermoir-or\/","og_site_name":"Les Merveilles du Pacifique","article_modified_time":"2025-01-21T13:29:21+00:00","og_image":[{"width":1497,"height":1599,"url":"https:\/\/www.lesmerveillesdupacifique.com\/wp-content\/uploads\/2025\/01\/edf62022-e926-4b52-99f9-826eaa5f2918.jpg","type":"image\/jpeg"}],"twitter_card":"summary_large_image","schema":{"@context":"https:\/\/schema.org","@graph":[{"@type":"WebSite","@id":"https:\/\/www.lesmerveillesdupacifique.com\/fr\/#website","url":"https:\/\/www.lesmerveillesdupacifique.com\/fr\/","name":"Les Merveilles du Pacifique","description":"Perles de culture de Tahiti","potentialAction":[{"@type":"SearchAction","target":{"@type":"EntryPoint","urlTemplate":"https:\/\/www.lesmerveillesdupacifique.com\/fr\/?s={search_term_string}"},"query-input":"required name=search_term_string"}],"inLanguage":"de"},{"@type":"ImageObject","@id":"https:\/\/www.lesmerveillesdupacifique.com\/produit\/collier-de-perles-rondes-10-11-a-b-fermoir-or\/#primaryimage","inLanguage":"de","url":"https:\/\/www.lesmerveillesdupacifique.com\/wp-content\/uploads\/2025\/01\/edf62022-e926-4b52-99f9-826eaa5f2918.jpg","contentUrl":"https:\/\/www.lesmerveillesdupacifique.com\/wp-content\/uploads\/2025\/01\/edf62022-e926-4b52-99f9-826eaa5f2918.jpg","width":1497,"height":1599},{"@type":"WebPage","@id":"https:\/\/www.lesmerveillesdupacifique.com\/produit\/collier-de-perles-rondes-10-11-a-b-fermoir-or\/#webpage","url":"https:\/\/www.lesmerveillesdupacifique.com\/produit\/collier-de-perles-rondes-10-11-a-b-fermoir-or\/","name":"Rund Perlenketten 10-11 A\/B Goldverschluss - Les Merveilles du Pacifique","isPartOf":{"@id":"https:\/\/www.lesmerveillesdupacifique.com\/fr\/#website"},"primaryImageOfPage":{"@id":"https:\/\/www.lesmerveillesdupacifique.com\/produit\/collier-de-perles-rondes-10-11-a-b-fermoir-or\/#primaryimage"},"datePublished":"2025-01-08T16:23:13+00:00","dateModified":"2025-01-21T13:29:21+00:00","breadcrumb":{"@id":"https:\/\/www.lesmerveillesdupacifique.com\/produit\/collier-de-perles-rondes-10-11-a-b-fermoir-or\/#breadcrumb"},"inLanguage":"de","potentialAction":[{"@type":"ReadAction","target":["https:\/\/www.lesmerveillesdupacifique.com\/produit\/collier-de-perles-rondes-10-11-a-b-fermoir-or\/"]}]},{"@type":"BreadcrumbList","@id":"https:\/\/www.lesmerveillesdupacifique.com\/produit\/collier-de-perles-rondes-10-11-a-b-fermoir-or\/#breadcrumb","itemListElement":[{"@type":"ListItem","position":1,"name":"Accueil","item":"https:\/\/www.lesmerveillesdupacifique.com\/"},{"@type":"ListItem","position":2,"name":"Collection","item":"https:\/\/www.lesmerveillesdupacifique.com\/fr\/shop\/"},{"@type":"ListItem","position":3,"name":"Collier rainbow de perles rondes 10-11 A\/B fermoir or"}]}]}},"acf":[],"_links":{"self":[{"href":"https:\/\/www.lesmerveillesdupacifique.com\/de\/wp-json\/wp\/v2\/product\/4284"}],"collection":[{"href":"https:\/\/www.lesmerveillesdupacifique.com\/de\/wp-json\/wp\/v2\/product"}],"about":[{"href":"https:\/\/www.lesmerveillesdupacifique.com\/de\/wp-json\/wp\/v2\/types\/product"}],"wp:featuredmedia":[{"embeddable":true,"href":"https:\/\/www.lesmerveillesdupacifique.com\/de\/wp-json\/wp\/v2\/media\/4285"}],"wp:attachment":[{"href":"https:\/\/www.lesmerveillesdupacifique.com\/de\/wp-json\/wp\/v2\/media?parent=4284"}],"wp:term":[{"taxonomy":"product_cat","embeddable":true,"href":"https:\/\/www.lesmerveillesdupacifique.com\/de\/wp-json\/wp\/v2\/product_cat?post=4284"},{"taxonomy":"product_tag","embeddable":true,"href":"https:\/\/www.lesmerveillesdupacifique.com\/de\/wp-json\/wp\/v2\/product_tag?post=4284"}],"curies":[{"name":"wp","href":"https:\/\/api.w.org\/{rel}","templated":true}]}}