{"id":4174,"date":"2023-12-06T14:37:11","date_gmt":"2023-12-06T13:37:11","guid":{"rendered":"https:\/\/www.lesmerveillesdupacifique.com\/?post_type=product&#038;p=4174"},"modified":"2026-04-01T15:41:50","modified_gmt":"2026-04-01T13:41:50","slug":"bague-en-or-avec-perle-et-diamants-bgod-04-oj-copie","status":"publish","type":"product","link":"https:\/\/www.lesmerveillesdupacifique.com\/de\/produit\/bague-en-or-avec-perle-et-diamants-bgod-04-oj-copie\/","title":{"rendered":"Goldring, diamanten und perle &#8211; BGOD 04 OB"},"content":{"rendered":"","protected":false},"excerpt":{"rendered":"<p><b>1 Tahiti-zuchtperle<\/b><\/p>\n<p><b>Perlenf\u00f6rmig<\/b><strong>:\u00a0<\/strong><b>runde<br \/>\n<\/b><b>Gr\u00f6\u00dfe<\/b>: 10,7 mm<br \/>\n<b>Qualit\u00e4tsmerkmale<\/b><strong>:<\/strong> A<br \/>\n<b>Wei\u00dfgold 750<\/b> (18-kar\u00e4tigem) 6,6 Gramm<br \/>\n<strong>Diamanten<\/strong> 0,14 kar\u00e4tigem, <span lang=\"DE\">Reinheit<\/span>: SI3-I1, Farbe: G-H<br \/>\n<span lang=\"DE\"><br \/>\n<strong>Ringma\u00dfe verf\u00fcgbar<\/strong><\/span><strong>:<\/strong> 52, 54, 56 und 58<\/p>\n<p>&nbsp;<\/p>\n","protected":false},"featured_media":3999,"template":"","meta":{"_mi_skip_tracking":false},"product_cat":[17],"product_tag":[],"yoast_head":"<!-- This site is optimized with the Yoast SEO plugin v18.3 - https:\/\/yoast.com\/wordpress\/plugins\/seo\/ -->\n<title>Goldring, diamanten und perle - BGOD 04 OB - Les Merveilles du Pacifique<\/title>\n<meta name=\"robots\" content=\"index, follow, max-snippet:-1, max-image-preview:large, max-video-preview:-1\" \/>\n<link rel=\"canonical\" href=\"https:\/\/www.lesmerveillesdupacifique.com\/de\/produit\/bague-en-or-avec-perle-et-diamants-bgod-04-oj-copie\/\" \/>\n<meta property=\"og:locale\" content=\"de_DE\" \/>\n<meta property=\"og:type\" content=\"article\" \/>\n<meta property=\"og:title\" content=\"Goldring, diamanten und perle - BGOD 04 OB - Les Merveilles du Pacifique\" \/>\n<meta property=\"og:description\" content=\"1 Tahiti-zuchtperle  Perlenf\u00f6rmig:\u00a0runde Gr\u00f6\u00dfe: 10,7 mm Qualit\u00e4tsmerkmale: A Wei\u00dfgold 750 (18-kar\u00e4tigem) 6,6 Gramm Diamanten 0,14 kar\u00e4tigem, Reinheit: SI3-I1, Farbe: G-H  Ringma\u00dfe verf\u00fcgbar: 52, 54, 56 und 58  &nbsp;\" \/>\n<meta property=\"og:url\" content=\"https:\/\/www.lesmerveillesdupacifique.com\/produit\/bague-en-or-avec-perle-et-diamants-bgod-04-oj-copie\/\" \/>\n<meta property=\"og:site_name\" content=\"Les Merveilles du Pacifique\" \/>\n<meta property=\"article:modified_time\" content=\"2026-04-01T13:41:50+00:00\" \/>\n<meta property=\"og:image\" content=\"https:\/\/www.lesmerveillesdupacifique.com\/wp-content\/uploads\/2023\/10\/BGOD04-OB.jpg\" \/>\n\t<meta property=\"og:image:width\" content=\"1090\" \/>\n\t<meta property=\"og:image:height\" content=\"727\" \/>\n\t<meta property=\"og:image:type\" content=\"image\/jpeg\" \/>\n<meta name=\"twitter:card\" content=\"summary_large_image\" \/>\n<script type=\"application\/ld+json\" class=\"yoast-schema-graph\">{\"@context\":\"https:\/\/schema.org\",\"@graph\":[{\"@type\":\"WebSite\",\"@id\":\"https:\/\/www.lesmerveillesdupacifique.com\/fr\/#website\",\"url\":\"https:\/\/www.lesmerveillesdupacifique.com\/fr\/\",\"name\":\"Les Merveilles du Pacifique\",\"description\":\"Perles de culture de Tahiti\",\"potentialAction\":[{\"@type\":\"SearchAction\",\"target\":{\"@type\":\"EntryPoint\",\"urlTemplate\":\"https:\/\/www.lesmerveillesdupacifique.com\/fr\/?s={search_term_string}\"},\"query-input\":\"required name=search_term_string\"}],\"inLanguage\":\"de\"},{\"@type\":\"ImageObject\",\"@id\":\"https:\/\/www.lesmerveillesdupacifique.com\/produit\/bague-en-or-avec-perle-et-diamants-bgod-04-oj-copie\/#primaryimage\",\"inLanguage\":\"de\",\"url\":\"https:\/\/www.lesmerveillesdupacifique.com\/wp-content\/uploads\/2023\/10\/BGOD04-OB.jpg\",\"contentUrl\":\"https:\/\/www.lesmerveillesdupacifique.com\/wp-content\/uploads\/2023\/10\/BGOD04-OB.jpg\",\"width\":1090,\"height\":727,\"caption\":\"www.photographe-book-paris.com\"},{\"@type\":\"WebPage\",\"@id\":\"https:\/\/www.lesmerveillesdupacifique.com\/produit\/bague-en-or-avec-perle-et-diamants-bgod-04-oj-copie\/#webpage\",\"url\":\"https:\/\/www.lesmerveillesdupacifique.com\/produit\/bague-en-or-avec-perle-et-diamants-bgod-04-oj-copie\/\",\"name\":\"Goldring, diamanten und perle - BGOD 04 OB - Les Merveilles du Pacifique\",\"isPartOf\":{\"@id\":\"https:\/\/www.lesmerveillesdupacifique.com\/fr\/#website\"},\"primaryImageOfPage\":{\"@id\":\"https:\/\/www.lesmerveillesdupacifique.com\/produit\/bague-en-or-avec-perle-et-diamants-bgod-04-oj-copie\/#primaryimage\"},\"datePublished\":\"2023-12-06T13:37:11+00:00\",\"dateModified\":\"2026-04-01T13:41:50+00:00\",\"breadcrumb\":{\"@id\":\"https:\/\/www.lesmerveillesdupacifique.com\/produit\/bague-en-or-avec-perle-et-diamants-bgod-04-oj-copie\/#breadcrumb\"},\"inLanguage\":\"de\",\"potentialAction\":[{\"@type\":\"ReadAction\",\"target\":[\"https:\/\/www.lesmerveillesdupacifique.com\/produit\/bague-en-or-avec-perle-et-diamants-bgod-04-oj-copie\/\"]}]},{\"@type\":\"BreadcrumbList\",\"@id\":\"https:\/\/www.lesmerveillesdupacifique.com\/produit\/bague-en-or-avec-perle-et-diamants-bgod-04-oj-copie\/#breadcrumb\",\"itemListElement\":[{\"@type\":\"ListItem\",\"position\":1,\"name\":\"Accueil\",\"item\":\"https:\/\/www.lesmerveillesdupacifique.com\/\"},{\"@type\":\"ListItem\",\"position\":2,\"name\":\"Collection\",\"item\":\"https:\/\/www.lesmerveillesdupacifique.com\/fr\/shop\/\"},{\"@type\":\"ListItem\",\"position\":3,\"name\":\"Bague en or avec perle et diamants &#8211; BGOD 04 OB\"}]}]}<\/script>\n<!-- \/ Yoast SEO plugin. -->","yoast_head_json":{"title":"Goldring, diamanten und perle - BGOD 04 OB - Les Merveilles du Pacifique","robots":{"index":"index","follow":"follow","max-snippet":"max-snippet:-1","max-image-preview":"max-image-preview:large","max-video-preview":"max-video-preview:-1"},"canonical":"https:\/\/www.lesmerveillesdupacifique.com\/de\/produit\/bague-en-or-avec-perle-et-diamants-bgod-04-oj-copie\/","og_locale":"de_DE","og_type":"article","og_title":"Goldring, diamanten und perle - BGOD 04 OB - Les Merveilles du Pacifique","og_description":"1 Tahiti-zuchtperle  Perlenf\u00f6rmig:\u00a0runde Gr\u00f6\u00dfe: 10,7 mm Qualit\u00e4tsmerkmale: A Wei\u00dfgold 750 (18-kar\u00e4tigem) 6,6 Gramm Diamanten 0,14 kar\u00e4tigem, Reinheit: SI3-I1, Farbe: G-H  Ringma\u00dfe verf\u00fcgbar: 52, 54, 56 und 58  &nbsp;","og_url":"https:\/\/www.lesmerveillesdupacifique.com\/produit\/bague-en-or-avec-perle-et-diamants-bgod-04-oj-copie\/","og_site_name":"Les Merveilles du Pacifique","article_modified_time":"2026-04-01T13:41:50+00:00","og_image":[{"width":1090,"height":727,"url":"https:\/\/www.lesmerveillesdupacifique.com\/wp-content\/uploads\/2023\/10\/BGOD04-OB.jpg","type":"image\/jpeg"}],"twitter_card":"summary_large_image","schema":{"@context":"https:\/\/schema.org","@graph":[{"@type":"WebSite","@id":"https:\/\/www.lesmerveillesdupacifique.com\/fr\/#website","url":"https:\/\/www.lesmerveillesdupacifique.com\/fr\/","name":"Les Merveilles du Pacifique","description":"Perles de culture de Tahiti","potentialAction":[{"@type":"SearchAction","target":{"@type":"EntryPoint","urlTemplate":"https:\/\/www.lesmerveillesdupacifique.com\/fr\/?s={search_term_string}"},"query-input":"required name=search_term_string"}],"inLanguage":"de"},{"@type":"ImageObject","@id":"https:\/\/www.lesmerveillesdupacifique.com\/produit\/bague-en-or-avec-perle-et-diamants-bgod-04-oj-copie\/#primaryimage","inLanguage":"de","url":"https:\/\/www.lesmerveillesdupacifique.com\/wp-content\/uploads\/2023\/10\/BGOD04-OB.jpg","contentUrl":"https:\/\/www.lesmerveillesdupacifique.com\/wp-content\/uploads\/2023\/10\/BGOD04-OB.jpg","width":1090,"height":727,"caption":"www.photographe-book-paris.com"},{"@type":"WebPage","@id":"https:\/\/www.lesmerveillesdupacifique.com\/produit\/bague-en-or-avec-perle-et-diamants-bgod-04-oj-copie\/#webpage","url":"https:\/\/www.lesmerveillesdupacifique.com\/produit\/bague-en-or-avec-perle-et-diamants-bgod-04-oj-copie\/","name":"Goldring, diamanten und perle - BGOD 04 OB - Les Merveilles du Pacifique","isPartOf":{"@id":"https:\/\/www.lesmerveillesdupacifique.com\/fr\/#website"},"primaryImageOfPage":{"@id":"https:\/\/www.lesmerveillesdupacifique.com\/produit\/bague-en-or-avec-perle-et-diamants-bgod-04-oj-copie\/#primaryimage"},"datePublished":"2023-12-06T13:37:11+00:00","dateModified":"2026-04-01T13:41:50+00:00","breadcrumb":{"@id":"https:\/\/www.lesmerveillesdupacifique.com\/produit\/bague-en-or-avec-perle-et-diamants-bgod-04-oj-copie\/#breadcrumb"},"inLanguage":"de","potentialAction":[{"@type":"ReadAction","target":["https:\/\/www.lesmerveillesdupacifique.com\/produit\/bague-en-or-avec-perle-et-diamants-bgod-04-oj-copie\/"]}]},{"@type":"BreadcrumbList","@id":"https:\/\/www.lesmerveillesdupacifique.com\/produit\/bague-en-or-avec-perle-et-diamants-bgod-04-oj-copie\/#breadcrumb","itemListElement":[{"@type":"ListItem","position":1,"name":"Accueil","item":"https:\/\/www.lesmerveillesdupacifique.com\/"},{"@type":"ListItem","position":2,"name":"Collection","item":"https:\/\/www.lesmerveillesdupacifique.com\/fr\/shop\/"},{"@type":"ListItem","position":3,"name":"Bague en or avec perle et diamants &#8211; BGOD 04 OB"}]}]}},"acf":[],"_links":{"self":[{"href":"https:\/\/www.lesmerveillesdupacifique.com\/de\/wp-json\/wp\/v2\/product\/4174"}],"collection":[{"href":"https:\/\/www.lesmerveillesdupacifique.com\/de\/wp-json\/wp\/v2\/product"}],"about":[{"href":"https:\/\/www.lesmerveillesdupacifique.com\/de\/wp-json\/wp\/v2\/types\/product"}],"wp:featuredmedia":[{"embeddable":true,"href":"https:\/\/www.lesmerveillesdupacifique.com\/de\/wp-json\/wp\/v2\/media\/3999"}],"wp:attachment":[{"href":"https:\/\/www.lesmerveillesdupacifique.com\/de\/wp-json\/wp\/v2\/media?parent=4174"}],"wp:term":[{"taxonomy":"product_cat","embeddable":true,"href":"https:\/\/www.lesmerveillesdupacifique.com\/de\/wp-json\/wp\/v2\/product_cat?post=4174"},{"taxonomy":"product_tag","embeddable":true,"href":"https:\/\/www.lesmerveillesdupacifique.com\/de\/wp-json\/wp\/v2\/product_tag?post=4174"}],"curies":[{"name":"wp","href":"https:\/\/api.w.org\/{rel}","templated":true}]}}