{"id":288,"date":"2018-05-31T10:32:48","date_gmt":"2018-05-31T08:32:48","guid":{"rendered":"http:\/\/www.lesmerveillesdupacifique.com\/prod\/?post_type=product&#038;p=288"},"modified":"2025-12-04T00:00:22","modified_gmt":"2025-12-03T23:00:22","slug":"colk01","status":"publish","type":"product","link":"https:\/\/www.lesmerveillesdupacifique.com\/de\/produit\/colk01\/","title":{"rendered":"Silberne Halskette, keshis und geringelt perle \u2013 COLK01"},"content":{"rendered":"","protected":false},"excerpt":{"rendered":"<p><b><span lang=\"DE\">Tahiti-zuchtperle<br \/>\n<\/span><\/b><b><span lang=\"DE\">Perlenf\u00f6rmig<\/span><\/b><strong>:\u00a0<\/strong>rund<br \/>\n<b><span lang=\"DE\">Gr\u00f6\u00dfe<\/span><\/b><strong>:<\/strong> 11-12 mm<br \/>\n<b><span lang=\"DE\">Qualit\u00e4tsmerkmale<\/span><\/b><strong>:<\/strong> A\/B<br \/>\n<strong>2 Keshi-perlen aus Tahiti<\/strong>\u00a02 Gramm<br \/>\n<b><span lang=\"DE\">hodiniertes Silber 925\u00a0<\/span><\/b>4 Gramm<br \/>\n<span lang=\"DE\">Kette mit verst\u00e4rkten Kettengliedern\u00a0<\/span>43 cm<\/p>\n","protected":false},"featured_media":4073,"template":"","meta":{"_mi_skip_tracking":false},"product_cat":[25],"product_tag":[],"yoast_head":"<!-- This site is optimized with the Yoast SEO plugin v18.3 - https:\/\/yoast.com\/wordpress\/plugins\/seo\/ -->\n<title>Silberne Halskette, keshis und geringelt perle \u2013 COLK01 - Les Merveilles du Pacifique<\/title>\n<meta name=\"robots\" content=\"index, follow, max-snippet:-1, max-image-preview:large, max-video-preview:-1\" \/>\n<link rel=\"canonical\" href=\"https:\/\/www.lesmerveillesdupacifique.com\/de\/produit\/colk01\/\" \/>\n<meta property=\"og:locale\" content=\"de_DE\" \/>\n<meta property=\"og:type\" content=\"article\" \/>\n<meta property=\"og:title\" content=\"Silberne Halskette, keshis und geringelt perle \u2013 COLK01 - Les Merveilles du Pacifique\" \/>\n<meta property=\"og:description\" content=\"Tahiti-zuchtperle Perlenf\u00f6rmig:\u00a0rund Gr\u00f6\u00dfe: 11-12 mm Qualit\u00e4tsmerkmale: A\/B 2 Keshi-perlen aus Tahiti\u00a02 Gramm hodiniertes Silber 925\u00a04 Gramm Kette mit verst\u00e4rkten Kettengliedern\u00a043 cm\" \/>\n<meta property=\"og:url\" content=\"https:\/\/www.lesmerveillesdupacifique.com\/produit\/colk01\/\" \/>\n<meta property=\"og:site_name\" content=\"Les Merveilles du Pacifique\" \/>\n<meta property=\"article:modified_time\" content=\"2025-12-03T23:00:22+00:00\" \/>\n<meta property=\"og:image\" content=\"https:\/\/www.lesmerveillesdupacifique.com\/wp-content\/uploads\/2022\/11\/COLK01.jpg\" \/>\n\t<meta property=\"og:image:width\" content=\"1333\" \/>\n\t<meta property=\"og:image:height\" content=\"2000\" \/>\n\t<meta property=\"og:image:type\" content=\"image\/jpeg\" \/>\n<meta name=\"twitter:card\" content=\"summary_large_image\" \/>\n<script type=\"application\/ld+json\" class=\"yoast-schema-graph\">{\"@context\":\"https:\/\/schema.org\",\"@graph\":[{\"@type\":\"WebSite\",\"@id\":\"https:\/\/www.lesmerveillesdupacifique.com\/fr\/#website\",\"url\":\"https:\/\/www.lesmerveillesdupacifique.com\/fr\/\",\"name\":\"Les Merveilles du Pacifique\",\"description\":\"Perles de culture de Tahiti\",\"potentialAction\":[{\"@type\":\"SearchAction\",\"target\":{\"@type\":\"EntryPoint\",\"urlTemplate\":\"https:\/\/www.lesmerveillesdupacifique.com\/fr\/?s={search_term_string}\"},\"query-input\":\"required name=search_term_string\"}],\"inLanguage\":\"de\"},{\"@type\":\"ImageObject\",\"@id\":\"https:\/\/www.lesmerveillesdupacifique.com\/produit\/colk01\/#primaryimage\",\"inLanguage\":\"de\",\"url\":\"https:\/\/www.lesmerveillesdupacifique.com\/wp-content\/uploads\/2022\/11\/COLK01.jpg\",\"contentUrl\":\"https:\/\/www.lesmerveillesdupacifique.com\/wp-content\/uploads\/2022\/11\/COLK01.jpg\",\"width\":1333,\"height\":2000,\"caption\":\"www.photographe-book-paris.com\"},{\"@type\":\"WebPage\",\"@id\":\"https:\/\/www.lesmerveillesdupacifique.com\/produit\/colk01\/#webpage\",\"url\":\"https:\/\/www.lesmerveillesdupacifique.com\/produit\/colk01\/\",\"name\":\"Silberne Halskette, keshis und geringelt perle \u2013 COLK01 - Les Merveilles du Pacifique\",\"isPartOf\":{\"@id\":\"https:\/\/www.lesmerveillesdupacifique.com\/fr\/#website\"},\"primaryImageOfPage\":{\"@id\":\"https:\/\/www.lesmerveillesdupacifique.com\/produit\/colk01\/#primaryimage\"},\"datePublished\":\"2018-05-31T08:32:48+00:00\",\"dateModified\":\"2025-12-03T23:00:22+00:00\",\"breadcrumb\":{\"@id\":\"https:\/\/www.lesmerveillesdupacifique.com\/produit\/colk01\/#breadcrumb\"},\"inLanguage\":\"de\",\"potentialAction\":[{\"@type\":\"ReadAction\",\"target\":[\"https:\/\/www.lesmerveillesdupacifique.com\/produit\/colk01\/\"]}]},{\"@type\":\"BreadcrumbList\",\"@id\":\"https:\/\/www.lesmerveillesdupacifique.com\/produit\/colk01\/#breadcrumb\",\"itemListElement\":[{\"@type\":\"ListItem\",\"position\":1,\"name\":\"Accueil\",\"item\":\"https:\/\/www.lesmerveillesdupacifique.com\/\"},{\"@type\":\"ListItem\",\"position\":2,\"name\":\"Collection\",\"item\":\"https:\/\/www.lesmerveillesdupacifique.com\/fr\/shop\/\"},{\"@type\":\"ListItem\",\"position\":3,\"name\":\"Collier argent, keshis et perle cercl\u00e9e \u2013 COLK01\"}]}]}<\/script>\n<!-- \/ Yoast SEO plugin. -->","yoast_head_json":{"title":"Silberne Halskette, keshis und geringelt perle \u2013 COLK01 - Les Merveilles du Pacifique","robots":{"index":"index","follow":"follow","max-snippet":"max-snippet:-1","max-image-preview":"max-image-preview:large","max-video-preview":"max-video-preview:-1"},"canonical":"https:\/\/www.lesmerveillesdupacifique.com\/de\/produit\/colk01\/","og_locale":"de_DE","og_type":"article","og_title":"Silberne Halskette, keshis und geringelt perle \u2013 COLK01 - Les Merveilles du Pacifique","og_description":"Tahiti-zuchtperle Perlenf\u00f6rmig:\u00a0rund Gr\u00f6\u00dfe: 11-12 mm Qualit\u00e4tsmerkmale: A\/B 2 Keshi-perlen aus Tahiti\u00a02 Gramm hodiniertes Silber 925\u00a04 Gramm Kette mit verst\u00e4rkten Kettengliedern\u00a043 cm","og_url":"https:\/\/www.lesmerveillesdupacifique.com\/produit\/colk01\/","og_site_name":"Les Merveilles du Pacifique","article_modified_time":"2025-12-03T23:00:22+00:00","og_image":[{"width":1333,"height":2000,"url":"https:\/\/www.lesmerveillesdupacifique.com\/wp-content\/uploads\/2022\/11\/COLK01.jpg","type":"image\/jpeg"}],"twitter_card":"summary_large_image","schema":{"@context":"https:\/\/schema.org","@graph":[{"@type":"WebSite","@id":"https:\/\/www.lesmerveillesdupacifique.com\/fr\/#website","url":"https:\/\/www.lesmerveillesdupacifique.com\/fr\/","name":"Les Merveilles du Pacifique","description":"Perles de culture de Tahiti","potentialAction":[{"@type":"SearchAction","target":{"@type":"EntryPoint","urlTemplate":"https:\/\/www.lesmerveillesdupacifique.com\/fr\/?s={search_term_string}"},"query-input":"required name=search_term_string"}],"inLanguage":"de"},{"@type":"ImageObject","@id":"https:\/\/www.lesmerveillesdupacifique.com\/produit\/colk01\/#primaryimage","inLanguage":"de","url":"https:\/\/www.lesmerveillesdupacifique.com\/wp-content\/uploads\/2022\/11\/COLK01.jpg","contentUrl":"https:\/\/www.lesmerveillesdupacifique.com\/wp-content\/uploads\/2022\/11\/COLK01.jpg","width":1333,"height":2000,"caption":"www.photographe-book-paris.com"},{"@type":"WebPage","@id":"https:\/\/www.lesmerveillesdupacifique.com\/produit\/colk01\/#webpage","url":"https:\/\/www.lesmerveillesdupacifique.com\/produit\/colk01\/","name":"Silberne Halskette, keshis und geringelt perle \u2013 COLK01 - Les Merveilles du Pacifique","isPartOf":{"@id":"https:\/\/www.lesmerveillesdupacifique.com\/fr\/#website"},"primaryImageOfPage":{"@id":"https:\/\/www.lesmerveillesdupacifique.com\/produit\/colk01\/#primaryimage"},"datePublished":"2018-05-31T08:32:48+00:00","dateModified":"2025-12-03T23:00:22+00:00","breadcrumb":{"@id":"https:\/\/www.lesmerveillesdupacifique.com\/produit\/colk01\/#breadcrumb"},"inLanguage":"de","potentialAction":[{"@type":"ReadAction","target":["https:\/\/www.lesmerveillesdupacifique.com\/produit\/colk01\/"]}]},{"@type":"BreadcrumbList","@id":"https:\/\/www.lesmerveillesdupacifique.com\/produit\/colk01\/#breadcrumb","itemListElement":[{"@type":"ListItem","position":1,"name":"Accueil","item":"https:\/\/www.lesmerveillesdupacifique.com\/"},{"@type":"ListItem","position":2,"name":"Collection","item":"https:\/\/www.lesmerveillesdupacifique.com\/fr\/shop\/"},{"@type":"ListItem","position":3,"name":"Collier argent, keshis et perle cercl\u00e9e \u2013 COLK01"}]}]}},"acf":[],"_links":{"self":[{"href":"https:\/\/www.lesmerveillesdupacifique.com\/de\/wp-json\/wp\/v2\/product\/288"}],"collection":[{"href":"https:\/\/www.lesmerveillesdupacifique.com\/de\/wp-json\/wp\/v2\/product"}],"about":[{"href":"https:\/\/www.lesmerveillesdupacifique.com\/de\/wp-json\/wp\/v2\/types\/product"}],"wp:featuredmedia":[{"embeddable":true,"href":"https:\/\/www.lesmerveillesdupacifique.com\/de\/wp-json\/wp\/v2\/media\/4073"}],"wp:attachment":[{"href":"https:\/\/www.lesmerveillesdupacifique.com\/de\/wp-json\/wp\/v2\/media?parent=288"}],"wp:term":[{"taxonomy":"product_cat","embeddable":true,"href":"https:\/\/www.lesmerveillesdupacifique.com\/de\/wp-json\/wp\/v2\/product_cat?post=288"},{"taxonomy":"product_tag","embeddable":true,"href":"https:\/\/www.lesmerveillesdupacifique.com\/de\/wp-json\/wp\/v2\/product_tag?post=288"}],"curies":[{"name":"wp","href":"https:\/\/api.w.org\/{rel}","templated":true}]}}