{"id":2461,"date":"2019-06-24T12:56:12","date_gmt":"2019-06-24T10:56:12","guid":{"rendered":"http:\/\/www.lesmerveillesdupacifique.com\/?post_type=product&#038;p=2461"},"modified":"2025-10-31T16:55:57","modified_gmt":"2025-10-31T15:55:57","slug":"pendentif-or-et-perle-goutte-peo10-ob","status":"publish","type":"product","link":"https:\/\/www.lesmerveillesdupacifique.com\/de\/produit\/pendentif-or-et-perle-goutte-peo10-ob\/","title":{"rendered":"Anh\u00e4nger aus Gold und tropfenf\u00f6rmig perle \u2013 PEO10 OB"},"content":{"rendered":"","protected":false},"excerpt":{"rendered":"<p><b>Tahiti-zuchtperle<br \/>\n<\/b><b>Perlenf\u00f6rmig<\/b><strong>:\u00a0<\/strong>tropfenf\u00f6rmig<br \/>\n<b>Gr\u00f6\u00dfe<\/b><strong>:<\/strong> 9-10 mm<br \/>\n<b>Qualit\u00e4tsmerkmale<\/b><strong>:<\/strong> A\/B<br \/>\n<b>Wei\u00dfgold 750<\/b> (18-kar\u00e4tigem) 0,6 Gramm<br \/>\nFester Anh\u00e4ngerring, ohne Kette<\/p>\n<p>gibt es auch in Gelbgold<\/p>\n","protected":false},"featured_media":4113,"template":"","meta":{"_mi_skip_tracking":false},"product_cat":[19],"product_tag":[],"yoast_head":"<!-- This site is optimized with the Yoast SEO plugin v18.3 - https:\/\/yoast.com\/wordpress\/plugins\/seo\/ -->\n<title>Anh\u00e4nger aus Gold und tropfenf\u00f6rmig perle \u2013 PEO10 OB - Les Merveilles du Pacifique<\/title>\n<meta name=\"robots\" content=\"index, follow, max-snippet:-1, max-image-preview:large, max-video-preview:-1\" \/>\n<link rel=\"canonical\" href=\"https:\/\/www.lesmerveillesdupacifique.com\/de\/produit\/pendentif-or-et-perle-goutte-peo10-ob\/\" \/>\n<meta property=\"og:locale\" content=\"de_DE\" \/>\n<meta property=\"og:type\" content=\"article\" \/>\n<meta property=\"og:title\" content=\"Anh\u00e4nger aus Gold und tropfenf\u00f6rmig perle \u2013 PEO10 OB - Les Merveilles du Pacifique\" \/>\n<meta property=\"og:description\" content=\"Tahiti-zuchtperle Perlenf\u00f6rmig:\u00a0tropfenf\u00f6rmig Gr\u00f6\u00dfe: 9-10 mm Qualit\u00e4tsmerkmale: A\/B Wei\u00dfgold 750 (18-kar\u00e4tigem) 0,6 Gramm Fester Anh\u00e4ngerring, ohne Kette  gibt es auch in Gelbgold\" \/>\n<meta property=\"og:url\" content=\"https:\/\/www.lesmerveillesdupacifique.com\/produit\/pendentif-or-et-perle-goutte-peo10-ob\/\" \/>\n<meta property=\"og:site_name\" content=\"Les Merveilles du Pacifique\" \/>\n<meta property=\"article:modified_time\" content=\"2025-10-31T15:55:57+00:00\" \/>\n<meta property=\"og:image\" content=\"https:\/\/www.lesmerveillesdupacifique.com\/wp-content\/uploads\/2022\/11\/2023-11-15-20-16-50-BR5S1.jpg\" \/>\n\t<meta property=\"og:image:width\" content=\"1334\" \/>\n\t<meta property=\"og:image:height\" content=\"2000\" \/>\n\t<meta property=\"og:image:type\" content=\"image\/jpeg\" \/>\n<meta name=\"twitter:card\" content=\"summary_large_image\" \/>\n<script type=\"application\/ld+json\" class=\"yoast-schema-graph\">{\"@context\":\"https:\/\/schema.org\",\"@graph\":[{\"@type\":\"WebSite\",\"@id\":\"https:\/\/www.lesmerveillesdupacifique.com\/fr\/#website\",\"url\":\"https:\/\/www.lesmerveillesdupacifique.com\/fr\/\",\"name\":\"Les Merveilles du Pacifique\",\"description\":\"Perles de culture de Tahiti\",\"potentialAction\":[{\"@type\":\"SearchAction\",\"target\":{\"@type\":\"EntryPoint\",\"urlTemplate\":\"https:\/\/www.lesmerveillesdupacifique.com\/fr\/?s={search_term_string}\"},\"query-input\":\"required name=search_term_string\"}],\"inLanguage\":\"de\"},{\"@type\":\"ImageObject\",\"@id\":\"https:\/\/www.lesmerveillesdupacifique.com\/produit\/pendentif-or-et-perle-goutte-peo10-ob\/#primaryimage\",\"inLanguage\":\"de\",\"url\":\"https:\/\/www.lesmerveillesdupacifique.com\/wp-content\/uploads\/2022\/11\/2023-11-15-20-16-50-BR5S1.jpg\",\"contentUrl\":\"https:\/\/www.lesmerveillesdupacifique.com\/wp-content\/uploads\/2022\/11\/2023-11-15-20-16-50-BR5S1.jpg\",\"width\":1334,\"height\":2000,\"caption\":\"www.photographe-book-paris.com\"},{\"@type\":\"WebPage\",\"@id\":\"https:\/\/www.lesmerveillesdupacifique.com\/produit\/pendentif-or-et-perle-goutte-peo10-ob\/#webpage\",\"url\":\"https:\/\/www.lesmerveillesdupacifique.com\/produit\/pendentif-or-et-perle-goutte-peo10-ob\/\",\"name\":\"Anh\u00e4nger aus Gold und tropfenf\u00f6rmig perle \u2013 PEO10 OB - Les Merveilles du Pacifique\",\"isPartOf\":{\"@id\":\"https:\/\/www.lesmerveillesdupacifique.com\/fr\/#website\"},\"primaryImageOfPage\":{\"@id\":\"https:\/\/www.lesmerveillesdupacifique.com\/produit\/pendentif-or-et-perle-goutte-peo10-ob\/#primaryimage\"},\"datePublished\":\"2019-06-24T10:56:12+00:00\",\"dateModified\":\"2025-10-31T15:55:57+00:00\",\"breadcrumb\":{\"@id\":\"https:\/\/www.lesmerveillesdupacifique.com\/produit\/pendentif-or-et-perle-goutte-peo10-ob\/#breadcrumb\"},\"inLanguage\":\"de\",\"potentialAction\":[{\"@type\":\"ReadAction\",\"target\":[\"https:\/\/www.lesmerveillesdupacifique.com\/produit\/pendentif-or-et-perle-goutte-peo10-ob\/\"]}]},{\"@type\":\"BreadcrumbList\",\"@id\":\"https:\/\/www.lesmerveillesdupacifique.com\/produit\/pendentif-or-et-perle-goutte-peo10-ob\/#breadcrumb\",\"itemListElement\":[{\"@type\":\"ListItem\",\"position\":1,\"name\":\"Accueil\",\"item\":\"https:\/\/www.lesmerveillesdupacifique.com\/\"},{\"@type\":\"ListItem\",\"position\":2,\"name\":\"Collection\",\"item\":\"https:\/\/www.lesmerveillesdupacifique.com\/fr\/shop\/\"},{\"@type\":\"ListItem\",\"position\":3,\"name\":\"Pendentif or et perle ovale \u2013 PEO10 OB\"}]}]}<\/script>\n<!-- \/ Yoast SEO plugin. -->","yoast_head_json":{"title":"Anh\u00e4nger aus Gold und tropfenf\u00f6rmig perle \u2013 PEO10 OB - Les Merveilles du Pacifique","robots":{"index":"index","follow":"follow","max-snippet":"max-snippet:-1","max-image-preview":"max-image-preview:large","max-video-preview":"max-video-preview:-1"},"canonical":"https:\/\/www.lesmerveillesdupacifique.com\/de\/produit\/pendentif-or-et-perle-goutte-peo10-ob\/","og_locale":"de_DE","og_type":"article","og_title":"Anh\u00e4nger aus Gold und tropfenf\u00f6rmig perle \u2013 PEO10 OB - Les Merveilles du Pacifique","og_description":"Tahiti-zuchtperle Perlenf\u00f6rmig:\u00a0tropfenf\u00f6rmig Gr\u00f6\u00dfe: 9-10 mm Qualit\u00e4tsmerkmale: A\/B Wei\u00dfgold 750 (18-kar\u00e4tigem) 0,6 Gramm Fester Anh\u00e4ngerring, ohne Kette  gibt es auch in Gelbgold","og_url":"https:\/\/www.lesmerveillesdupacifique.com\/produit\/pendentif-or-et-perle-goutte-peo10-ob\/","og_site_name":"Les Merveilles du Pacifique","article_modified_time":"2025-10-31T15:55:57+00:00","og_image":[{"width":1334,"height":2000,"url":"https:\/\/www.lesmerveillesdupacifique.com\/wp-content\/uploads\/2022\/11\/2023-11-15-20-16-50-BR5S1.jpg","type":"image\/jpeg"}],"twitter_card":"summary_large_image","schema":{"@context":"https:\/\/schema.org","@graph":[{"@type":"WebSite","@id":"https:\/\/www.lesmerveillesdupacifique.com\/fr\/#website","url":"https:\/\/www.lesmerveillesdupacifique.com\/fr\/","name":"Les Merveilles du Pacifique","description":"Perles de culture de Tahiti","potentialAction":[{"@type":"SearchAction","target":{"@type":"EntryPoint","urlTemplate":"https:\/\/www.lesmerveillesdupacifique.com\/fr\/?s={search_term_string}"},"query-input":"required name=search_term_string"}],"inLanguage":"de"},{"@type":"ImageObject","@id":"https:\/\/www.lesmerveillesdupacifique.com\/produit\/pendentif-or-et-perle-goutte-peo10-ob\/#primaryimage","inLanguage":"de","url":"https:\/\/www.lesmerveillesdupacifique.com\/wp-content\/uploads\/2022\/11\/2023-11-15-20-16-50-BR5S1.jpg","contentUrl":"https:\/\/www.lesmerveillesdupacifique.com\/wp-content\/uploads\/2022\/11\/2023-11-15-20-16-50-BR5S1.jpg","width":1334,"height":2000,"caption":"www.photographe-book-paris.com"},{"@type":"WebPage","@id":"https:\/\/www.lesmerveillesdupacifique.com\/produit\/pendentif-or-et-perle-goutte-peo10-ob\/#webpage","url":"https:\/\/www.lesmerveillesdupacifique.com\/produit\/pendentif-or-et-perle-goutte-peo10-ob\/","name":"Anh\u00e4nger aus Gold und tropfenf\u00f6rmig perle \u2013 PEO10 OB - Les Merveilles du Pacifique","isPartOf":{"@id":"https:\/\/www.lesmerveillesdupacifique.com\/fr\/#website"},"primaryImageOfPage":{"@id":"https:\/\/www.lesmerveillesdupacifique.com\/produit\/pendentif-or-et-perle-goutte-peo10-ob\/#primaryimage"},"datePublished":"2019-06-24T10:56:12+00:00","dateModified":"2025-10-31T15:55:57+00:00","breadcrumb":{"@id":"https:\/\/www.lesmerveillesdupacifique.com\/produit\/pendentif-or-et-perle-goutte-peo10-ob\/#breadcrumb"},"inLanguage":"de","potentialAction":[{"@type":"ReadAction","target":["https:\/\/www.lesmerveillesdupacifique.com\/produit\/pendentif-or-et-perle-goutte-peo10-ob\/"]}]},{"@type":"BreadcrumbList","@id":"https:\/\/www.lesmerveillesdupacifique.com\/produit\/pendentif-or-et-perle-goutte-peo10-ob\/#breadcrumb","itemListElement":[{"@type":"ListItem","position":1,"name":"Accueil","item":"https:\/\/www.lesmerveillesdupacifique.com\/"},{"@type":"ListItem","position":2,"name":"Collection","item":"https:\/\/www.lesmerveillesdupacifique.com\/fr\/shop\/"},{"@type":"ListItem","position":3,"name":"Pendentif or et perle ovale \u2013 PEO10 OB"}]}]}},"acf":[],"_links":{"self":[{"href":"https:\/\/www.lesmerveillesdupacifique.com\/de\/wp-json\/wp\/v2\/product\/2461"}],"collection":[{"href":"https:\/\/www.lesmerveillesdupacifique.com\/de\/wp-json\/wp\/v2\/product"}],"about":[{"href":"https:\/\/www.lesmerveillesdupacifique.com\/de\/wp-json\/wp\/v2\/types\/product"}],"wp:featuredmedia":[{"embeddable":true,"href":"https:\/\/www.lesmerveillesdupacifique.com\/de\/wp-json\/wp\/v2\/media\/4113"}],"wp:attachment":[{"href":"https:\/\/www.lesmerveillesdupacifique.com\/de\/wp-json\/wp\/v2\/media?parent=2461"}],"wp:term":[{"taxonomy":"product_cat","embeddable":true,"href":"https:\/\/www.lesmerveillesdupacifique.com\/de\/wp-json\/wp\/v2\/product_cat?post=2461"},{"taxonomy":"product_tag","embeddable":true,"href":"https:\/\/www.lesmerveillesdupacifique.com\/de\/wp-json\/wp\/v2\/product_tag?post=2461"}],"curies":[{"name":"wp","href":"https:\/\/api.w.org\/{rel}","templated":true}]}}