{"id":2377,"date":"2019-06-05T18:46:50","date_gmt":"2019-06-05T16:46:50","guid":{"rendered":"http:\/\/www.lesmerveillesdupacifique.com\/prod\/?post_type=product&#038;p=2377"},"modified":"2025-10-31T16:21:40","modified_gmt":"2025-10-31T15:21:40","slug":"collier-de-keshis-longs-fermoir-or","status":"publish","type":"product","link":"https:\/\/www.lesmerveillesdupacifique.com\/de\/produit\/collier-de-keshis-longs-fermoir-or\/","title":{"rendered":"Lange Keshis Halskette Goldverschluss"},"content":{"rendered":"","protected":false},"excerpt":{"rendered":"<p><b>Keshi-Perlen aus Tahiti<br \/>\n<\/b><b>Perlenformen<\/b><strong>:<\/strong> lange<br \/>\n<b>Gr\u00f6\u00dfen<\/b><strong>:<\/strong> kleine Keshis kleiner als 8 mm<\/p>\n<p>Standardl\u00e4nge: 45 cm. M\u00f6glichkeit, sie zu verl\u00e4ngern oder zu verk\u00fcrzen.<\/p>\n<p>Die Halsketten sind auf Seidenfaden mit Knoten zwischen jedem Keshi aufgereiht.<br \/>\nMarine Federringverschluss aus 18 Karat Gold (erh\u00e4ltlich in Gelbgold und Wei\u00dfgold, bitte bei Bestellung angeben)<\/p>\n<p>&#8211; Erh\u00e4ltlich in allen Durchmessern von 3 bis 13 mm<\/p>\n","protected":false},"featured_media":4469,"template":"","meta":{"_mi_skip_tracking":false},"product_cat":[60],"product_tag":[],"yoast_head":"<!-- This site is optimized with the Yoast SEO plugin v18.3 - https:\/\/yoast.com\/wordpress\/plugins\/seo\/ -->\n<title>Lange Keshis Halskette Goldverschluss - Les Merveilles du Pacifique<\/title>\n<meta name=\"robots\" content=\"index, follow, max-snippet:-1, max-image-preview:large, max-video-preview:-1\" \/>\n<link rel=\"canonical\" href=\"https:\/\/www.lesmerveillesdupacifique.com\/de\/produit\/collier-de-keshis-longs-fermoir-or\/\" \/>\n<meta property=\"og:locale\" content=\"de_DE\" \/>\n<meta property=\"og:type\" content=\"article\" \/>\n<meta property=\"og:title\" content=\"Lange Keshis Halskette Goldverschluss - Les Merveilles du Pacifique\" \/>\n<meta property=\"og:description\" content=\"Keshi-Perlen aus Tahiti Perlenformen: lange Gr\u00f6\u00dfen: kleine Keshis kleiner als 8 mm  Standardl\u00e4nge: 45 cm. M\u00f6glichkeit, sie zu verl\u00e4ngern oder zu verk\u00fcrzen.  Die Halsketten sind auf Seidenfaden mit Knoten zwischen jedem Keshi aufgereiht. Marine Federringverschluss aus 18 Karat Gold (erh\u00e4ltlich in Gelbgold und Wei\u00dfgold, bitte bei Bestellung angeben)  - Erh\u00e4ltlich in allen Durchmessern von 3 bis 13 mm\" \/>\n<meta property=\"og:url\" content=\"https:\/\/www.lesmerveillesdupacifique.com\/produit\/collier-de-keshis-longs-fermoir-or\/\" \/>\n<meta property=\"og:site_name\" content=\"Les Merveilles du Pacifique\" \/>\n<meta property=\"article:modified_time\" content=\"2025-10-31T15:21:40+00:00\" \/>\n<meta property=\"og:image\" content=\"https:\/\/www.lesmerveillesdupacifique.com\/wp-content\/uploads\/2019\/06\/Collier-Keshi-or-blanc-scaled.jpg\" \/>\n\t<meta property=\"og:image:width\" content=\"2560\" \/>\n\t<meta property=\"og:image:height\" content=\"1702\" \/>\n\t<meta property=\"og:image:type\" content=\"image\/jpeg\" \/>\n<meta name=\"twitter:card\" content=\"summary_large_image\" \/>\n<script type=\"application\/ld+json\" class=\"yoast-schema-graph\">{\"@context\":\"https:\/\/schema.org\",\"@graph\":[{\"@type\":\"WebSite\",\"@id\":\"https:\/\/www.lesmerveillesdupacifique.com\/fr\/#website\",\"url\":\"https:\/\/www.lesmerveillesdupacifique.com\/fr\/\",\"name\":\"Les Merveilles du Pacifique\",\"description\":\"Perles de culture de Tahiti\",\"potentialAction\":[{\"@type\":\"SearchAction\",\"target\":{\"@type\":\"EntryPoint\",\"urlTemplate\":\"https:\/\/www.lesmerveillesdupacifique.com\/fr\/?s={search_term_string}\"},\"query-input\":\"required name=search_term_string\"}],\"inLanguage\":\"de\"},{\"@type\":\"ImageObject\",\"@id\":\"https:\/\/www.lesmerveillesdupacifique.com\/produit\/collier-de-keshis-longs-fermoir-or\/#primaryimage\",\"inLanguage\":\"de\",\"url\":\"https:\/\/www.lesmerveillesdupacifique.com\/wp-content\/uploads\/2019\/06\/Collier-Keshi-or-blanc-scaled.jpg\",\"contentUrl\":\"https:\/\/www.lesmerveillesdupacifique.com\/wp-content\/uploads\/2019\/06\/Collier-Keshi-or-blanc-scaled.jpg\",\"width\":2560,\"height\":1702},{\"@type\":\"WebPage\",\"@id\":\"https:\/\/www.lesmerveillesdupacifique.com\/produit\/collier-de-keshis-longs-fermoir-or\/#webpage\",\"url\":\"https:\/\/www.lesmerveillesdupacifique.com\/produit\/collier-de-keshis-longs-fermoir-or\/\",\"name\":\"Lange Keshis Halskette Goldverschluss - Les Merveilles du Pacifique\",\"isPartOf\":{\"@id\":\"https:\/\/www.lesmerveillesdupacifique.com\/fr\/#website\"},\"primaryImageOfPage\":{\"@id\":\"https:\/\/www.lesmerveillesdupacifique.com\/produit\/collier-de-keshis-longs-fermoir-or\/#primaryimage\"},\"datePublished\":\"2019-06-05T16:46:50+00:00\",\"dateModified\":\"2025-10-31T15:21:40+00:00\",\"breadcrumb\":{\"@id\":\"https:\/\/www.lesmerveillesdupacifique.com\/produit\/collier-de-keshis-longs-fermoir-or\/#breadcrumb\"},\"inLanguage\":\"de\",\"potentialAction\":[{\"@type\":\"ReadAction\",\"target\":[\"https:\/\/www.lesmerveillesdupacifique.com\/produit\/collier-de-keshis-longs-fermoir-or\/\"]}]},{\"@type\":\"BreadcrumbList\",\"@id\":\"https:\/\/www.lesmerveillesdupacifique.com\/produit\/collier-de-keshis-longs-fermoir-or\/#breadcrumb\",\"itemListElement\":[{\"@type\":\"ListItem\",\"position\":1,\"name\":\"Accueil\",\"item\":\"https:\/\/www.lesmerveillesdupacifique.com\/\"},{\"@type\":\"ListItem\",\"position\":2,\"name\":\"Collection\",\"item\":\"https:\/\/www.lesmerveillesdupacifique.com\/fr\/shop\/\"},{\"@type\":\"ListItem\",\"position\":3,\"name\":\"Collier de keshis longs fermoir or\"}]}]}<\/script>\n<!-- \/ Yoast SEO plugin. -->","yoast_head_json":{"title":"Lange Keshis Halskette Goldverschluss - Les Merveilles du Pacifique","robots":{"index":"index","follow":"follow","max-snippet":"max-snippet:-1","max-image-preview":"max-image-preview:large","max-video-preview":"max-video-preview:-1"},"canonical":"https:\/\/www.lesmerveillesdupacifique.com\/de\/produit\/collier-de-keshis-longs-fermoir-or\/","og_locale":"de_DE","og_type":"article","og_title":"Lange Keshis Halskette Goldverschluss - Les Merveilles du Pacifique","og_description":"Keshi-Perlen aus Tahiti Perlenformen: lange Gr\u00f6\u00dfen: kleine Keshis kleiner als 8 mm  Standardl\u00e4nge: 45 cm. M\u00f6glichkeit, sie zu verl\u00e4ngern oder zu verk\u00fcrzen.  Die Halsketten sind auf Seidenfaden mit Knoten zwischen jedem Keshi aufgereiht. Marine Federringverschluss aus 18 Karat Gold (erh\u00e4ltlich in Gelbgold und Wei\u00dfgold, bitte bei Bestellung angeben)  - Erh\u00e4ltlich in allen Durchmessern von 3 bis 13 mm","og_url":"https:\/\/www.lesmerveillesdupacifique.com\/produit\/collier-de-keshis-longs-fermoir-or\/","og_site_name":"Les Merveilles du Pacifique","article_modified_time":"2025-10-31T15:21:40+00:00","og_image":[{"width":2560,"height":1702,"url":"https:\/\/www.lesmerveillesdupacifique.com\/wp-content\/uploads\/2019\/06\/Collier-Keshi-or-blanc-scaled.jpg","type":"image\/jpeg"}],"twitter_card":"summary_large_image","schema":{"@context":"https:\/\/schema.org","@graph":[{"@type":"WebSite","@id":"https:\/\/www.lesmerveillesdupacifique.com\/fr\/#website","url":"https:\/\/www.lesmerveillesdupacifique.com\/fr\/","name":"Les Merveilles du Pacifique","description":"Perles de culture de Tahiti","potentialAction":[{"@type":"SearchAction","target":{"@type":"EntryPoint","urlTemplate":"https:\/\/www.lesmerveillesdupacifique.com\/fr\/?s={search_term_string}"},"query-input":"required name=search_term_string"}],"inLanguage":"de"},{"@type":"ImageObject","@id":"https:\/\/www.lesmerveillesdupacifique.com\/produit\/collier-de-keshis-longs-fermoir-or\/#primaryimage","inLanguage":"de","url":"https:\/\/www.lesmerveillesdupacifique.com\/wp-content\/uploads\/2019\/06\/Collier-Keshi-or-blanc-scaled.jpg","contentUrl":"https:\/\/www.lesmerveillesdupacifique.com\/wp-content\/uploads\/2019\/06\/Collier-Keshi-or-blanc-scaled.jpg","width":2560,"height":1702},{"@type":"WebPage","@id":"https:\/\/www.lesmerveillesdupacifique.com\/produit\/collier-de-keshis-longs-fermoir-or\/#webpage","url":"https:\/\/www.lesmerveillesdupacifique.com\/produit\/collier-de-keshis-longs-fermoir-or\/","name":"Lange Keshis Halskette Goldverschluss - Les Merveilles du Pacifique","isPartOf":{"@id":"https:\/\/www.lesmerveillesdupacifique.com\/fr\/#website"},"primaryImageOfPage":{"@id":"https:\/\/www.lesmerveillesdupacifique.com\/produit\/collier-de-keshis-longs-fermoir-or\/#primaryimage"},"datePublished":"2019-06-05T16:46:50+00:00","dateModified":"2025-10-31T15:21:40+00:00","breadcrumb":{"@id":"https:\/\/www.lesmerveillesdupacifique.com\/produit\/collier-de-keshis-longs-fermoir-or\/#breadcrumb"},"inLanguage":"de","potentialAction":[{"@type":"ReadAction","target":["https:\/\/www.lesmerveillesdupacifique.com\/produit\/collier-de-keshis-longs-fermoir-or\/"]}]},{"@type":"BreadcrumbList","@id":"https:\/\/www.lesmerveillesdupacifique.com\/produit\/collier-de-keshis-longs-fermoir-or\/#breadcrumb","itemListElement":[{"@type":"ListItem","position":1,"name":"Accueil","item":"https:\/\/www.lesmerveillesdupacifique.com\/"},{"@type":"ListItem","position":2,"name":"Collection","item":"https:\/\/www.lesmerveillesdupacifique.com\/fr\/shop\/"},{"@type":"ListItem","position":3,"name":"Collier de keshis longs fermoir or"}]}]}},"acf":[],"_links":{"self":[{"href":"https:\/\/www.lesmerveillesdupacifique.com\/de\/wp-json\/wp\/v2\/product\/2377"}],"collection":[{"href":"https:\/\/www.lesmerveillesdupacifique.com\/de\/wp-json\/wp\/v2\/product"}],"about":[{"href":"https:\/\/www.lesmerveillesdupacifique.com\/de\/wp-json\/wp\/v2\/types\/product"}],"wp:featuredmedia":[{"embeddable":true,"href":"https:\/\/www.lesmerveillesdupacifique.com\/de\/wp-json\/wp\/v2\/media\/4469"}],"wp:attachment":[{"href":"https:\/\/www.lesmerveillesdupacifique.com\/de\/wp-json\/wp\/v2\/media?parent=2377"}],"wp:term":[{"taxonomy":"product_cat","embeddable":true,"href":"https:\/\/www.lesmerveillesdupacifique.com\/de\/wp-json\/wp\/v2\/product_cat?post=2377"},{"taxonomy":"product_tag","embeddable":true,"href":"https:\/\/www.lesmerveillesdupacifique.com\/de\/wp-json\/wp\/v2\/product_tag?post=2377"}],"curies":[{"name":"wp","href":"https:\/\/api.w.org\/{rel}","templated":true}]}}