{"id":58,"date":"2018-05-14T09:17:20","date_gmt":"2018-05-14T07:17:20","guid":{"rendered":"http:\/\/www.lesmerveillesdupacifique.com\/prod\/?page_id=58"},"modified":"2025-04-14T11:40:31","modified_gmt":"2025-04-14T09:40:31","slug":"le-keshi-de-tahiti","status":"publish","type":"page","link":"https:\/\/www.lesmerveillesdupacifique.com\/de\/le-keshi-de-tahiti\/","title":{"rendered":"Keshi-perlen aus Tahiti"},"content":{"rendered":"<p>[vc_section full_width=&#8220;stretch_row&#8220; full_height=&#8220;yes&#8220; content_placement=&#8220;middle&#8220; css=&#8220;.vc_custom_1548247639463{background-image: url(http:\/\/www.lesmerveillesdupacifique.com\/wp-content\/uploads\/2019\/01\/keshi-01.jpg?id=1097) !important;background-position: center !important;background-repeat: no-repeat !important;background-size: cover !important;}&#8220; el_class=&#8220;ripple-it&#8220;][vc_row][vc_column][vc_column_text]<\/p>\n<h1><span style=\"color: #ffffff;\"><b><span lang=\"DE\">Was verbirgt sich hinter der Keshi-Perle?<\/span><\/b><\/span><\/h1>\n<p>[\/vc_column_text][\/vc_column][\/vc_row][\/vc_section][vc_section css=&#8220;.vc_custom_1548247583740{padding-top: 90px !important;padding-bottom: 70px !important;}&#8220;][vc_row][vc_column width=&#8220;1\/4&#8243;][vc_raw_js]JTNDc2NyaXB0JTNFJTBBJTI0JTI4ZG9jdW1lbnQlMjkucmVhZHklMjhmdW5jdGlvbiUyOCUyOSUyMCU3QiUwQSUyMCUyMCUyMCUyNCUyOCUyNy5yaXBwbGUtaXQlMjclMjkucmlwcGxlcyUyOCU3QiUwQSUwOWltYWdlVXJsJTNBJTIwbnVsbCUyQyUwQSUwOXJlc29sdXRpb24lM0ElMjAyNTYlMkMlMEElMDlkcm9wUmFkaXVzJTNBJTIwMTQlMkMlMEElMDlwZXJ0dXJiYW5jZSUzQSUyMDAuMDElMkMlMEElMDlpbnRlcmFjdGl2ZSUzQSUyMHRydWUlMkMlMEElMjAlMjAlMjAlMjAlN0QlMjklM0IlMEElN0QlMjklM0IlMEElM0MlMkZzY3JpcHQlM0U=[\/vc_raw_js][\/vc_column][vc_column width=&#8220;1\/2&#8243;][vc_column_text]<\/p>\n<h2 style=\"text-align: left;\"><span lang=\"DE\">Die Keshi-Perle oder \u201eMohnsamenperle\u201c auf Japanisch\u00a0<\/span><\/h2>\n<p style=\"text-align: left;\">Der Keshi-perle\u00a0<span lang=\"DE\">wird nicht als eine Perle im eigentlichen Sinne,\u00a0<\/span><span lang=\"DE\">sondern eher als ein Derivat oder ein Cousin der Perle betrachtet. Ihre Bildung unterscheidet sich von der der Zuchtperle. <\/span><\/p>\n<h2><span lang=\"DE\">Bildung der Keshi-Perle <\/span><\/h2>\n<p>Die Keshi-Perle entsteht, wenn die Muschel den Nukleus abst\u00f6\u00dft (Kugelkern). Sie wird einzig aus einem kleinen Transplantatst\u00fcck (Mantelst\u00fcck einer Perlmuschel) innerhalb einer Tr\u00e4gerperlmuschel gebildet.\u00a0Die Keshi-Perlen k\u00f6nnen auch gez\u00fcchtet werden, wobei anl\u00e4sslich der Verpflanzung einzig das Transplantat eingepflanzt wird. Das Ergebnis besteht folglich zu 100 % aus Perlmutt. Die Keshi-Perlen sind im Juwelierhandwert aufgrund ihrer Originalit\u00e4t sehr beliebt und die aus Tahiti sind ganz besondere Schmuckst\u00fccke.<\/p>\n<h2><span lang=\"DE\">Gr\u00f6\u00dfe und Form<\/span><\/h2>\n<div><span lang=\"DE\">Ihr Durchmesser betr\u00e4gt zwischen 1 und 15 mm und kann alle Formen annehmen, auch wenn sie im Wesentlichen barock sind. <\/span><\/div>\n<p>[\/vc_column_text][\/vc_column][vc_column width=&#8220;1\/4&#8243;][\/vc_column][\/vc_row][\/vc_section][vc_section][vc_row][vc_column][vc_images_carousel images=&#8220;1114,1115&#8243; img_size=&#8220;full&#8220; onclick=&#8220;link_no&#8220; speed=&#8220;3000&#8243; autoplay=&#8220;yes&#8220; wrap=&#8220;yes&#8220;][\/vc_column][\/vc_row][\/vc_section]<\/p>","protected":false},"excerpt":{"rendered":"<p>[vc_section full_width=&#8220;stretch_row&#8220; full_height=&#8220;yes&#8220; content_placement=&#8220;middle&#8220; css=&#8220;.vc_custom_1548247639463{background-image: url(http:\/\/www.lesmerveillesdupacifique.com\/wp-content\/uploads\/2019\/01\/keshi-01.jpg?id=1097) !important;background-position: center !important;background-repeat: no-repeat !important;background-size: cover !important;}&#8220; el_class=&#8220;ripple-it&#8220;][vc_row][vc_column][vc_column_text] Was verbirgt sich hinter der Keshi-Perle? [\/vc_column_text][\/vc_column][\/vc_row][\/vc_section][vc_section css=&#8220;.vc_custom_1548247583740{padding-top: 90px !important;padding-bottom: 70px !important;}&#8220;][vc_row][vc_column width=&#8220;1\/4&#8243;][vc_raw_js]JTNDc2NyaXB0JTNFJTBBJTI0JTI4ZG9jdW1lbnQlMjkucmVhZHklMjhmdW5jdGlvbiUyOCUyOSUyMCU3QiUwQSUyMCUyMCUyMCUyNCUyOCUyNy5yaXBwbGUtaXQlMjclMjkucmlwcGxlcyUyOCU3QiUwQSUwOWltYWdlVXJsJTNBJTIwbnVsbCUyQyUwQSUwOXJlc29sdXRpb24lM0ElMjAyNTYlMkMlMEElMDlkcm9wUmFkaXVzJTNBJTIwMTQlMkMlMEElMDlwZXJ0dXJiYW5jZSUzQSUyMDAuMDElMkMlMEElMDlpbnRlcmFjdGl2ZSUzQSUyMHRydWUlMkMlMEElMjAlMjAlMjAlMjAlN0QlMjklM0IlMEElN0QlMjklM0IlMEElM0MlMkZzY3JpcHQlM0U=[\/vc_raw_js][\/vc_column][vc_column width=&#8220;1\/2&#8243;][vc_column_text] Die Keshi-Perle&hellip;<\/p>\n","protected":false},"author":1,"featured_media":0,"parent":0,"menu_order":2,"comment_status":"closed","ping_status":"closed","template":"","meta":{"_mi_skip_tracking":false},"yoast_head":"<!-- This site is optimized with the Yoast SEO plugin v18.3 - https:\/\/yoast.com\/wordpress\/plugins\/seo\/ -->\n<title>Le keshi de Tahiti : tout savoir sur ce cousin de la perle de Tahiti<\/title>\n<meta name=\"description\" content=\"Tout ce que vous devez savoir sur le keshi, d\u00e9riv\u00e9 ou cousin de la perle de culture compos\u00e9 \u00e0 100% de nacre et tr\u00e8s appr\u00e9ci\u00e9 des joailliers.\" \/>\n<meta name=\"robots\" content=\"index, follow, max-snippet:-1, max-image-preview:large, max-video-preview:-1\" \/>\n<link rel=\"canonical\" href=\"https:\/\/www.lesmerveillesdupacifique.com\/de\/le-keshi-de-tahiti\/\" \/>\n<meta property=\"og:locale\" content=\"de_DE\" \/>\n<meta property=\"og:type\" content=\"article\" \/>\n<meta property=\"og:title\" content=\"Le keshi de Tahiti : tout savoir sur ce cousin de la perle de Tahiti\" \/>\n<meta property=\"og:description\" content=\"Tout ce que vous devez savoir sur le keshi, d\u00e9riv\u00e9 ou cousin de la perle de culture compos\u00e9 \u00e0 100% de nacre et tr\u00e8s appr\u00e9ci\u00e9 des joailliers.\" \/>\n<meta property=\"og:url\" content=\"https:\/\/www.lesmerveillesdupacifique.com\/le-keshi-de-tahiti\/\" \/>\n<meta property=\"og:site_name\" content=\"Les Merveilles du Pacifique\" \/>\n<meta property=\"article:modified_time\" content=\"2025-04-14T09:40:31+00:00\" \/>\n<meta name=\"twitter:card\" content=\"summary_large_image\" \/>\n<meta name=\"twitter:label1\" content=\"Gesch\u00e4tzte Lesezeit\" \/>\n\t<meta name=\"twitter:data1\" content=\"9\u00a0Minuten\" \/>\n<script type=\"application\/ld+json\" class=\"yoast-schema-graph\">{\"@context\":\"https:\/\/schema.org\",\"@graph\":[{\"@type\":\"WebSite\",\"@id\":\"https:\/\/www.lesmerveillesdupacifique.com\/fr\/#website\",\"url\":\"https:\/\/www.lesmerveillesdupacifique.com\/fr\/\",\"name\":\"Les Merveilles du Pacifique\",\"description\":\"Perles de culture de Tahiti\",\"potentialAction\":[{\"@type\":\"SearchAction\",\"target\":{\"@type\":\"EntryPoint\",\"urlTemplate\":\"https:\/\/www.lesmerveillesdupacifique.com\/fr\/?s={search_term_string}\"},\"query-input\":\"required name=search_term_string\"}],\"inLanguage\":\"de\"},{\"@type\":\"WebPage\",\"@id\":\"https:\/\/www.lesmerveillesdupacifique.com\/le-keshi-de-tahiti\/#webpage\",\"url\":\"https:\/\/www.lesmerveillesdupacifique.com\/le-keshi-de-tahiti\/\",\"name\":\"Le keshi de Tahiti : tout savoir sur ce cousin de la perle de Tahiti\",\"isPartOf\":{\"@id\":\"https:\/\/www.lesmerveillesdupacifique.com\/fr\/#website\"},\"datePublished\":\"2018-05-14T07:17:20+00:00\",\"dateModified\":\"2025-04-14T09:40:31+00:00\",\"description\":\"Tout ce que vous devez savoir sur le keshi, d\u00e9riv\u00e9 ou cousin de la perle de culture compos\u00e9 \u00e0 100% de nacre et tr\u00e8s appr\u00e9ci\u00e9 des joailliers.\",\"breadcrumb\":{\"@id\":\"https:\/\/www.lesmerveillesdupacifique.com\/le-keshi-de-tahiti\/#breadcrumb\"},\"inLanguage\":\"de\",\"potentialAction\":[{\"@type\":\"ReadAction\",\"target\":[\"https:\/\/www.lesmerveillesdupacifique.com\/le-keshi-de-tahiti\/\"]}]},{\"@type\":\"BreadcrumbList\",\"@id\":\"https:\/\/www.lesmerveillesdupacifique.com\/le-keshi-de-tahiti\/#breadcrumb\",\"itemListElement\":[{\"@type\":\"ListItem\",\"position\":1,\"name\":\"Accueil\",\"item\":\"https:\/\/www.lesmerveillesdupacifique.com\/\"},{\"@type\":\"ListItem\",\"position\":2,\"name\":\"Le keshi de Tahiti\"}]}]}<\/script>\n<!-- \/ Yoast SEO plugin. -->","yoast_head_json":{"title":"Le keshi de Tahiti : tout savoir sur ce cousin de la perle de Tahiti","description":"Tout ce que vous devez savoir sur le keshi, d\u00e9riv\u00e9 ou cousin de la perle de culture compos\u00e9 \u00e0 100% de nacre et tr\u00e8s appr\u00e9ci\u00e9 des joailliers.","robots":{"index":"index","follow":"follow","max-snippet":"max-snippet:-1","max-image-preview":"max-image-preview:large","max-video-preview":"max-video-preview:-1"},"canonical":"https:\/\/www.lesmerveillesdupacifique.com\/de\/le-keshi-de-tahiti\/","og_locale":"de_DE","og_type":"article","og_title":"Le keshi de Tahiti : tout savoir sur ce cousin de la perle de Tahiti","og_description":"Tout ce que vous devez savoir sur le keshi, d\u00e9riv\u00e9 ou cousin de la perle de culture compos\u00e9 \u00e0 100% de nacre et tr\u00e8s appr\u00e9ci\u00e9 des joailliers.","og_url":"https:\/\/www.lesmerveillesdupacifique.com\/le-keshi-de-tahiti\/","og_site_name":"Les Merveilles du Pacifique","article_modified_time":"2025-04-14T09:40:31+00:00","twitter_card":"summary_large_image","twitter_misc":{"Gesch\u00e4tzte Lesezeit":"9\u00a0Minuten"},"schema":{"@context":"https:\/\/schema.org","@graph":[{"@type":"WebSite","@id":"https:\/\/www.lesmerveillesdupacifique.com\/fr\/#website","url":"https:\/\/www.lesmerveillesdupacifique.com\/fr\/","name":"Les Merveilles du Pacifique","description":"Perles de culture de Tahiti","potentialAction":[{"@type":"SearchAction","target":{"@type":"EntryPoint","urlTemplate":"https:\/\/www.lesmerveillesdupacifique.com\/fr\/?s={search_term_string}"},"query-input":"required name=search_term_string"}],"inLanguage":"de"},{"@type":"WebPage","@id":"https:\/\/www.lesmerveillesdupacifique.com\/le-keshi-de-tahiti\/#webpage","url":"https:\/\/www.lesmerveillesdupacifique.com\/le-keshi-de-tahiti\/","name":"Le keshi de Tahiti : tout savoir sur ce cousin de la perle de Tahiti","isPartOf":{"@id":"https:\/\/www.lesmerveillesdupacifique.com\/fr\/#website"},"datePublished":"2018-05-14T07:17:20+00:00","dateModified":"2025-04-14T09:40:31+00:00","description":"Tout ce que vous devez savoir sur le keshi, d\u00e9riv\u00e9 ou cousin de la perle de culture compos\u00e9 \u00e0 100% de nacre et tr\u00e8s appr\u00e9ci\u00e9 des joailliers.","breadcrumb":{"@id":"https:\/\/www.lesmerveillesdupacifique.com\/le-keshi-de-tahiti\/#breadcrumb"},"inLanguage":"de","potentialAction":[{"@type":"ReadAction","target":["https:\/\/www.lesmerveillesdupacifique.com\/le-keshi-de-tahiti\/"]}]},{"@type":"BreadcrumbList","@id":"https:\/\/www.lesmerveillesdupacifique.com\/le-keshi-de-tahiti\/#breadcrumb","itemListElement":[{"@type":"ListItem","position":1,"name":"Accueil","item":"https:\/\/www.lesmerveillesdupacifique.com\/"},{"@type":"ListItem","position":2,"name":"Le keshi de Tahiti"}]}]}},"acf":[],"_links":{"self":[{"href":"https:\/\/www.lesmerveillesdupacifique.com\/de\/wp-json\/wp\/v2\/pages\/58"}],"collection":[{"href":"https:\/\/www.lesmerveillesdupacifique.com\/de\/wp-json\/wp\/v2\/pages"}],"about":[{"href":"https:\/\/www.lesmerveillesdupacifique.com\/de\/wp-json\/wp\/v2\/types\/page"}],"author":[{"embeddable":true,"href":"https:\/\/www.lesmerveillesdupacifique.com\/de\/wp-json\/wp\/v2\/users\/1"}],"replies":[{"embeddable":true,"href":"https:\/\/www.lesmerveillesdupacifique.com\/de\/wp-json\/wp\/v2\/comments?post=58"}],"version-history":[{"count":1,"href":"https:\/\/www.lesmerveillesdupacifique.com\/de\/wp-json\/wp\/v2\/pages\/58\/revisions"}],"predecessor-version":[{"id":4303,"href":"https:\/\/www.lesmerveillesdupacifique.com\/de\/wp-json\/wp\/v2\/pages\/58\/revisions\/4303"}],"wp:attachment":[{"href":"https:\/\/www.lesmerveillesdupacifique.com\/de\/wp-json\/wp\/v2\/media?parent=58"}],"curies":[{"name":"wp","href":"https:\/\/api.w.org\/{rel}","templated":true}]}}