{"id":5,"date":"2018-03-30T09:20:42","date_gmt":"2018-03-30T07:20:42","guid":{"rendered":"http:\/\/www.lesmerveillesdupacifique.com\/prod\/?page_id=5"},"modified":"2025-04-14T11:30:37","modified_gmt":"2025-04-14T09:30:37","slug":"la-perle-de-culture-de-tahiti","status":"publish","type":"page","link":"https:\/\/www.lesmerveillesdupacifique.com\/de\/la-perle-de-culture-de-tahiti\/","title":{"rendered":"Die Tahiti-zuchtperle"},"content":{"rendered":"<p>[vc_section full_width=&#8220;stretch_row&#8220; full_height=&#8220;yes&#8220; content_placement=&#8220;middle&#8220; css=&#8220;.vc_custom_1550242420866{background-image: url(http:\/\/www.lesmerveillesdupacifique.com\/wp-content\/uploads\/2019\/02\/perle-2.jpg?id=1389) !important;background-position: center !important;background-repeat: no-repeat !important;background-size: cover !important;}&#8220; el_class=&#8220;ripple-it&#8220;][vc_row][vc_column width=&#8220;1\/4&#8243;][\/vc_column][vc_column width=&#8220;1\/2&#8243;][vc_column_text el_class=&#8220;white-box-hero&#8220;]<\/p>\n<h1 style=\"text-align: center;\"><span style=\"color: #000000;\">Die Tahiti-zuchtperle<\/span><\/h1>\n<div style=\"text-align: center;\"><span lang=\"DE\">Die Sch\u00f6nheit der Taihit-Perle ist der Sch\u00f6nheit der Natur und einer qualifizierten Arbeitskraft zu verdanken, die sich um diese komplexe und heikle Arbeit der Perlenzucht k\u00fcmmert.<\/span><\/div>\n<p>[\/vc_column_text][\/vc_column][vc_column width=&#8220;1\/4&#8243;][\/vc_column][\/vc_row][\/vc_section][vc_section full_width=&#8220;stretch_row_content&#8220; css=&#8220;.vc_custom_1526544188055{margin: 0px !important;border-width: 0px !important;padding: 0px !important;background-color: #f9f9f9 !important;}&#8220;][vc_row full_width=&#8220;stretch_row_content_no_spaces&#8220; content_placement=&#8220;middle&#8220;][vc_column width=&#8220;1\/2&#8243; css=&#8220;.vc_custom_1526542990478{padding-right: 13% !important;padding-left: 13% !important;}&#8220;][vc_column_text]<\/p>\n<h2 style=\"text-align: center;\">Was verbirgt sich hinter der Tahiti-Zuchtperle?<\/h2>\n<p style=\"text-align: center;\">Die Tahiti-Perle ist eine Zuchtperle, die ausschlie\u00dflich in polynesischen Lagunen in der Schwarzlippenmuschel, auch Pinctada Margaritifera genannt, gez\u00fcchtet wird.\u00a0Ihre Entwicklung ben\u00f6tigt anl\u00e4sslich der Verpflanzung das Hinzutun des Menschen, was erkl\u00e4rt, warum von Zuchtperlen gesprochen wird. In der Folge dieser Etappe entwickelt sich die Perle jedoch auf nat\u00fcrlichem Weg. Unter den Perlen ist die Tahiti-Perle die Perle mit der reichsten Farbpalette. Sie kann gr\u00fcn, blau, grau, schwarz, auberginen-, bronze-, schokoladenfarben, rosa usw. sein.<\/p>\n<div style=\"text-align: center;\"><span lang=\"DE\">Zum Schutz des Images und der Qualit\u00e4t der Tahiti-Perle verbietet die polynesische Regierung die Behandlung der Farbe oder das Schleifen der Perlen. <\/span><\/div>\n<div style=\"text-align: center;\"><span lang=\"DE\">Diese Vorschriften f\u00fchrten dazu, dass die Tahiti-Perle weltweit nicht nur am meisten gesch\u00fctzt sind, sondern auch zu den Perlen geh\u00f6ren, die sich der gr\u00f6\u00dften Nachfrage erfreuen. <\/span><\/div>\n<div style=\"text-align: center;\"><\/div>\n<p>[\/vc_column_text][\/vc_column][vc_column width=&#8220;1\/2&#8243;][vc_single_image image=&#8220;3239&#8243; img_size=&#8220;full&#8220; css=&#8220;.vc_custom_1618916809779{margin-bottom: 0px !important;}&#8220;][\/vc_column][\/vc_row][\/vc_section][vc_section full_width=&#8220;stretch_row_content&#8220; css=&#8220;.vc_custom_1526544230546{margin: 0px !important;border-width: 0px !important;padding: 0px !important;background-color: #f9f9f9 !important;}&#8220;][vc_row full_width=&#8220;stretch_row_content_no_spaces&#8220; content_placement=&#8220;middle&#8220;][vc_column width=&#8220;1\/2&#8243;][vc_column_text css=&#8220;.vc_custom_1598524898567{margin-bottom: 0px !important;}&#8220;]<\/p>\n<p><iframe loading=\"lazy\" title=\"La perliculture \u00e0 Tahiti\" width=\"1333\" height=\"1000\" src=\"https:\/\/www.youtube.com\/embed\/u6f5WMU4vJY?feature=oembed\" frameborder=\"0\" allow=\"accelerometer; autoplay; clipboard-write; encrypted-media; gyroscope; picture-in-picture; web-share\" referrerpolicy=\"strict-origin-when-cross-origin\" allowfullscreen><\/iframe><\/p>\n<p>[\/vc_column_text][\/vc_column][vc_column width=&#8220;1\/2&#8243; css=&#8220;.vc_custom_1526543139723{padding-right: 13% !important;padding-left: 13% !important;}&#8220;][vc_column_text]<\/p>\n<h2 style=\"text-align: center;\">Die Perlenzucht<\/h2>\n<p style=\"text-align: center;\">Seinerzeit wurde die Gewinnung der Perlen dem Zufall \u00fcberlassen. Es handelte sich um kleine Perlen, die auch als Naturperlen bezeichnet wurden.\u00a0Die Zuchtperle geht auf den Beginn des 20. Jahrhunderts zur\u00fcck und wurde in Japan entwickelt, bevor sie auf allen Inselgruppen des Pazifischen Ozeans an Bedeutung gewann.<\/p>\n<p>Die Zucht der Tahiti-Perle wurde in den 60-er Jahren in den polynesischen Lagunen eingef\u00fchrt.<\/p>\n<p style=\"text-align: center;\">Zwar gibt es weiterhin Naturperlen, aber sie sind aufgrund ihrer Unregelm\u00e4\u00dfigkeit und ihres hohen Preises weniger gefragt.<\/p>\n<p>[\/vc_column_text][\/vc_column][\/vc_row][\/vc_section][vc_section full_width=&#8220;stretch_row_content&#8220; css=&#8220;.vc_custom_1526556748513{margin-top: 0px !important;margin-right: 0px !important;margin-bottom: 0px !important;margin-left: 0px !important;border-top-width: 0px !important;border-right-width: 0px !important;border-bottom-width: 0px !important;border-left-width: 0px !important;padding-top: 0px !important;padding-right: 0px !important;padding-bottom: 0px !important;padding-left: 0px !important;background-color: #f9f9f9 !important;}&#8220;][vc_row full_width=&#8220;stretch_row_content_no_spaces&#8220; content_placement=&#8220;middle&#8220;][vc_column width=&#8220;1\/2&#8243; css=&#8220;.vc_custom_1526543311111{padding-right: 13% !important;padding-left: 13% !important;}&#8220;][vc_column_text]<\/p>\n<h2 style=\"text-align: center;\"><span lang=\"DE\">Das Leben in den Zuchtfarmen<\/span><\/h2>\n<p style=\"text-align: center;\">Die Zucht der Tahiti-Perle erfordert eine ausgezeichnete Lebensqualit\u00e4t f\u00fcr die Muscheln und eine gewissenhafte Pflege des Perlmutts.<br \/>\nDer Beruf des Perlenz\u00fcchters ist ein harter Beruf, der fr\u00fch am Morgen beginnt und viel Energie ben\u00f6tigt.<br \/>\nDer Verpflanzer, der am Anfang der Produktionskette steht, zeichnet sich durch chirurgische Fertigkeiten aus. Erst eine langj\u00e4hrige \u00dcbung erm\u00f6glicht es, die Mehrzahl der Transplantationen erfolgreich durchzuf\u00fchren.<\/p>\n<div style=\"text-align: center;\"><span lang=\"DE\">Die Fischer ziehen schwere Perlmuttkr\u00e4nze und -netze an Land, die sie regelm\u00e4\u00dfig reinigen, um den Muscheln eine bestm\u00f6gliche Nahrungsaufnahme zu erm\u00f6glichen.<\/span><\/div>\n<div style=\"text-align: center;\"><span lang=\"DE\">Und das alles in der Hitze von Tuamotu Gambier. <\/span><\/div>\n<p>[\/vc_column_text][\/vc_column][vc_column width=&#8220;1\/2&#8243;][vc_single_image image=&#8220;164&#8243; img_size=&#8220;full&#8220; css=&#8220;.vc_custom_1589904975971{margin-bottom: 0px !important;}&#8220;][\/vc_column][\/vc_row][vc_row][vc_column width=&#8220;1\/3&#8243;][\/vc_column][vc_column width=&#8220;1\/3&#8243;][vc_images_carousel images=&#8220;3230,3229,3231,3232,3236,3237&#8243; img_size=&#8220;full&#8220; onclick=&#8220;link_no&#8220; autoplay=&#8220;yes&#8220; wrap=&#8220;yes&#8220;][\/vc_column][vc_column width=&#8220;1\/3&#8243;][\/vc_column][\/vc_row][\/vc_section][vc_section full_width=&#8220;stretch_row_content&#8220; css=&#8220;.vc_custom_1526556754206{margin-top: 0px !important;margin-right: 0px !important;margin-bottom: 0px !important;margin-left: 0px !important;border-top-width: 0px !important;border-right-width: 0px !important;border-bottom-width: 0px !important;border-left-width: 0px !important;padding-top: 0px !important;padding-right: 0px !important;padding-bottom: 0px !important;padding-left: 0px !important;background-color: #f9f9f9 !important;}&#8220;][vc_row full_width=&#8220;stretch_row_content_no_spaces&#8220; content_placement=&#8220;middle&#8220;][vc_column width=&#8220;1\/2&#8243;][vc_single_image image=&#8220;209&#8243; img_size=&#8220;full&#8220; css=&#8220;.vc_custom_1589904983317{margin-bottom: 0px !important;}&#8220;][\/vc_column][vc_column width=&#8220;1\/2&#8243; css=&#8220;.vc_custom_1526554875205{padding-right: 13% !important;padding-left: 13% !important;}&#8220;][vc_column_text]<\/p>\n<h2 style=\"text-align: center;\"><span lang=\"DE\">Die gravierte Perle<\/span><\/h2>\n<p style=\"text-align: center;\">Wir lassen in Tahiti runde und barocke Perlen f\u00fcr namhafte T\u00e4towierer fertigen.<br \/>\nDie Gravurkunst ist ein lokales Know-how. Die Kultur Tahitis steht im Zentrum dieser Perlen, deren Motive an Maoris-T\u00e4towierungen erinnern.<br \/>\nDie Gravur von Perlmutt erfordert die perfekte Beherrschung dieser Handwerkstechnik, da das Material sehr weich ist, sodass der T\u00e4towierer eine sichere Hand ben\u00f6tigt.<\/p>\n<p>[\/vc_column_text][\/vc_column][\/vc_row][\/vc_section][vc_section full_width=&#8220;stretch_row_content&#8220; css=&#8220;.vc_custom_1526556754206{margin-top: 0px !important;margin-right: 0px !important;margin-bottom: 0px !important;margin-left: 0px !important;border-top-width: 0px !important;border-right-width: 0px !important;border-bottom-width: 0px !important;border-left-width: 0px !important;padding-top: 0px !important;padding-right: 0px !important;padding-bottom: 0px !important;padding-left: 0px !important;background-color: #f9f9f9 !important;}&#8220;][vc_row full_width=&#8220;stretch_row_content_no_spaces&#8220; content_placement=&#8220;middle&#8220;][vc_column width=&#8220;1\/2&#8243; css=&#8220;.vc_custom_1526558579025{padding-right: 13% !important;padding-left: 13% !important;}&#8220;][vc_column_text]<\/p>\n<h2 style=\"text-align: center;\"><b><span lang=\"DE\">Perforierung der Perlen <\/span><\/b><\/h2>\n<div style=\"text-align: center;\">\n<p><span lang=\"DE\">Die Perforierung der Perlen erfolgt mit Hilfe einer Maschine, die es \u00fcberdies erm\u00f6glicht, die Perle halb- oder beidseitig in ihrer symmetrischen Achse anzuordnen.<\/span><\/p>\n<p>&nbsp;<\/p>\n<\/div>\n<div style=\"text-align: center;\"><span lang=\"DE\">Wir bieten unseren Kunden die M\u00f6glichkeit, die gekauften Perlen im gew\u00fcnschten Durchmesser zu perforieren. <\/span><\/div>\n<p>[\/vc_column_text][\/vc_column][vc_column width=&#8220;1\/2&#8243;][vc_single_image image=&#8220;210&#8243; img_size=&#8220;full&#8220; css=&#8220;.vc_custom_1589904988213{margin-bottom: 0px !important;}&#8220;][\/vc_column][\/vc_row][\/vc_section][vc_section full_width=&#8220;stretch_row_content&#8220; css=&#8220;.vc_custom_1526556754206{margin-top: 0px !important;margin-right: 0px !important;margin-bottom: 0px !important;margin-left: 0px !important;border-top-width: 0px !important;border-right-width: 0px !important;border-bottom-width: 0px !important;border-left-width: 0px !important;padding-top: 0px !important;padding-right: 0px !important;padding-bottom: 0px !important;padding-left: 0px !important;background-color: #f9f9f9 !important;}&#8220;][vc_row full_width=&#8220;stretch_row_content_no_spaces&#8220; content_placement=&#8220;middle&#8220;][vc_column width=&#8220;1\/2&#8243;][vc_single_image image=&#8220;1094&#8243; img_size=&#8220;full&#8220; css=&#8220;.vc_custom_1589905024183{margin-bottom: 0px !important;}&#8220;][\/vc_column][vc_column width=&#8220;1\/2&#8243; css=&#8220;.vc_custom_1526554875205{padding-right: 13% !important;padding-left: 13% !important;}&#8220;][vc_column_text]<\/p>\n<h2 style=\"text-align: center;\"><span lang=\"DE\">Legenden rund um die Perle<\/span><\/h2>\n<div style=\"text-align: center;\"><span lang=\"DE\">Bereits seit der Antike zieren Perlen Schmuckst\u00fccke. Seinerzeit wurden sie als Tr\u00e4nen von Aphrodite bezeichnet.<br \/>\nWohlhabende r\u00f6mische Familien schenkten ihren T\u00f6chtern Jahr f\u00fcr Jahr eine oder mehrere Perlen, damit sie bei ihrer Vollj\u00e4hrigkeit eine Perlenkette haben. <\/span><\/div>\n<p style=\"text-align: center;\">In der Geschichte des Pazifik fest verankert, weckt die Tahiti-Perle Bewunderung und Neugier.<br \/>\nIn Tahiti ist die Legende \u00fcberliefert, dass der Gott Oro einer sch\u00f6nen Prinzessin der Insel Bora Bora aus Liebe eine Perle aus Schuppen aller Fische der Lagune schenkte.<br \/>\nDen Menschen fehlte es zu keiner Zeit an Phantasie, um ein Loblied auf die Perle anzustimmen.<\/p>\n<div style=\"text-align: right;\"><em><span lang=\"DE\">&#8222;Tii mit Muschel\u201c von Paul Gauguin, 1892<\/span><\/em><\/div>\n<p style=\"text-align: right;\"><em>Statuette aus Eisenholz, Meleagris Margaritifera-Muschel und<\/em><br \/>\n<em>Papageifisch-Schlundzahn.<\/em><\/p>\n<p style=\"text-align: right;\"><em>Paul Gauguin verl\u00e4sst Frankreich 1891\u00a0im Alter von 43<\/em><br \/>\n<em>Jahren und siedelt sich in Franz\u00f6sisch-Polynesien an,<\/em><br \/>\n<em>wo er bis zu einem Tod im Jahre 1903 im Alter von 54 Jahren lebt.<\/em><\/p>\n<p>[\/vc_column_text][vc_raw_js]JTNDc2NyaXB0JTNFJTBBJTI0JTI4ZG9jdW1lbnQlMjkucmVhZHklMjhmdW5jdGlvbiUyOCUyOSUyMCU3QiUwQSUyMCUyMCUyMCUyNCUyOCUyNy5yaXBwbGUtaXQlMjclMjkucmlwcGxlcyUyOCU3QiUwQSUwOWltYWdlVXJsJTNBJTIwbnVsbCUyQyUwQSUwOXJlc29sdXRpb24lM0ElMjAyNTYlMkMlMEElMDlkcm9wUmFkaXVzJTNBJTIwMTQlMkMlMEElMDlwZXJ0dXJiYW5jZSUzQSUyMDAuMDElMkMlMEElMDlpbnRlcmFjdGl2ZSUzQSUyMHRydWUlMkMlMEElMjAlMjAlMjAlMjAlN0QlMjklM0IlMEElN0QlMjklM0IlMEElM0MlMkZzY3JpcHQlM0U=[\/vc_raw_js][\/vc_column][\/vc_row][\/vc_section]<\/p>","protected":false},"excerpt":{"rendered":"<p>[vc_section full_width=&#8220;stretch_row&#8220; full_height=&#8220;yes&#8220; content_placement=&#8220;middle&#8220; css=&#8220;.vc_custom_1550242420866{background-image: url(http:\/\/www.lesmerveillesdupacifique.com\/wp-content\/uploads\/2019\/02\/perle-2.jpg?id=1389) !important;background-position: center !important;background-repeat: no-repeat !important;background-size: cover !important;}&#8220; el_class=&#8220;ripple-it&#8220;][vc_row][vc_column width=&#8220;1\/4&#8243;][\/vc_column][vc_column width=&#8220;1\/2&#8243;][vc_column_text el_class=&#8220;white-box-hero&#8220;] Die Tahiti-zuchtperle Die Sch\u00f6nheit der Taihit-Perle ist der Sch\u00f6nheit der Natur und einer&hellip;<\/p>\n","protected":false},"author":1,"featured_media":0,"parent":0,"menu_order":1,"comment_status":"closed","ping_status":"closed","template":"","meta":{"_mi_skip_tracking":false},"yoast_head":"<!-- This site is optimized with the Yoast SEO plugin v18.3 - https:\/\/yoast.com\/wordpress\/plugins\/seo\/ -->\n<title>Die Tahiti-zuchtperle - Les Merveilles du Pacifique<\/title>\n<meta name=\"description\" content=\"Qu&#039;est-ce que la perle de culture de Tahiti et comment se forme-t-elle dans les fermes perli\u00e8res sp\u00e9cialis\u00e9es en perliculture ? Tout savoir avec Les Merveilles du Pacifique.\" \/>\n<meta name=\"robots\" content=\"index, follow, max-snippet:-1, max-image-preview:large, max-video-preview:-1\" \/>\n<link rel=\"canonical\" href=\"https:\/\/www.lesmerveillesdupacifique.com\/de\/la-perle-de-culture-de-tahiti\/\" \/>\n<meta property=\"og:locale\" content=\"de_DE\" \/>\n<meta property=\"og:type\" content=\"article\" \/>\n<meta property=\"og:title\" content=\"Die Tahiti-zuchtperle - Les Merveilles du Pacifique\" \/>\n<meta property=\"og:description\" content=\"Qu&#039;est-ce que la perle de culture de Tahiti et comment se forme-t-elle dans les fermes perli\u00e8res sp\u00e9cialis\u00e9es en perliculture ? Tout savoir avec Les Merveilles du Pacifique.\" \/>\n<meta property=\"og:url\" content=\"https:\/\/www.lesmerveillesdupacifique.com\/la-perle-de-culture-de-tahiti\/\" \/>\n<meta property=\"og:site_name\" content=\"Les Merveilles du Pacifique\" \/>\n<meta property=\"article:modified_time\" content=\"2025-04-14T09:30:37+00:00\" \/>\n<meta name=\"twitter:card\" content=\"summary_large_image\" \/>\n<meta name=\"twitter:label1\" content=\"Gesch\u00e4tzte Lesezeit\" \/>\n\t<meta name=\"twitter:data1\" content=\"5\u00a0Minuten\" \/>\n<script type=\"application\/ld+json\" class=\"yoast-schema-graph\">{\"@context\":\"https:\/\/schema.org\",\"@graph\":[{\"@type\":\"WebSite\",\"@id\":\"https:\/\/www.lesmerveillesdupacifique.com\/fr\/#website\",\"url\":\"https:\/\/www.lesmerveillesdupacifique.com\/fr\/\",\"name\":\"Les Merveilles du Pacifique\",\"description\":\"Perles de culture de Tahiti\",\"potentialAction\":[{\"@type\":\"SearchAction\",\"target\":{\"@type\":\"EntryPoint\",\"urlTemplate\":\"https:\/\/www.lesmerveillesdupacifique.com\/fr\/?s={search_term_string}\"},\"query-input\":\"required name=search_term_string\"}],\"inLanguage\":\"de\"},{\"@type\":\"WebPage\",\"@id\":\"https:\/\/www.lesmerveillesdupacifique.com\/la-perle-de-culture-de-tahiti\/#webpage\",\"url\":\"https:\/\/www.lesmerveillesdupacifique.com\/la-perle-de-culture-de-tahiti\/\",\"name\":\"Die Tahiti-zuchtperle - Les Merveilles du Pacifique\",\"isPartOf\":{\"@id\":\"https:\/\/www.lesmerveillesdupacifique.com\/fr\/#website\"},\"datePublished\":\"2018-03-30T07:20:42+00:00\",\"dateModified\":\"2025-04-14T09:30:37+00:00\",\"description\":\"Qu'est-ce que la perle de culture de Tahiti et comment se forme-t-elle dans les fermes perli\u00e8res sp\u00e9cialis\u00e9es en perliculture ? Tout savoir avec Les Merveilles du Pacifique.\",\"breadcrumb\":{\"@id\":\"https:\/\/www.lesmerveillesdupacifique.com\/la-perle-de-culture-de-tahiti\/#breadcrumb\"},\"inLanguage\":\"de\",\"potentialAction\":[{\"@type\":\"ReadAction\",\"target\":[\"https:\/\/www.lesmerveillesdupacifique.com\/la-perle-de-culture-de-tahiti\/\"]}]},{\"@type\":\"BreadcrumbList\",\"@id\":\"https:\/\/www.lesmerveillesdupacifique.com\/la-perle-de-culture-de-tahiti\/#breadcrumb\",\"itemListElement\":[{\"@type\":\"ListItem\",\"position\":1,\"name\":\"Accueil\",\"item\":\"https:\/\/www.lesmerveillesdupacifique.com\/\"},{\"@type\":\"ListItem\",\"position\":2,\"name\":\"La perle de culture de Tahiti\"}]}]}<\/script>\n<!-- \/ Yoast SEO plugin. -->","yoast_head_json":{"title":"Die Tahiti-zuchtperle - Les Merveilles du Pacifique","description":"Qu'est-ce que la perle de culture de Tahiti et comment se forme-t-elle dans les fermes perli\u00e8res sp\u00e9cialis\u00e9es en perliculture ? Tout savoir avec Les Merveilles du Pacifique.","robots":{"index":"index","follow":"follow","max-snippet":"max-snippet:-1","max-image-preview":"max-image-preview:large","max-video-preview":"max-video-preview:-1"},"canonical":"https:\/\/www.lesmerveillesdupacifique.com\/de\/la-perle-de-culture-de-tahiti\/","og_locale":"de_DE","og_type":"article","og_title":"Die Tahiti-zuchtperle - Les Merveilles du Pacifique","og_description":"Qu'est-ce que la perle de culture de Tahiti et comment se forme-t-elle dans les fermes perli\u00e8res sp\u00e9cialis\u00e9es en perliculture ? Tout savoir avec Les Merveilles du Pacifique.","og_url":"https:\/\/www.lesmerveillesdupacifique.com\/la-perle-de-culture-de-tahiti\/","og_site_name":"Les Merveilles du Pacifique","article_modified_time":"2025-04-14T09:30:37+00:00","twitter_card":"summary_large_image","twitter_misc":{"Gesch\u00e4tzte Lesezeit":"5\u00a0Minuten"},"schema":{"@context":"https:\/\/schema.org","@graph":[{"@type":"WebSite","@id":"https:\/\/www.lesmerveillesdupacifique.com\/fr\/#website","url":"https:\/\/www.lesmerveillesdupacifique.com\/fr\/","name":"Les Merveilles du Pacifique","description":"Perles de culture de Tahiti","potentialAction":[{"@type":"SearchAction","target":{"@type":"EntryPoint","urlTemplate":"https:\/\/www.lesmerveillesdupacifique.com\/fr\/?s={search_term_string}"},"query-input":"required name=search_term_string"}],"inLanguage":"de"},{"@type":"WebPage","@id":"https:\/\/www.lesmerveillesdupacifique.com\/la-perle-de-culture-de-tahiti\/#webpage","url":"https:\/\/www.lesmerveillesdupacifique.com\/la-perle-de-culture-de-tahiti\/","name":"Die Tahiti-zuchtperle - Les Merveilles du Pacifique","isPartOf":{"@id":"https:\/\/www.lesmerveillesdupacifique.com\/fr\/#website"},"datePublished":"2018-03-30T07:20:42+00:00","dateModified":"2025-04-14T09:30:37+00:00","description":"Qu'est-ce que la perle de culture de Tahiti et comment se forme-t-elle dans les fermes perli\u00e8res sp\u00e9cialis\u00e9es en perliculture ? Tout savoir avec Les Merveilles du Pacifique.","breadcrumb":{"@id":"https:\/\/www.lesmerveillesdupacifique.com\/la-perle-de-culture-de-tahiti\/#breadcrumb"},"inLanguage":"de","potentialAction":[{"@type":"ReadAction","target":["https:\/\/www.lesmerveillesdupacifique.com\/la-perle-de-culture-de-tahiti\/"]}]},{"@type":"BreadcrumbList","@id":"https:\/\/www.lesmerveillesdupacifique.com\/la-perle-de-culture-de-tahiti\/#breadcrumb","itemListElement":[{"@type":"ListItem","position":1,"name":"Accueil","item":"https:\/\/www.lesmerveillesdupacifique.com\/"},{"@type":"ListItem","position":2,"name":"La perle de culture de Tahiti"}]}]}},"acf":[],"_links":{"self":[{"href":"https:\/\/www.lesmerveillesdupacifique.com\/de\/wp-json\/wp\/v2\/pages\/5"}],"collection":[{"href":"https:\/\/www.lesmerveillesdupacifique.com\/de\/wp-json\/wp\/v2\/pages"}],"about":[{"href":"https:\/\/www.lesmerveillesdupacifique.com\/de\/wp-json\/wp\/v2\/types\/page"}],"author":[{"embeddable":true,"href":"https:\/\/www.lesmerveillesdupacifique.com\/de\/wp-json\/wp\/v2\/users\/1"}],"replies":[{"embeddable":true,"href":"https:\/\/www.lesmerveillesdupacifique.com\/de\/wp-json\/wp\/v2\/comments?post=5"}],"version-history":[{"count":1,"href":"https:\/\/www.lesmerveillesdupacifique.com\/de\/wp-json\/wp\/v2\/pages\/5\/revisions"}],"predecessor-version":[{"id":4302,"href":"https:\/\/www.lesmerveillesdupacifique.com\/de\/wp-json\/wp\/v2\/pages\/5\/revisions\/4302"}],"wp:attachment":[{"href":"https:\/\/www.lesmerveillesdupacifique.com\/de\/wp-json\/wp\/v2\/media?parent=5"}],"curies":[{"name":"wp","href":"https:\/\/api.w.org\/{rel}","templated":true}]}}