{"id":224,"date":"2018-05-18T12:08:00","date_gmt":"2018-05-18T10:08:00","guid":{"rendered":"http:\/\/www.lesmerveillesdupacifique.com\/prod\/?page_id=224"},"modified":"2021-04-21T12:56:43","modified_gmt":"2021-04-21T10:56:43","slug":"criteres-de-qualite","status":"publish","type":"page","link":"https:\/\/www.lesmerveillesdupacifique.com\/de\/criteres-de-qualite\/","title":{"rendered":"Kriterien der Perle"},"content":{"rendered":"<p>[vc_section full_width=&#8220;stretch_row_content&#8220; css=&#8220;.vc_custom_1526638628649{margin-top: 0px !important;margin-right: 0px !important;margin-bottom: 0px !important;margin-left: 0px !important;border-top-width: 0px !important;border-right-width: 0px !important;border-bottom-width: 0px !important;border-left-width: 0px !important;padding-top: 0px !important;padding-right: 0px !important;padding-bottom: 0px !important;padding-left: 0px !important;}&#8220;][vc_row][vc_column][vc_column_text]<\/p>\n<h1 style=\"text-align: center;\"><strong>Kriterien der Perle<\/strong><\/h1>\n<p style=\"text-align: center;\">Wie bei f\u00fcnfkar\u00e4tigen Diamanten gelten auch f\u00fcr die Perle Qualit\u00e4tskriterien, die als 5S bezeichnet werden.<br \/>\nDie 5S stehen f\u00fcr Shape (Form), Size (Gr\u00f6\u00dfe), Shine (L\u00fcster), Surface (Oberfl\u00e4chenqualit\u00e4t), Shade (Schattierung).<br \/>\nDiese Kriterien spielen bei der Preisbestimmung eine ausschlaggebende Rolle.<\/p>\n<p>[\/vc_column_text][vc_single_image image=&#8220;243&#8243; img_size=&#8220;full&#8220; alignment=&#8220;center&#8220;][\/vc_column][\/vc_row][\/vc_section][vc_section full_width=&#8220;stretch_row_content&#8220; css=&#8220;.vc_custom_1539074493027{margin-top: 0px !important;margin-right: 0px !important;margin-bottom: 0px !important;margin-left: 0px !important;border-top-width: 0px !important;border-right-width: 0px !important;border-bottom-width: 0px !important;border-left-width: 0px !important;padding-top: 0px !important;padding-right: 0px !important;padding-bottom: 0px !important;padding-left: 0px !important;background-color: #f9f9f9 !important;}&#8220;][vc_row full_width=&#8220;stretch_row_content_no_spaces&#8220; content_placement=&#8220;middle&#8220;][vc_column width=&#8220;1\/2&#8243; css=&#8220;.vc_custom_1526542990478{padding-right: 13% !important;padding-left: 13% !important;}&#8220;][vc_column_text]<\/p>\n<h2 style=\"text-align: center;\"><strong>S wie Shape<br \/>\n(Form)<\/strong><\/h2>\n<p style=\"text-align: center;\">Die Tahiti-Perle kann acht verschiedene Formen aufweisen:<\/p>\n<p style=\"text-align: center;\"><strong>rund<\/strong> (perfekte Kugel),\u00a0<strong>knopff\u00f6rmig<\/strong> (auf der einen Seite oder auch auf beiden Seiten abgeflacht),\u00a0<strong>oval<\/strong> (l\u00e4ngliche Kugel),\u00a0<strong>tropfenf\u00f6rmig<\/strong> (l\u00e4ngliche und v\u00f6llig symmetrische Perle, ihr Name spricht f\u00fcr die Form),\u00a0<strong>barock<\/strong> (ungleichm\u00e4\u00dfig und asymmetrisch),\u00a0<strong>halbbarock<\/strong> (Perle mit einer Symmetrieachse, die jedoch an der Kuppel ungleichm\u00e4\u00dfig ist, sie kann geringelt oder anders sein),\u00a0<strong>geringelt<\/strong> (ein oder mehrere markante konzentrische Ringe entweder im Relief oder durch eine Farbvariation)<\/p>\n<p style=\"text-align: center;\">Wissenswert ist insbesondere, dass die runden Perlen die beliebtesten und teuersten Tahiti-Perlen sind.<\/p>\n<p>[\/vc_column_text][\/vc_column][vc_column width=&#8220;1\/2&#8243;][vc_single_image image=&#8220;1388&#8243; img_size=&#8220;full&#8220;][\/vc_column][\/vc_row][\/vc_section][vc_section full_width=&#8220;stretch_row_content&#8220; css=&#8220;.vc_custom_1526556748513{margin-top: 0px !important;margin-right: 0px !important;margin-bottom: 0px !important;margin-left: 0px !important;border-top-width: 0px !important;border-right-width: 0px !important;border-bottom-width: 0px !important;border-left-width: 0px !important;padding-top: 0px !important;padding-right: 0px !important;padding-bottom: 0px !important;padding-left: 0px !important;background-color: #f9f9f9 !important;}&#8220;][vc_row full_width=&#8220;stretch_row_content_no_spaces&#8220; content_placement=&#8220;middle&#8220;][vc_column width=&#8220;1\/2&#8243;][vc_single_image image=&#8220;1132&#8243; img_size=&#8220;full&#8220;][\/vc_column][vc_column width=&#8220;1\/2&#8243; css=&#8220;.vc_custom_1526543311111{padding-right: 13% !important;padding-left: 13% !important;}&#8220;][vc_column_text]<\/p>\n<h2 style=\"text-align: center;\"><strong>S wie Size<br \/>\n(Gr\u00f6\u00dfe) <\/strong><\/h2>\n<p style=\"text-align: center;\">Die Gr\u00f6\u00dfe einer Perle schwankt im Allgemeinen zwischen 8 mm und 15 mm. Die kleinsten Perlen messen zwischen 7 und 8 mm und zeichnen sich durch ihre Rarit\u00e4t aus. Die gr\u00f6\u00dften Perlen k\u00f6nnen bis zu 20 mm erreichen. Eine Perle von mehr als 20 mm ist die Ausnahme. Rekordhalter ist im Augenblick eine Tahiti-Perle von 22,5 mm.<\/p>\n<p>\u00a0[\/vc_column_text][\/vc_column][\/vc_row][\/vc_section][vc_section full_width=&#8220;stretch_row_content&#8220; css=&#8220;.vc_custom_1526556754206{margin-top: 0px !important;margin-right: 0px !important;margin-bottom: 0px !important;margin-left: 0px !important;border-top-width: 0px !important;border-right-width: 0px !important;border-bottom-width: 0px !important;border-left-width: 0px !important;padding-top: 0px !important;padding-right: 0px !important;padding-bottom: 0px !important;padding-left: 0px !important;background-color: #f9f9f9 !important;}&#8220;][vc_row full_width=&#8220;stretch_row_content_no_spaces&#8220; content_placement=&#8220;middle&#8220;][vc_column width=&#8220;1\/2&#8243; css=&#8220;.vc_custom_1526554875205{padding-right: 13% !important;padding-left: 13% !important;}&#8220;][vc_column_text]<\/p>\n<h2 style=\"text-align: center;\"><strong>S wie Shine<br \/>\n(Glanz und Orient)<\/strong><\/h2>\n<p style=\"text-align: center;\">Der L\u00fcster ist der Lichtreflex auf der Perlenoberfl\u00e4che. Es handelt sich um den Glanz der Perle.\u00a0Er kann ausgezeichnet, gut (bzw. stark gl\u00e4nzend oder gl\u00e4nzend), blass oder stumpf\/arm (die Perle ist matt) sein.<\/p>\n<p style=\"text-align: center;\">Als Orient wird der Lichtreflex auf Ebene der unterschiedlichen Perlmuttschichten bezeichnet, die auch Aragonitkristalle genannt werden. Umso d\u00fcnner und zahlreicher die Schichten sind, umso gr\u00f6\u00dfer ist der Orient der Perle.<br \/>\nEr kann ausgezeichnet, sehr gut, gut, mittelm\u00e4\u00dfig oder schwach sein.<\/p>\n<p>[\/vc_column_text][\/vc_column][vc_column width=&#8220;1\/2&#8243;][vc_images_carousel images=&#8220;1123,1122,1124&#8243; img_size=&#8220;full&#8220; onclick=&#8220;link_no&#8220; speed=&#8220;3000&#8243; autoplay=&#8220;yes&#8220; wrap=&#8220;yes&#8220;][\/vc_column][\/vc_row][\/vc_section][vc_section full_width=&#8220;stretch_row_content&#8220; css=&#8220;.vc_custom_1526556754206{margin-top: 0px !important;margin-right: 0px !important;margin-bottom: 0px !important;margin-left: 0px !important;border-top-width: 0px !important;border-right-width: 0px !important;border-bottom-width: 0px !important;border-left-width: 0px !important;padding-top: 0px !important;padding-right: 0px !important;padding-bottom: 0px !important;padding-left: 0px !important;background-color: #f9f9f9 !important;}&#8220;][vc_row full_width=&#8220;stretch_row_content_no_spaces&#8220; content_placement=&#8220;middle&#8220;][vc_column width=&#8220;1\/2&#8243;][vc_images_carousel images=&#8220;1130,1129,1128,1127&#8243; img_size=&#8220;full&#8220; onclick=&#8220;link_no&#8220; speed=&#8220;3000&#8243; autoplay=&#8220;yes&#8220; wrap=&#8220;yes&#8220;][\/vc_column][vc_column width=&#8220;1\/2&#8243; css=&#8220;.vc_custom_1526558579025{padding-right: 13% !important;padding-left: 13% !important;}&#8220;][vc_column_text]<\/p>\n<h2 style=\"text-align: center;\"><strong>S wie Surface<br \/>\n(Oberfl\u00e4chenqualit\u00e4t)<\/strong><\/h2>\n<p style=\"text-align: center;\">Wir st\u00fctzen uns auf das Bewertungssystem A-B-C-D, das von den polynesischen Perlenz\u00fcchtern zur Anwendung gebracht wird.<\/p>\n<p style=\"text-align: center;\">Die Verbindung von L\u00fcster und Oberfl\u00e4chenzustand erm\u00f6glicht die Einstufung der Tahiti-Perlen in 5 Kategorien:<\/p>\n<p style=\"text-align: center;\"><img loading=\"lazy\" class=\"alignnone wp-image-2969 size-full\" src=\"https:\/\/www.lesmerveillesdupacifique.com\/wp-content\/uploads\/2020\/11\/Capture-decran-2020-11-30-a-11.47.41.png\" alt=\"\" width=\"954\" height=\"664\" srcset=\"https:\/\/www.lesmerveillesdupacifique.com\/wp-content\/uploads\/2020\/11\/Capture-decran-2020-11-30-a-11.47.41.png 954w, https:\/\/www.lesmerveillesdupacifique.com\/wp-content\/uploads\/2020\/11\/Capture-decran-2020-11-30-a-11.47.41-300x209.png 300w, https:\/\/www.lesmerveillesdupacifique.com\/wp-content\/uploads\/2020\/11\/Capture-decran-2020-11-30-a-11.47.41-768x535.png 768w, https:\/\/www.lesmerveillesdupacifique.com\/wp-content\/uploads\/2020\/11\/Capture-decran-2020-11-30-a-11.47.41-660x459.png 660w, https:\/\/www.lesmerveillesdupacifique.com\/wp-content\/uploads\/2020\/11\/Capture-decran-2020-11-30-a-11.47.41-840x585.png 840w\" sizes=\"(max-width: 954px) 100vw, 954px\" \/><\/p>\n<p>[\/vc_column_text][\/vc_column][\/vc_row][\/vc_section][vc_section full_width=&#8220;stretch_row_content&#8220; css=&#8220;.vc_custom_1526556754206{margin-top: 0px !important;margin-right: 0px !important;margin-bottom: 0px !important;margin-left: 0px !important;border-top-width: 0px !important;border-right-width: 0px !important;border-bottom-width: 0px !important;border-left-width: 0px !important;padding-top: 0px !important;padding-right: 0px !important;padding-bottom: 0px !important;padding-left: 0px !important;background-color: #f9f9f9 !important;}&#8220;][vc_row full_width=&#8220;stretch_row_content_no_spaces&#8220; content_placement=&#8220;middle&#8220;][vc_column width=&#8220;1\/2&#8243; css=&#8220;.vc_custom_1526554875205{padding-right: 13% !important;padding-left: 13% !important;}&#8220;][vc_column_text]<\/p>\n<h2 style=\"text-align: center;\"><strong>S wie Shade<br \/>\n(Schattierung \/ Farbe)<\/strong><\/h2>\n<p style=\"text-align: center;\">Die Tahiti-Zuchtperlen weisen von allen Perlen weltweit die breiteste Palette nat\u00fcrlicher Farben auf. Diese Farben machen die St\u00e4rke und den Unterschied dieser Perlen aus und werden in Franz\u00f6sisch-Polynesien streng bewertet, wo die Behandlung der Farbe einer Tahiti-Perle (im Gegensatz zu anderen Perlen) streng verboten ist. Die Farbe einer Perle ist multifaktoriell und h\u00e4ngt von zahlreichen Elementen ab.<\/p>\n<p style=\"text-align: center;\">Die Mehrzahl der Farben folgt einem generischen Namen. Es gibt keine amtliche Bezeichnung. Die gel\u00e4ufigsten Farben sind auberginenfarben, grau, schwarz, tannengr\u00fcn, nachtblau, himmelblau, rosa. Seltener zu finden sind die Farben Peacock oder Pfauenfeder (eine Verbindung von Schattierungen wie blau, gr\u00fcn, auberginenfarben und rosa), Pistaziengr\u00fcn, Lindgr\u00fcn, Bronze, Schokolade, Gold, Gelb und Wei\u00df.<br \/>\nAlle diese Farbt\u00f6ne gibt es in hell, medium oder dunkel. Ein und dieselbe Tahiti-Perle weist folglich h\u00e4ufig einen zweiten Farbton auf.<\/p>\n<p style=\"text-align: center;\">Dabei gibt es in Abh\u00e4ngigkeit von den geografischen Zonen, in denen sie verkauft werden, Pr\u00e4ferenzen.<\/p>\n<p>[\/vc_column_text][\/vc_column][vc_column width=&#8220;1\/2&#8243;][vc_single_image image=&#8220;986&#8243; img_size=&#8220;full&#8220;][\/vc_column][\/vc_row][\/vc_section]<\/p>","protected":false},"excerpt":{"rendered":"<p>[vc_section full_width=&#8220;stretch_row_content&#8220; css=&#8220;.vc_custom_1526638628649{margin-top: 0px !important;margin-right: 0px !important;margin-bottom: 0px !important;margin-left: 0px !important;border-top-width: 0px !important;border-right-width: 0px !important;border-bottom-width: 0px !important;border-left-width: 0px !important;padding-top: 0px !important;padding-right: 0px !important;padding-bottom: 0px !important;padding-left: 0px !important;}&#8220;][vc_row][vc_column][vc_column_text] Kriterien der Perle&hellip;<\/p>\n","protected":false},"author":1,"featured_media":0,"parent":0,"menu_order":3,"comment_status":"closed","ping_status":"closed","template":"","meta":{"_mi_skip_tracking":false},"yoast_head":"<!-- This site is optimized with the Yoast SEO plugin v18.3 - https:\/\/yoast.com\/wordpress\/plugins\/seo\/ -->\n<title>Kriterien der Perle - Les Merveilles du Pacifique<\/title>\n<meta name=\"robots\" content=\"index, follow, max-snippet:-1, max-image-preview:large, max-video-preview:-1\" \/>\n<link rel=\"canonical\" href=\"https:\/\/www.lesmerveillesdupacifique.com\/de\/criteres-de-qualite\/\" \/>\n<meta property=\"og:locale\" content=\"de_DE\" \/>\n<meta property=\"og:type\" content=\"article\" \/>\n<meta property=\"og:title\" content=\"Kriterien der Perle - Les Merveilles du Pacifique\" \/>\n<meta property=\"og:description\" content=\"[vc_section full_width=&#8220;stretch_row_content&#8220; css=&#8220;.vc_custom_1526638628649{margin-top: 0px !important;margin-right: 0px !important;margin-bottom: 0px !important;margin-left: 0px !important;border-top-width: 0px !important;border-right-width: 0px !important;border-bottom-width: 0px !important;border-left-width: 0px !important;padding-top: 0px !important;padding-right: 0px !important;padding-bottom: 0px !important;padding-left: 0px !important;}&#8220;][vc_row][vc_column][vc_column_text] Kriterien der Perle&hellip;\" \/>\n<meta property=\"og:url\" content=\"https:\/\/www.lesmerveillesdupacifique.com\/fr\/criteres-de-qualite\/\" \/>\n<meta property=\"og:site_name\" content=\"Les Merveilles du Pacifique\" \/>\n<meta property=\"article:modified_time\" content=\"2021-04-21T10:56:43+00:00\" \/>\n<meta property=\"og:image\" content=\"https:\/\/www.lesmerveillesdupacifique.com\/wp-content\/uploads\/2021\/04\/Capture-de\u0301cran-2021-04-13-a\u0300-16.18.29.png\" \/>\n<meta name=\"twitter:card\" content=\"summary_large_image\" \/>\n<meta name=\"twitter:label1\" content=\"Gesch\u00e4tzte Lesezeit\" \/>\n\t<meta name=\"twitter:data1\" content=\"33\u00a0Minuten\" \/>\n<script type=\"application\/ld+json\" class=\"yoast-schema-graph\">{\"@context\":\"https:\/\/schema.org\",\"@graph\":[{\"@type\":\"WebSite\",\"@id\":\"https:\/\/www.lesmerveillesdupacifique.com\/fr\/#website\",\"url\":\"https:\/\/www.lesmerveillesdupacifique.com\/fr\/\",\"name\":\"Les Merveilles du Pacifique\",\"description\":\"Perles de culture de Tahiti\",\"potentialAction\":[{\"@type\":\"SearchAction\",\"target\":{\"@type\":\"EntryPoint\",\"urlTemplate\":\"https:\/\/www.lesmerveillesdupacifique.com\/fr\/?s={search_term_string}\"},\"query-input\":\"required name=search_term_string\"}],\"inLanguage\":\"de\"},{\"@type\":\"ImageObject\",\"@id\":\"https:\/\/www.lesmerveillesdupacifique.com\/fr\/criteres-de-qualite\/#primaryimage\",\"inLanguage\":\"de\",\"url\":\"https:\/\/www.lesmerveillesdupacifique.com\/wp-content\/uploads\/2021\/04\/Capture-de\u0301cran-2021-04-13-a\u0300-16.18.29.png\",\"contentUrl\":\"https:\/\/www.lesmerveillesdupacifique.com\/wp-content\/uploads\/2021\/04\/Capture-de\u0301cran-2021-04-13-a\u0300-16.18.29.png\",\"width\":932,\"height\":742,\"caption\":\"perles de tahiti\"},{\"@type\":\"WebPage\",\"@id\":\"https:\/\/www.lesmerveillesdupacifique.com\/fr\/criteres-de-qualite\/#webpage\",\"url\":\"https:\/\/www.lesmerveillesdupacifique.com\/fr\/criteres-de-qualite\/\",\"name\":\"Kriterien der Perle - Les Merveilles du Pacifique\",\"isPartOf\":{\"@id\":\"https:\/\/www.lesmerveillesdupacifique.com\/fr\/#website\"},\"primaryImageOfPage\":{\"@id\":\"https:\/\/www.lesmerveillesdupacifique.com\/fr\/criteres-de-qualite\/#primaryimage\"},\"datePublished\":\"2018-05-18T10:08:00+00:00\",\"dateModified\":\"2021-04-21T10:56:43+00:00\",\"breadcrumb\":{\"@id\":\"https:\/\/www.lesmerveillesdupacifique.com\/fr\/criteres-de-qualite\/#breadcrumb\"},\"inLanguage\":\"de\",\"potentialAction\":[{\"@type\":\"ReadAction\",\"target\":[\"https:\/\/www.lesmerveillesdupacifique.com\/fr\/criteres-de-qualite\/\"]}]},{\"@type\":\"BreadcrumbList\",\"@id\":\"https:\/\/www.lesmerveillesdupacifique.com\/fr\/criteres-de-qualite\/#breadcrumb\",\"itemListElement\":[{\"@type\":\"ListItem\",\"position\":1,\"name\":\"Accueil\",\"item\":\"https:\/\/www.lesmerveillesdupacifique.com\/\"},{\"@type\":\"ListItem\",\"position\":2,\"name\":\"Crit\u00e8res de qualit\u00e9\"}]}]}<\/script>\n<!-- \/ Yoast SEO plugin. -->","yoast_head_json":{"title":"Kriterien der Perle - Les Merveilles du Pacifique","robots":{"index":"index","follow":"follow","max-snippet":"max-snippet:-1","max-image-preview":"max-image-preview:large","max-video-preview":"max-video-preview:-1"},"canonical":"https:\/\/www.lesmerveillesdupacifique.com\/de\/criteres-de-qualite\/","og_locale":"de_DE","og_type":"article","og_title":"Kriterien der Perle - Les Merveilles du Pacifique","og_description":"[vc_section full_width=&#8220;stretch_row_content&#8220; css=&#8220;.vc_custom_1526638628649{margin-top: 0px !important;margin-right: 0px !important;margin-bottom: 0px !important;margin-left: 0px !important;border-top-width: 0px !important;border-right-width: 0px !important;border-bottom-width: 0px !important;border-left-width: 0px !important;padding-top: 0px !important;padding-right: 0px !important;padding-bottom: 0px !important;padding-left: 0px !important;}&#8220;][vc_row][vc_column][vc_column_text] Kriterien der Perle&hellip;","og_url":"https:\/\/www.lesmerveillesdupacifique.com\/fr\/criteres-de-qualite\/","og_site_name":"Les Merveilles du Pacifique","article_modified_time":"2021-04-21T10:56:43+00:00","og_image":[{"url":"https:\/\/www.lesmerveillesdupacifique.com\/wp-content\/uploads\/2021\/04\/Capture-de\u0301cran-2021-04-13-a\u0300-16.18.29.png"}],"twitter_card":"summary_large_image","twitter_misc":{"Gesch\u00e4tzte Lesezeit":"33\u00a0Minuten"},"schema":{"@context":"https:\/\/schema.org","@graph":[{"@type":"WebSite","@id":"https:\/\/www.lesmerveillesdupacifique.com\/fr\/#website","url":"https:\/\/www.lesmerveillesdupacifique.com\/fr\/","name":"Les Merveilles du Pacifique","description":"Perles de culture de Tahiti","potentialAction":[{"@type":"SearchAction","target":{"@type":"EntryPoint","urlTemplate":"https:\/\/www.lesmerveillesdupacifique.com\/fr\/?s={search_term_string}"},"query-input":"required name=search_term_string"}],"inLanguage":"de"},{"@type":"ImageObject","@id":"https:\/\/www.lesmerveillesdupacifique.com\/fr\/criteres-de-qualite\/#primaryimage","inLanguage":"de","url":"https:\/\/www.lesmerveillesdupacifique.com\/wp-content\/uploads\/2021\/04\/Capture-de\u0301cran-2021-04-13-a\u0300-16.18.29.png","contentUrl":"https:\/\/www.lesmerveillesdupacifique.com\/wp-content\/uploads\/2021\/04\/Capture-de\u0301cran-2021-04-13-a\u0300-16.18.29.png","width":932,"height":742,"caption":"perles de tahiti"},{"@type":"WebPage","@id":"https:\/\/www.lesmerveillesdupacifique.com\/fr\/criteres-de-qualite\/#webpage","url":"https:\/\/www.lesmerveillesdupacifique.com\/fr\/criteres-de-qualite\/","name":"Kriterien der Perle - Les Merveilles du Pacifique","isPartOf":{"@id":"https:\/\/www.lesmerveillesdupacifique.com\/fr\/#website"},"primaryImageOfPage":{"@id":"https:\/\/www.lesmerveillesdupacifique.com\/fr\/criteres-de-qualite\/#primaryimage"},"datePublished":"2018-05-18T10:08:00+00:00","dateModified":"2021-04-21T10:56:43+00:00","breadcrumb":{"@id":"https:\/\/www.lesmerveillesdupacifique.com\/fr\/criteres-de-qualite\/#breadcrumb"},"inLanguage":"de","potentialAction":[{"@type":"ReadAction","target":["https:\/\/www.lesmerveillesdupacifique.com\/fr\/criteres-de-qualite\/"]}]},{"@type":"BreadcrumbList","@id":"https:\/\/www.lesmerveillesdupacifique.com\/fr\/criteres-de-qualite\/#breadcrumb","itemListElement":[{"@type":"ListItem","position":1,"name":"Accueil","item":"https:\/\/www.lesmerveillesdupacifique.com\/"},{"@type":"ListItem","position":2,"name":"Crit\u00e8res de qualit\u00e9"}]}]}},"acf":[],"_links":{"self":[{"href":"https:\/\/www.lesmerveillesdupacifique.com\/de\/wp-json\/wp\/v2\/pages\/224"}],"collection":[{"href":"https:\/\/www.lesmerveillesdupacifique.com\/de\/wp-json\/wp\/v2\/pages"}],"about":[{"href":"https:\/\/www.lesmerveillesdupacifique.com\/de\/wp-json\/wp\/v2\/types\/page"}],"author":[{"embeddable":true,"href":"https:\/\/www.lesmerveillesdupacifique.com\/de\/wp-json\/wp\/v2\/users\/1"}],"replies":[{"embeddable":true,"href":"https:\/\/www.lesmerveillesdupacifique.com\/de\/wp-json\/wp\/v2\/comments?post=224"}],"version-history":[{"count":0,"href":"https:\/\/www.lesmerveillesdupacifique.com\/de\/wp-json\/wp\/v2\/pages\/224\/revisions"}],"wp:attachment":[{"href":"https:\/\/www.lesmerveillesdupacifique.com\/de\/wp-json\/wp\/v2\/media?parent=224"}],"curies":[{"name":"wp","href":"https:\/\/api.w.org\/{rel}","templated":true}]}}