{"id":2220,"date":"2020-05-19T17:44:11","date_gmt":"2020-05-19T15:44:11","guid":{"rendered":"http:\/\/www.lesmerveillesdupacifique.com\/prod\/?page_id=2220"},"modified":"2021-05-03T10:21:21","modified_gmt":"2021-05-03T08:21:21","slug":"questions-frequentes","status":"publish","type":"page","link":"https:\/\/www.lesmerveillesdupacifique.com\/de\/questions-frequentes\/","title":{"rendered":"H\u00e4ufig gestellte Fragen"},"content":{"rendered":"<p>[vc_section][vc_row][vc_column][vc_column_text]<\/p>\n<h2>Ihre bestellung<\/h2>\n<p>[\/vc_column_text][vc_tta_accordion style=&#8220;flat&#8220; shape=&#8220;square&#8220; color=&#8220;white&#8220; c_icon=&#8220;chevron&#8220; active_section=&#8220;0&#8243; collapsible_all=&#8220;true&#8220;][vc_tta_section title=&#8220;Lieferfrist&#8220; tab_id=&#8220;1589973333231-6a65e122-810a&#8220;][vc_column_text]<strong>F\u00fcr Colissimo-Sendungen nach Frankreich, Monaco und innerhalb der \u00dcberseedepartements <\/strong>(1)<strong>\u00a0und -gebiete <\/strong>betr\u00e4gt die Lieferfrist 48 h (2 Werktage).<\/p>\n<p><strong>F\u00fcr Colissimo-Sendungen nach \u00dcbersee<\/strong>\u00a0ist in Abh\u00e4ngigkeit vom Bestimmungsort unverbindlich mit einer Lieferfrist von 5 bis 7 Tagen zu rechnen.<\/p>\n<p><strong>F\u00fcr Colissimo-Sendungen weltweit<\/strong> ist in Abh\u00e4ngigkeit vom Bestimmungsort unverbindlich mit einer Lieferfrist von 4 bis 8 Tagen zu rechnen.<\/p>\n<p>(1) \u00dcberseedepartement: Guadeloupe, Guyana, Martinique, R\u00e9union et Mayotte. \u00dcberseegebiete: Saint-Barth\u00e9lemy, Saint-Martin und Saint Pierre et Miquelon.[\/vc_column_text][\/vc_tta_section][vc_tta_section title=&#8220;Portogeb\u00fchren ? &#8220; tab_id=&#8220;1589973333242-07dfcb7b-dae7&#8243;][vc_column_text]Nach <strong>Frankreich<\/strong>: 6,67 \u20ac HT<span class=\"JLqJ4b\" data-language-for-alternatives=\"de\" data-language-to-translate-into=\"fr\" data-phrase-index=\"1\"><br \/>\n<span class=\"JLqJ4b ChMk0b\" data-language-for-alternatives=\"de\" data-language-to-translate-into=\"fr\" data-phrase-index=\"2\">F\u00fcr \u00fcberseeische <strong>Abteilungen und Gebiete<\/strong>: 12,63 \u20ac HT<br \/>\nNach <strong>Europa<\/strong> ohne Frankreich: 8,37 \u20ac HT<br \/>\nNach <strong>Gro\u00dfbritannien<\/strong>: 9,61 \u20ac HT<br \/>\nIn die <strong>Schweiz<\/strong>: 10,71 \u20ac HT<br \/>\nF\u00fcr die <strong>Welt<\/strong> au\u00dferhalb Europas und f\u00fcr Abteilungen und Gebiete in \u00dcbersee: 22,08 \u20ac HT<\/span><\/span>[\/vc_column_text][\/vc_tta_section][vc_tta_section title=&#8220;Wo kann ich meine Sendung verfolgen? &#8220; tab_id=&#8220;1589973595798-fab57ebe-156d&#8220;][vc_column_text]Sie k\u00f6nnen Ihr Paket \u00fcber die Sendenummer verfolgen, die wir Ihnen \u00fcbermittelt haben und die Sie bitte hier eintragen:\u00a0<a href=\"https:\/\/www.laposte.fr\/outils\/suivre-vos-envois\">www.laposte.fr\/outils\/suivre-vos-envois<\/a>[\/vc_column_text][\/vc_tta_section][vc_tta_section title=&#8220;Kann ich mein Paket zur\u00fccksenden?&#8220; tab_id=&#8220;1589974094214-1b2ff796-f8d8&#8243;][vc_column_text]Falls Ihnen des Schmuckst\u00fcck oder die Perle nicht gef\u00e4llt, haben Sie die M\u00f6glichkeit, sie <strong>binnen zwei Wochen <\/strong>nach Eingang des Pakets zur\u00fcckzusenden oder umzutauschen.[\/vc_column_text][\/vc_tta_section][\/vc_tta_accordion][\/vc_column][\/vc_row][\/vc_section]<\/p>","protected":false},"excerpt":{"rendered":"<p>[vc_section][vc_row][vc_column][vc_column_text] Ihre bestellung [\/vc_column_text][vc_tta_accordion style=&#8220;flat&#8220; shape=&#8220;square&#8220; color=&#8220;white&#8220; c_icon=&#8220;chevron&#8220; active_section=&#8220;0&#8243; collapsible_all=&#8220;true&#8220;][vc_tta_section title=&#8220;Lieferfrist&#8220; tab_id=&#8220;1589973333231-6a65e122-810a&#8220;][vc_column_text]F\u00fcr Colissimo-Sendungen nach Frankreich, Monaco und innerhalb der \u00dcberseedepartements (1)\u00a0und -gebiete betr\u00e4gt die Lieferfrist 48 h (2 Werktage). F\u00fcr&hellip;<\/p>\n","protected":false},"author":1,"featured_media":0,"parent":0,"menu_order":20,"comment_status":"closed","ping_status":"closed","template":"","meta":{"_mi_skip_tracking":false},"yoast_head":"<!-- This site is optimized with the Yoast SEO plugin v18.3 - https:\/\/yoast.com\/wordpress\/plugins\/seo\/ -->\n<title>H\u00e4ufig gestellte Fragen - Les Merveilles du Pacifique<\/title>\n<meta name=\"robots\" content=\"index, follow, max-snippet:-1, max-image-preview:large, max-video-preview:-1\" \/>\n<link rel=\"canonical\" href=\"https:\/\/www.lesmerveillesdupacifique.com\/de\/questions-frequentes\/\" \/>\n<meta property=\"og:locale\" content=\"de_DE\" \/>\n<meta property=\"og:type\" content=\"article\" \/>\n<meta property=\"og:title\" content=\"H\u00e4ufig gestellte Fragen - Les Merveilles du Pacifique\" \/>\n<meta property=\"og:description\" content=\"[vc_section][vc_row][vc_column][vc_column_text] Ihre bestellung [\/vc_column_text][vc_tta_accordion style=&#8220;flat&#8220; shape=&#8220;square&#8220; color=&#8220;white&#8220; c_icon=&#8220;chevron&#8220; active_section=&#8220;0&#8243; collapsible_all=&#8220;true&#8220;][vc_tta_section title=&#8220;Lieferfrist&#8220; tab_id=&#8220;1589973333231-6a65e122-810a&#8220;][vc_column_text]F\u00fcr Colissimo-Sendungen nach Frankreich, Monaco und innerhalb der \u00dcberseedepartements (1)\u00a0und -gebiete betr\u00e4gt die Lieferfrist 48 h (2 Werktage). F\u00fcr&hellip;\" \/>\n<meta property=\"og:url\" content=\"https:\/\/www.lesmerveillesdupacifique.com\/en\/questions-frequentes\/\" \/>\n<meta property=\"og:site_name\" content=\"Les Merveilles du Pacifique\" \/>\n<meta property=\"article:modified_time\" content=\"2021-05-03T08:21:21+00:00\" \/>\n<meta name=\"twitter:card\" content=\"summary_large_image\" \/>\n<meta name=\"twitter:label1\" content=\"Gesch\u00e4tzte Lesezeit\" \/>\n\t<meta name=\"twitter:data1\" content=\"9\u00a0Minuten\" \/>\n<script type=\"application\/ld+json\" class=\"yoast-schema-graph\">{\"@context\":\"https:\/\/schema.org\",\"@graph\":[{\"@type\":\"WebSite\",\"@id\":\"https:\/\/www.lesmerveillesdupacifique.com\/fr\/#website\",\"url\":\"https:\/\/www.lesmerveillesdupacifique.com\/fr\/\",\"name\":\"Les Merveilles du Pacifique\",\"description\":\"Perles de culture de Tahiti\",\"potentialAction\":[{\"@type\":\"SearchAction\",\"target\":{\"@type\":\"EntryPoint\",\"urlTemplate\":\"https:\/\/www.lesmerveillesdupacifique.com\/fr\/?s={search_term_string}\"},\"query-input\":\"required name=search_term_string\"}],\"inLanguage\":\"de\"},{\"@type\":\"WebPage\",\"@id\":\"https:\/\/www.lesmerveillesdupacifique.com\/en\/questions-frequentes\/#webpage\",\"url\":\"https:\/\/www.lesmerveillesdupacifique.com\/en\/questions-frequentes\/\",\"name\":\"H\u00e4ufig gestellte Fragen - Les Merveilles du Pacifique\",\"isPartOf\":{\"@id\":\"https:\/\/www.lesmerveillesdupacifique.com\/fr\/#website\"},\"datePublished\":\"2020-05-19T15:44:11+00:00\",\"dateModified\":\"2021-05-03T08:21:21+00:00\",\"breadcrumb\":{\"@id\":\"https:\/\/www.lesmerveillesdupacifique.com\/en\/questions-frequentes\/#breadcrumb\"},\"inLanguage\":\"de\",\"potentialAction\":[{\"@type\":\"ReadAction\",\"target\":[\"https:\/\/www.lesmerveillesdupacifique.com\/en\/questions-frequentes\/\"]}]},{\"@type\":\"BreadcrumbList\",\"@id\":\"https:\/\/www.lesmerveillesdupacifique.com\/en\/questions-frequentes\/#breadcrumb\",\"itemListElement\":[{\"@type\":\"ListItem\",\"position\":1,\"name\":\"Accueil\",\"item\":\"https:\/\/www.lesmerveillesdupacifique.com\/\"},{\"@type\":\"ListItem\",\"position\":2,\"name\":\"FAQ\"}]}]}<\/script>\n<!-- \/ Yoast SEO plugin. -->","yoast_head_json":{"title":"H\u00e4ufig gestellte Fragen - Les Merveilles du Pacifique","robots":{"index":"index","follow":"follow","max-snippet":"max-snippet:-1","max-image-preview":"max-image-preview:large","max-video-preview":"max-video-preview:-1"},"canonical":"https:\/\/www.lesmerveillesdupacifique.com\/de\/questions-frequentes\/","og_locale":"de_DE","og_type":"article","og_title":"H\u00e4ufig gestellte Fragen - Les Merveilles du Pacifique","og_description":"[vc_section][vc_row][vc_column][vc_column_text] Ihre bestellung [\/vc_column_text][vc_tta_accordion style=&#8220;flat&#8220; shape=&#8220;square&#8220; color=&#8220;white&#8220; c_icon=&#8220;chevron&#8220; active_section=&#8220;0&#8243; collapsible_all=&#8220;true&#8220;][vc_tta_section title=&#8220;Lieferfrist&#8220; tab_id=&#8220;1589973333231-6a65e122-810a&#8220;][vc_column_text]F\u00fcr Colissimo-Sendungen nach Frankreich, Monaco und innerhalb der \u00dcberseedepartements (1)\u00a0und -gebiete betr\u00e4gt die Lieferfrist 48 h (2 Werktage). F\u00fcr&hellip;","og_url":"https:\/\/www.lesmerveillesdupacifique.com\/en\/questions-frequentes\/","og_site_name":"Les Merveilles du Pacifique","article_modified_time":"2021-05-03T08:21:21+00:00","twitter_card":"summary_large_image","twitter_misc":{"Gesch\u00e4tzte Lesezeit":"9\u00a0Minuten"},"schema":{"@context":"https:\/\/schema.org","@graph":[{"@type":"WebSite","@id":"https:\/\/www.lesmerveillesdupacifique.com\/fr\/#website","url":"https:\/\/www.lesmerveillesdupacifique.com\/fr\/","name":"Les Merveilles du Pacifique","description":"Perles de culture de Tahiti","potentialAction":[{"@type":"SearchAction","target":{"@type":"EntryPoint","urlTemplate":"https:\/\/www.lesmerveillesdupacifique.com\/fr\/?s={search_term_string}"},"query-input":"required name=search_term_string"}],"inLanguage":"de"},{"@type":"WebPage","@id":"https:\/\/www.lesmerveillesdupacifique.com\/en\/questions-frequentes\/#webpage","url":"https:\/\/www.lesmerveillesdupacifique.com\/en\/questions-frequentes\/","name":"H\u00e4ufig gestellte Fragen - Les Merveilles du Pacifique","isPartOf":{"@id":"https:\/\/www.lesmerveillesdupacifique.com\/fr\/#website"},"datePublished":"2020-05-19T15:44:11+00:00","dateModified":"2021-05-03T08:21:21+00:00","breadcrumb":{"@id":"https:\/\/www.lesmerveillesdupacifique.com\/en\/questions-frequentes\/#breadcrumb"},"inLanguage":"de","potentialAction":[{"@type":"ReadAction","target":["https:\/\/www.lesmerveillesdupacifique.com\/en\/questions-frequentes\/"]}]},{"@type":"BreadcrumbList","@id":"https:\/\/www.lesmerveillesdupacifique.com\/en\/questions-frequentes\/#breadcrumb","itemListElement":[{"@type":"ListItem","position":1,"name":"Accueil","item":"https:\/\/www.lesmerveillesdupacifique.com\/"},{"@type":"ListItem","position":2,"name":"FAQ"}]}]}},"acf":[],"_links":{"self":[{"href":"https:\/\/www.lesmerveillesdupacifique.com\/de\/wp-json\/wp\/v2\/pages\/2220"}],"collection":[{"href":"https:\/\/www.lesmerveillesdupacifique.com\/de\/wp-json\/wp\/v2\/pages"}],"about":[{"href":"https:\/\/www.lesmerveillesdupacifique.com\/de\/wp-json\/wp\/v2\/types\/page"}],"author":[{"embeddable":true,"href":"https:\/\/www.lesmerveillesdupacifique.com\/de\/wp-json\/wp\/v2\/users\/1"}],"replies":[{"embeddable":true,"href":"https:\/\/www.lesmerveillesdupacifique.com\/de\/wp-json\/wp\/v2\/comments?post=2220"}],"version-history":[{"count":0,"href":"https:\/\/www.lesmerveillesdupacifique.com\/de\/wp-json\/wp\/v2\/pages\/2220\/revisions"}],"wp:attachment":[{"href":"https:\/\/www.lesmerveillesdupacifique.com\/de\/wp-json\/wp\/v2\/media?parent=2220"}],"curies":[{"name":"wp","href":"https:\/\/api.w.org\/{rel}","templated":true}]}}