{"id":18,"date":"2018-03-30T09:22:30","date_gmt":"2018-03-30T07:22:30","guid":{"rendered":"http:\/\/www.lesmerveillesdupacifique.com\/prod\/?page_id=18"},"modified":"2020-12-01T16:38:46","modified_gmt":"2020-12-01T15:38:46","slug":"mentions-legales","status":"publish","type":"page","link":"https:\/\/www.lesmerveillesdupacifique.com\/de\/mentions-legales\/","title":{"rendered":"Gesetzliche Hinweise"},"content":{"rendered":"<p>[vc_section][vc_row][vc_column][vc_column_text]<\/p>\n<h2>Mentions l\u00e9gales<\/h2>\n<p><strong>Identification<\/strong><\/p>\n<p>LES MERVEILLES DU PACIFIQUE<br \/>\nSiret: XXX dont le si\u00e8ge social est sis 7 rue R\u00e9aumur &#8211; 75003 Paris &#8211;\u00a0France<br \/>\nRepr\u00e9sent\u00e9e par Mr Mehdi ABDELLAOUI.<\/p>\n<p><strong>Directeur de la publication:<\/strong><\/p>\n<p>Nom : Mr Mehdi ABDELLAOUI<\/p>\n<p><strong>Contact de l\u2019h\u00e9bergeur :\u00a0<em>OVH<\/em><\/strong><\/p>\n<p>OVH \u2013 2 Rue Kellermann 59100 Roubaix 1007<\/p>\n<p>NB : L\u2019article 6, I, 4\u00b0 de la loi 2004-575 du 21 juin 2004 dispose :<br \/>\n<em>\u201cLe fait, pour toute personne, de pr\u00e9senter \u00e0 l\u2019h\u00e9bergeur du site un contenu ou une activit\u00e9 comme \u00e9tant illicite dans le but d\u2019en obtenir le retrait ou d\u2019en faire cesser la diffusion, alors qu\u2019elle sait cette information inexacte, est puni d\u2019une peine d\u2019un an d\u2019emprisonnement et de 15 000 euros d\u2019amende.\u201d<\/em><\/p>\n<p><strong>Propri\u00e9t\u00e9 intellectuelle de lesmerveillesdupacifique.com :<\/strong><\/p>\n<p>Le<strong>\u00a0<\/strong>site \u201clesmerveillesdupacifique.com\u201d est prot\u00e9g\u00e9 par les droits sur la propri\u00e9t\u00e9 intellectuelle. Toute copie, m\u00eame partielle (texte ou photo) de quelques \u00e9l\u00e9ments que ce soit est strictement interdite sans l\u2019accord pr\u00e9alable du responsable du site.[\/vc_column_text][\/vc_column][\/vc_row][\/vc_section]<\/p>","protected":false},"excerpt":{"rendered":"<p>[vc_section][vc_row][vc_column][vc_column_text] Mentions l\u00e9gales Identification LES MERVEILLES DU PACIFIQUE Siret: XXX dont le si\u00e8ge social est sis 7 rue R\u00e9aumur &#8211; 75003 Paris &#8211;\u00a0France Repr\u00e9sent\u00e9e par Mr Mehdi ABDELLAOUI. Directeur de&hellip;<\/p>\n","protected":false},"author":1,"featured_media":0,"parent":0,"menu_order":10,"comment_status":"closed","ping_status":"closed","template":"","meta":{"_mi_skip_tracking":false},"yoast_head":"<!-- This site is optimized with the Yoast SEO plugin v18.3 - https:\/\/yoast.com\/wordpress\/plugins\/seo\/ -->\n<title>Gesetzliche Hinweise - Les Merveilles du Pacifique<\/title>\n<meta name=\"robots\" content=\"index, follow, max-snippet:-1, max-image-preview:large, max-video-preview:-1\" \/>\n<link rel=\"canonical\" href=\"https:\/\/www.lesmerveillesdupacifique.com\/de\/mentions-legales\/\" \/>\n<meta property=\"og:locale\" content=\"de_DE\" \/>\n<meta property=\"og:type\" content=\"article\" \/>\n<meta property=\"og:title\" content=\"Gesetzliche Hinweise - Les Merveilles du Pacifique\" \/>\n<meta property=\"og:description\" content=\"[vc_section][vc_row][vc_column][vc_column_text] Mentions l\u00e9gales Identification LES MERVEILLES DU PACIFIQUE Siret: XXX dont le si\u00e8ge social est sis 7 rue R\u00e9aumur &#8211; 75003 Paris &#8211;\u00a0France Repr\u00e9sent\u00e9e par Mr Mehdi ABDELLAOUI. Directeur de&hellip;\" \/>\n<meta property=\"og:url\" content=\"https:\/\/www.lesmerveillesdupacifique.com\/mentions-legales\/\" \/>\n<meta property=\"og:site_name\" content=\"Les Merveilles du Pacifique\" \/>\n<meta property=\"article:modified_time\" content=\"2020-12-01T15:38:46+00:00\" \/>\n<meta name=\"twitter:card\" content=\"summary_large_image\" \/>\n<meta name=\"twitter:label1\" content=\"Gesch\u00e4tzte Lesezeit\" \/>\n\t<meta name=\"twitter:data1\" content=\"5\u00a0Minuten\" \/>\n<script type=\"application\/ld+json\" class=\"yoast-schema-graph\">{\"@context\":\"https:\/\/schema.org\",\"@graph\":[{\"@type\":\"WebSite\",\"@id\":\"https:\/\/www.lesmerveillesdupacifique.com\/fr\/#website\",\"url\":\"https:\/\/www.lesmerveillesdupacifique.com\/fr\/\",\"name\":\"Les Merveilles du Pacifique\",\"description\":\"Perles de culture de Tahiti\",\"potentialAction\":[{\"@type\":\"SearchAction\",\"target\":{\"@type\":\"EntryPoint\",\"urlTemplate\":\"https:\/\/www.lesmerveillesdupacifique.com\/fr\/?s={search_term_string}\"},\"query-input\":\"required name=search_term_string\"}],\"inLanguage\":\"de\"},{\"@type\":\"WebPage\",\"@id\":\"https:\/\/www.lesmerveillesdupacifique.com\/mentions-legales\/#webpage\",\"url\":\"https:\/\/www.lesmerveillesdupacifique.com\/mentions-legales\/\",\"name\":\"Gesetzliche Hinweise - Les Merveilles du Pacifique\",\"isPartOf\":{\"@id\":\"https:\/\/www.lesmerveillesdupacifique.com\/fr\/#website\"},\"datePublished\":\"2018-03-30T07:22:30+00:00\",\"dateModified\":\"2020-12-01T15:38:46+00:00\",\"breadcrumb\":{\"@id\":\"https:\/\/www.lesmerveillesdupacifique.com\/mentions-legales\/#breadcrumb\"},\"inLanguage\":\"de\",\"potentialAction\":[{\"@type\":\"ReadAction\",\"target\":[\"https:\/\/www.lesmerveillesdupacifique.com\/mentions-legales\/\"]}]},{\"@type\":\"BreadcrumbList\",\"@id\":\"https:\/\/www.lesmerveillesdupacifique.com\/mentions-legales\/#breadcrumb\",\"itemListElement\":[{\"@type\":\"ListItem\",\"position\":1,\"name\":\"Accueil\",\"item\":\"https:\/\/www.lesmerveillesdupacifique.com\/\"},{\"@type\":\"ListItem\",\"position\":2,\"name\":\"Mentions l\u00e9gales\"}]}]}<\/script>\n<!-- \/ Yoast SEO plugin. -->","yoast_head_json":{"title":"Gesetzliche Hinweise - Les Merveilles du Pacifique","robots":{"index":"index","follow":"follow","max-snippet":"max-snippet:-1","max-image-preview":"max-image-preview:large","max-video-preview":"max-video-preview:-1"},"canonical":"https:\/\/www.lesmerveillesdupacifique.com\/de\/mentions-legales\/","og_locale":"de_DE","og_type":"article","og_title":"Gesetzliche Hinweise - Les Merveilles du Pacifique","og_description":"[vc_section][vc_row][vc_column][vc_column_text] Mentions l\u00e9gales Identification LES MERVEILLES DU PACIFIQUE Siret: XXX dont le si\u00e8ge social est sis 7 rue R\u00e9aumur &#8211; 75003 Paris &#8211;\u00a0France Repr\u00e9sent\u00e9e par Mr Mehdi ABDELLAOUI. Directeur de&hellip;","og_url":"https:\/\/www.lesmerveillesdupacifique.com\/mentions-legales\/","og_site_name":"Les Merveilles du Pacifique","article_modified_time":"2020-12-01T15:38:46+00:00","twitter_card":"summary_large_image","twitter_misc":{"Gesch\u00e4tzte Lesezeit":"5\u00a0Minuten"},"schema":{"@context":"https:\/\/schema.org","@graph":[{"@type":"WebSite","@id":"https:\/\/www.lesmerveillesdupacifique.com\/fr\/#website","url":"https:\/\/www.lesmerveillesdupacifique.com\/fr\/","name":"Les Merveilles du Pacifique","description":"Perles de culture de Tahiti","potentialAction":[{"@type":"SearchAction","target":{"@type":"EntryPoint","urlTemplate":"https:\/\/www.lesmerveillesdupacifique.com\/fr\/?s={search_term_string}"},"query-input":"required name=search_term_string"}],"inLanguage":"de"},{"@type":"WebPage","@id":"https:\/\/www.lesmerveillesdupacifique.com\/mentions-legales\/#webpage","url":"https:\/\/www.lesmerveillesdupacifique.com\/mentions-legales\/","name":"Gesetzliche Hinweise - Les Merveilles du Pacifique","isPartOf":{"@id":"https:\/\/www.lesmerveillesdupacifique.com\/fr\/#website"},"datePublished":"2018-03-30T07:22:30+00:00","dateModified":"2020-12-01T15:38:46+00:00","breadcrumb":{"@id":"https:\/\/www.lesmerveillesdupacifique.com\/mentions-legales\/#breadcrumb"},"inLanguage":"de","potentialAction":[{"@type":"ReadAction","target":["https:\/\/www.lesmerveillesdupacifique.com\/mentions-legales\/"]}]},{"@type":"BreadcrumbList","@id":"https:\/\/www.lesmerveillesdupacifique.com\/mentions-legales\/#breadcrumb","itemListElement":[{"@type":"ListItem","position":1,"name":"Accueil","item":"https:\/\/www.lesmerveillesdupacifique.com\/"},{"@type":"ListItem","position":2,"name":"Mentions l\u00e9gales"}]}]}},"acf":[],"_links":{"self":[{"href":"https:\/\/www.lesmerveillesdupacifique.com\/de\/wp-json\/wp\/v2\/pages\/18"}],"collection":[{"href":"https:\/\/www.lesmerveillesdupacifique.com\/de\/wp-json\/wp\/v2\/pages"}],"about":[{"href":"https:\/\/www.lesmerveillesdupacifique.com\/de\/wp-json\/wp\/v2\/types\/page"}],"author":[{"embeddable":true,"href":"https:\/\/www.lesmerveillesdupacifique.com\/de\/wp-json\/wp\/v2\/users\/1"}],"replies":[{"embeddable":true,"href":"https:\/\/www.lesmerveillesdupacifique.com\/de\/wp-json\/wp\/v2\/comments?post=18"}],"version-history":[{"count":0,"href":"https:\/\/www.lesmerveillesdupacifique.com\/de\/wp-json\/wp\/v2\/pages\/18\/revisions"}],"wp:attachment":[{"href":"https:\/\/www.lesmerveillesdupacifique.com\/de\/wp-json\/wp\/v2\/media?parent=18"}],"curies":[{"name":"wp","href":"https:\/\/api.w.org\/{rel}","templated":true}]}}