{"id":1463,"date":"2019-03-12T16:46:13","date_gmt":"2019-03-12T15:46:13","guid":{"rendered":"http:\/\/www.lesmerveillesdupacifique.com\/prod\/?page_id=1463"},"modified":"2025-04-14T11:57:45","modified_gmt":"2025-04-14T09:57:45","slug":"lot-de-perles","status":"publish","type":"page","link":"https:\/\/www.lesmerveillesdupacifique.com\/de\/lot-de-perles\/","title":{"rendered":"Perlenlos"},"content":{"rendered":"<p>[vc_section][vc_row css=&#8220;.vc_custom_1589889524031{background-color: #f5f5f5 !important;}&#8220; el_class=&#8220;int-box&#8220;][vc_column][vc_column_text]<\/p>\n<h1 style=\"text-align: center;\">Perlenlos<\/h1>\n<p>[\/vc_column_text][vc_column_text]<\/p>\n<p style=\"text-align: center;\">Wir verkaufen alle Arten von Tahiti-Zuchtperlen und -Keshis im Los.<\/p>\n<p style=\"text-align: center;\">\u2013 Perlenformen: rund, tropfenf\u00f6rmig, halbbarock, geringelt, Keshi.<br \/>\n\u2013 Gr\u00f6\u00dfe: 8 bis 16 mm f\u00fcr die Perlen und 1 bis 13 mm f\u00fcr die Keshis<br \/>\n\u2013 Alle Farben<br \/>\n\u2013 Qualit\u00e4tsmerkmale: A \/ B \/ C<\/p>\n<p style=\"text-align: center;\">Sie k\u00f6nnen sich bei Anfragen jederzeit \u00fcber das Kontaktformular auf unserer Website oder per E-Mail an contact@lesmerveillesdupacifique.com mit uns in Verbindung setzen.<\/p>\n<p>[\/vc_column_text][\/vc_column][\/vc_row][\/vc_section]<\/p>","protected":false},"excerpt":{"rendered":"<p>[vc_section][vc_row css=&#8220;.vc_custom_1589889524031{background-color: #f5f5f5 !important;}&#8220; el_class=&#8220;int-box&#8220;][vc_column][vc_column_text] Perlenlos [\/vc_column_text][vc_column_text] Wir verkaufen alle Arten von Tahiti-Zuchtperlen und -Keshis im Los. \u2013 Perlenformen: rund, tropfenf\u00f6rmig, halbbarock, geringelt, Keshi. \u2013 Gr\u00f6\u00dfe: 8 bis 16 mm&hellip;<\/p>\n","protected":false},"author":1,"featured_media":0,"parent":0,"menu_order":4,"comment_status":"closed","ping_status":"closed","template":"","meta":{"_mi_skip_tracking":false},"yoast_head":"<!-- This site is optimized with the Yoast SEO plugin v18.3 - https:\/\/yoast.com\/wordpress\/plugins\/seo\/ -->\n<title>Lots de perles de Tahiti et de Keshis - Les Merveilles du Pacifique<\/title>\n<meta name=\"description\" content=\"D\u00e9couvrez nos lots de perles de Tahiti et de keshis, s\u00e9lectionn\u00e9s pour leur \u00e9clat naturel et leurs nuances uniques. Id\u00e9al pour la cr\u00e9ation de bijoux sur mesure.\" \/>\n<meta name=\"robots\" content=\"index, follow, max-snippet:-1, max-image-preview:large, max-video-preview:-1\" \/>\n<link rel=\"canonical\" href=\"https:\/\/www.lesmerveillesdupacifique.com\/de\/lot-de-perles\/\" \/>\n<meta property=\"og:locale\" content=\"de_DE\" \/>\n<meta property=\"og:type\" content=\"article\" \/>\n<meta property=\"og:title\" content=\"Lots de perles de Tahiti et de Keshis - Les Merveilles du Pacifique\" \/>\n<meta property=\"og:description\" content=\"D\u00e9couvrez nos lots de perles de Tahiti et de keshis, s\u00e9lectionn\u00e9s pour leur \u00e9clat naturel et leurs nuances uniques. Id\u00e9al pour la cr\u00e9ation de bijoux sur mesure.\" \/>\n<meta property=\"og:url\" content=\"https:\/\/www.lesmerveillesdupacifique.com\/lot-de-perles\/\" \/>\n<meta property=\"og:site_name\" content=\"Les Merveilles du Pacifique\" \/>\n<meta property=\"article:modified_time\" content=\"2025-04-14T09:57:45+00:00\" \/>\n<meta name=\"twitter:card\" content=\"summary_large_image\" \/>\n<meta name=\"twitter:label1\" content=\"Gesch\u00e4tzte Lesezeit\" \/>\n\t<meta name=\"twitter:data1\" content=\"3\u00a0Minuten\" \/>\n<script type=\"application\/ld+json\" class=\"yoast-schema-graph\">{\"@context\":\"https:\/\/schema.org\",\"@graph\":[{\"@type\":\"WebSite\",\"@id\":\"https:\/\/www.lesmerveillesdupacifique.com\/fr\/#website\",\"url\":\"https:\/\/www.lesmerveillesdupacifique.com\/fr\/\",\"name\":\"Les Merveilles du Pacifique\",\"description\":\"Perles de culture de Tahiti\",\"potentialAction\":[{\"@type\":\"SearchAction\",\"target\":{\"@type\":\"EntryPoint\",\"urlTemplate\":\"https:\/\/www.lesmerveillesdupacifique.com\/fr\/?s={search_term_string}\"},\"query-input\":\"required name=search_term_string\"}],\"inLanguage\":\"de\"},{\"@type\":\"WebPage\",\"@id\":\"https:\/\/www.lesmerveillesdupacifique.com\/lot-de-perles\/#webpage\",\"url\":\"https:\/\/www.lesmerveillesdupacifique.com\/lot-de-perles\/\",\"name\":\"Lots de perles de Tahiti et de Keshis - Les Merveilles du Pacifique\",\"isPartOf\":{\"@id\":\"https:\/\/www.lesmerveillesdupacifique.com\/fr\/#website\"},\"datePublished\":\"2019-03-12T15:46:13+00:00\",\"dateModified\":\"2025-04-14T09:57:45+00:00\",\"description\":\"D\u00e9couvrez nos lots de perles de Tahiti et de keshis, s\u00e9lectionn\u00e9s pour leur \u00e9clat naturel et leurs nuances uniques. Id\u00e9al pour la cr\u00e9ation de bijoux sur mesure.\",\"breadcrumb\":{\"@id\":\"https:\/\/www.lesmerveillesdupacifique.com\/lot-de-perles\/#breadcrumb\"},\"inLanguage\":\"de\",\"potentialAction\":[{\"@type\":\"ReadAction\",\"target\":[\"https:\/\/www.lesmerveillesdupacifique.com\/lot-de-perles\/\"]}]},{\"@type\":\"BreadcrumbList\",\"@id\":\"https:\/\/www.lesmerveillesdupacifique.com\/lot-de-perles\/#breadcrumb\",\"itemListElement\":[{\"@type\":\"ListItem\",\"position\":1,\"name\":\"Accueil\",\"item\":\"https:\/\/www.lesmerveillesdupacifique.com\/\"},{\"@type\":\"ListItem\",\"position\":2,\"name\":\"Lots de perles\"}]}]}<\/script>\n<!-- \/ Yoast SEO plugin. -->","yoast_head_json":{"title":"Lots de perles de Tahiti et de Keshis - Les Merveilles du Pacifique","description":"D\u00e9couvrez nos lots de perles de Tahiti et de keshis, s\u00e9lectionn\u00e9s pour leur \u00e9clat naturel et leurs nuances uniques. Id\u00e9al pour la cr\u00e9ation de bijoux sur mesure.","robots":{"index":"index","follow":"follow","max-snippet":"max-snippet:-1","max-image-preview":"max-image-preview:large","max-video-preview":"max-video-preview:-1"},"canonical":"https:\/\/www.lesmerveillesdupacifique.com\/de\/lot-de-perles\/","og_locale":"de_DE","og_type":"article","og_title":"Lots de perles de Tahiti et de Keshis - Les Merveilles du Pacifique","og_description":"D\u00e9couvrez nos lots de perles de Tahiti et de keshis, s\u00e9lectionn\u00e9s pour leur \u00e9clat naturel et leurs nuances uniques. Id\u00e9al pour la cr\u00e9ation de bijoux sur mesure.","og_url":"https:\/\/www.lesmerveillesdupacifique.com\/lot-de-perles\/","og_site_name":"Les Merveilles du Pacifique","article_modified_time":"2025-04-14T09:57:45+00:00","twitter_card":"summary_large_image","twitter_misc":{"Gesch\u00e4tzte Lesezeit":"3\u00a0Minuten"},"schema":{"@context":"https:\/\/schema.org","@graph":[{"@type":"WebSite","@id":"https:\/\/www.lesmerveillesdupacifique.com\/fr\/#website","url":"https:\/\/www.lesmerveillesdupacifique.com\/fr\/","name":"Les Merveilles du Pacifique","description":"Perles de culture de Tahiti","potentialAction":[{"@type":"SearchAction","target":{"@type":"EntryPoint","urlTemplate":"https:\/\/www.lesmerveillesdupacifique.com\/fr\/?s={search_term_string}"},"query-input":"required name=search_term_string"}],"inLanguage":"de"},{"@type":"WebPage","@id":"https:\/\/www.lesmerveillesdupacifique.com\/lot-de-perles\/#webpage","url":"https:\/\/www.lesmerveillesdupacifique.com\/lot-de-perles\/","name":"Lots de perles de Tahiti et de Keshis - Les Merveilles du Pacifique","isPartOf":{"@id":"https:\/\/www.lesmerveillesdupacifique.com\/fr\/#website"},"datePublished":"2019-03-12T15:46:13+00:00","dateModified":"2025-04-14T09:57:45+00:00","description":"D\u00e9couvrez nos lots de perles de Tahiti et de keshis, s\u00e9lectionn\u00e9s pour leur \u00e9clat naturel et leurs nuances uniques. Id\u00e9al pour la cr\u00e9ation de bijoux sur mesure.","breadcrumb":{"@id":"https:\/\/www.lesmerveillesdupacifique.com\/lot-de-perles\/#breadcrumb"},"inLanguage":"de","potentialAction":[{"@type":"ReadAction","target":["https:\/\/www.lesmerveillesdupacifique.com\/lot-de-perles\/"]}]},{"@type":"BreadcrumbList","@id":"https:\/\/www.lesmerveillesdupacifique.com\/lot-de-perles\/#breadcrumb","itemListElement":[{"@type":"ListItem","position":1,"name":"Accueil","item":"https:\/\/www.lesmerveillesdupacifique.com\/"},{"@type":"ListItem","position":2,"name":"Lots de perles"}]}]}},"acf":[],"_links":{"self":[{"href":"https:\/\/www.lesmerveillesdupacifique.com\/de\/wp-json\/wp\/v2\/pages\/1463"}],"collection":[{"href":"https:\/\/www.lesmerveillesdupacifique.com\/de\/wp-json\/wp\/v2\/pages"}],"about":[{"href":"https:\/\/www.lesmerveillesdupacifique.com\/de\/wp-json\/wp\/v2\/types\/page"}],"author":[{"embeddable":true,"href":"https:\/\/www.lesmerveillesdupacifique.com\/de\/wp-json\/wp\/v2\/users\/1"}],"replies":[{"embeddable":true,"href":"https:\/\/www.lesmerveillesdupacifique.com\/de\/wp-json\/wp\/v2\/comments?post=1463"}],"version-history":[{"count":1,"href":"https:\/\/www.lesmerveillesdupacifique.com\/de\/wp-json\/wp\/v2\/pages\/1463\/revisions"}],"predecessor-version":[{"id":4309,"href":"https:\/\/www.lesmerveillesdupacifique.com\/de\/wp-json\/wp\/v2\/pages\/1463\/revisions\/4309"}],"wp:attachment":[{"href":"https:\/\/www.lesmerveillesdupacifique.com\/de\/wp-json\/wp\/v2\/media?parent=1463"}],"curies":[{"name":"wp","href":"https:\/\/api.w.org\/{rel}","templated":true}]}}